{"id":1103,"date":"2014-09-09T20:40:54","date_gmt":"2014-09-09T20:40:54","guid":{"rendered":"http:\/\/www.sv-saupsdorf.de\/?page_id=1103"},"modified":"2021-03-27T09:20:42","modified_gmt":"2021-03-27T09:20:42","slug":"2-pokal-ko-runde","status":"publish","type":"page","link":"https:\/\/www.sv-saupsdorf.de\/?page_id=1103","title":{"rendered":"2. Pokal KO-Runde"},"content":{"rendered":"<p><strong>2. Kreispokal KO &#8211; Runde<\/strong><\/p>\n<p><strong>SV Saupsdorf  \u2013  SV Bannewitz 2.              2 : 5  (1 : 1) <\/strong><\/p>\n<p>In der 2.Pokal-KO Runde war die 2. Mannschaft des SV Bannewitz zu Gast. Zu Beginn tasteten sich beide Mannschaften etwas ab und richtig Fahrt nahm das Spiel in der 20. Minute auf. Reichelt bedient, mit einem herrlichen Pass in die Tiefe,  Frenzel und er kann aus 10 Metern flach zum 1:0 vollenden. 10 Minuten sp\u00e4ter konnten die G\u00e4ste per Freisto\u00df hoch in den Strafraum gezogen und Treffer per Fu\u00df ausgleichen zum 1:1, dies war auch der Pausenstand.<br \/>\n2 Minuten nach dem Wechsel erh\u00f6hten die G\u00e4ste auf 1:2, nachdem sie sich \u00fcber links durchspielten und flach in den Strafraum spielten und der Bannewitzer nur noch den Fu\u00df hinhalten musste. In der 66. Minute war es erneut Frenzel, der nach Vorarbeit von D\u00fcffort, sein zweites Tor erzielen konnte. Der Jubel war noch nicht richtig verklungen, da schepperte es erneut im Saupsdorfer Kasten, nach einem Schuss au 18 Metern unter die Latte. In der 75. Minute gab es aus dem Mittelfeld einen krassen R\u00fcckpass, den die G\u00e4ste eiskalt zum 2:4 nutzten und in der 89. Minute setzten sie den Schlusspunkt, nach einem Lattenschuss aus 17 Metern reagierten die G\u00e4ste schneller und schoben zum 2:5 ein.<br \/>\nSaupsdorf war keineswegs klar unterlegen, wie es der Spielstand aufzeigt, nein man hatte gute Chancen um nicht  verlieren zu m\u00fcssen, nutzte diese aber leider nicht und H\u00e4ntzschel im Kasten des SVS entsch\u00e4rfte noch gute M\u00f6glichkeiten der Bannewitzer. Saupsdorf leistete sich zu viele Fehler im eigenen Spielaufbau  und Zusammenspiel der Mannschaftsteile untereinander und dies nutzten die G\u00e4ste gnadenlos aus. Der SVS muss sich jetzt die volle Konzentration auf die Saisonspiele in der Liga richten und da hat man am kommenden Samstag die M\u00f6glichkeit die l\u00e4ngst \u00fcberf\u00e4lligen 3 Punkte vor heimischem Publikum einzufahren.<\/p>\n<p><strong>Der SV Saupsdorf spielte mit: <\/strong><br \/>\nM. H\u00e4ntzschel, J. Hesse, S. Prosche-Willmuth, R. M\u00fcller (ab 86. J. Adam), R. Reichelt, K.Frenzel                                                                           D. Ehrlichmann, P. Grandl (ab 80. S. Kutzner, P. D\u00fcffort, M. Schiekel (ab 65. C. Starke)<\/p>\n","protected":false},"excerpt":{"rendered":"<p>2. Kreispokal KO &#8211; Runde SV Saupsdorf \u2013 SV Bannewitz 2. 2 : 5 (1 : 1) In der 2.Pokal-KO Runde war die 2. Mannschaft des SV Bannewitz zu Gast. Zu Beginn tasteten sich beide Mannschaften etwas ab und richtig Fahrt nahm das Spiel in der 20. Minute auf. Reichelt bedient, mit einem herrlichen Pass [&hellip;]<\/p>\n","protected":false},"author":1,"featured_media":0,"parent":1094,"menu_order":2,"comment_status":"closed","ping_status":"open","template":"","meta":{"footnotes":""},"class_list":["post-1103","page","type-page","status-publish","hentry"],"_links":{"self":[{"href":"https:\/\/www.sv-saupsdorf.de\/index.php?rest_route=\/wp\/v2\/pages\/1103","targetHints":{"allow":["GET"]}}],"collection":[{"href":"https:\/\/www.sv-saupsdorf.de\/index.php?rest_route=\/wp\/v2\/pages"}],"about":[{"href":"https:\/\/www.sv-saupsdorf.de\/index.php?rest_route=\/wp\/v2\/types\/page"}],"author":[{"embeddable":true,"href":"https:\/\/www.sv-saupsdorf.de\/index.php?rest_route=\/wp\/v2\/users\/1"}],"replies":[{"embeddable":true,"href":"https:\/\/www.sv-saupsdorf.de\/index.php?rest_route=%2Fwp%2Fv2%2Fcomments&post=1103"}],"version-history":[{"count":0,"href":"https:\/\/www.sv-saupsdorf.de\/index.php?rest_route=\/wp\/v2\/pages\/1103\/revisions"}],"up":[{"embeddable":true,"href":"https:\/\/www.sv-saupsdorf.de\/index.php?rest_route=\/wp\/v2\/pages\/1094"}],"wp:attachment":[{"href":"https:\/\/www.sv-saupsdorf.de\/index.php?rest_route=%2Fwp%2Fv2%2Fmedia&parent=1103"}],"curies":[{"name":"wp","href":"https:\/\/api.w.org\/{rel}","templated":true}]}}