{"id":1153,"date":"2014-11-23T16:45:11","date_gmt":"2014-11-23T16:45:11","guid":{"rendered":"http:\/\/www.sv-saupsdorf.de\/?page_id=1153"},"modified":"2021-03-27T09:22:42","modified_gmt":"2021-03-27T09:22:42","slug":"11-punktspiel","status":"publish","type":"page","link":"https:\/\/www.sv-saupsdorf.de\/?page_id=1153","title":{"rendered":"11. Punktspiel"},"content":{"rendered":"<p><strong>11. Punktspiel<\/strong><\/p>\n<p><strong>SG Sch\u00f6nfeld 2. \u2013  SV Saupsdorf            2 : 5  (1 : 1) <\/strong><\/p>\n<p>Ein herzliches Dankesch\u00f6n, geht an die SG Sch\u00f6nfeld, die unkompliziert einem Spieltausch zusagte und wir somit dieses Spiel zuerst auf des Gegners Platz spielen konnten.<br \/>\nSaupsdorf begann couragiert das Spiel und nachdem Prosche-Willmuth einen Abschlag der Gastgeber abfing und Schiekel gut anspielte, leitete er den Ball direkt weiter  und Frenzel konnte schon in der 6. Minute das 0:1 erzielen. Sch\u00f6nfeld steckte aber das Gegentor gut weg und kam immer besser in die Partie. Saupsdorf fand keinen richtigen Zugriff mehr und so nutzte das der Gastgeber in der 20. Minute zum Ausgleich nach einem Eckball. Es gab danach auf beiden Seiten gute Ans\u00e4tze um zum Torerfolg zu kommen, die aber nichts einbrachten. Nach dem Pausentee hatte Sch\u00f6nfeld den besseren Beginn und nutzte dies auch zum Torerfolg in der 50. Minute per Strafsto\u00df, nach vollkommen berechtigten Foulelfmeter, zum 2:1. Dadurch wachger\u00fcttelt, k\u00e4mpfte sich der SVS zur\u00fcck in die Partie und setzte den Gegner mehr und mehr unter Druck. Frenzel war es, der in der 65. Minute mit einem sch\u00f6nen Schuss  aus 11 Metern halb rechts zum Ausgleich traf, nach Vorlage von Schiekel. 6 Minuten sp\u00e4ter bediente Schlenkrich D\u00fcffort und dieser schoss ins lange Eck zum 2:3. In der 76. Minute erzielte dann Schlenkrich selbst, mit straffem Schuss aus 17 Metern, das 2:4. Den Schlusspunkt setzte dann Ehrlichmann in der 80. Minute, als er konsequent nach einem Freisto\u00df von Reichelt, nachsetzte und das 2:5 erzielen konnte. Es bleibt anzumerken, Saupsdorf kam mit Kampf zur\u00fcck und drehte das Spiel und genauso wie die zweite Halbzeit gestaltet wurde, muss beim n\u00e4chsten Gegner, Lohmen 2., das gesamte Spiel gefightet und gek\u00e4mpft werden, um wichtige Punkte zu erk\u00e4mpfen.<\/p>\n<p><strong>Der SV Saupsdorf spielte mit: <\/strong><br \/>\nM. H\u00e4ntzschel, J. Hesse, S. Prosche-Willmuth(ab 74. M. Sch\u00e4fer), R. M\u00fcller, R. Reichelt, ,<br \/>\nK. Frenzel (ab 86. J. Adam), D. Ehrlichmann, M. Hensel, R. Schlenkrich P. D\u00fcffort, M. Schiekel<\/p>\n","protected":false},"excerpt":{"rendered":"<p>11. Punktspiel SG Sch\u00f6nfeld 2. \u2013 SV Saupsdorf 2 : 5 (1 : 1) Ein herzliches Dankesch\u00f6n, geht an die SG Sch\u00f6nfeld, die unkompliziert einem Spieltausch zusagte und wir somit dieses Spiel zuerst auf des Gegners Platz spielen konnten. Saupsdorf begann couragiert das Spiel und nachdem Prosche-Willmuth einen Abschlag der Gastgeber abfing und Schiekel gut [&hellip;]<\/p>\n","protected":false},"author":1,"featured_media":0,"parent":1095,"menu_order":11,"comment_status":"closed","ping_status":"open","template":"","meta":{"footnotes":""},"class_list":["post-1153","page","type-page","status-publish","hentry"],"_links":{"self":[{"href":"https:\/\/www.sv-saupsdorf.de\/index.php?rest_route=\/wp\/v2\/pages\/1153","targetHints":{"allow":["GET"]}}],"collection":[{"href":"https:\/\/www.sv-saupsdorf.de\/index.php?rest_route=\/wp\/v2\/pages"}],"about":[{"href":"https:\/\/www.sv-saupsdorf.de\/index.php?rest_route=\/wp\/v2\/types\/page"}],"author":[{"embeddable":true,"href":"https:\/\/www.sv-saupsdorf.de\/index.php?rest_route=\/wp\/v2\/users\/1"}],"replies":[{"embeddable":true,"href":"https:\/\/www.sv-saupsdorf.de\/index.php?rest_route=%2Fwp%2Fv2%2Fcomments&post=1153"}],"version-history":[{"count":0,"href":"https:\/\/www.sv-saupsdorf.de\/index.php?rest_route=\/wp\/v2\/pages\/1153\/revisions"}],"up":[{"embeddable":true,"href":"https:\/\/www.sv-saupsdorf.de\/index.php?rest_route=\/wp\/v2\/pages\/1095"}],"wp:attachment":[{"href":"https:\/\/www.sv-saupsdorf.de\/index.php?rest_route=%2Fwp%2Fv2%2Fmedia&parent=1153"}],"curies":[{"name":"wp","href":"https:\/\/api.w.org\/{rel}","templated":true}]}}