{"id":1315,"date":"2015-10-25T10:22:18","date_gmt":"2015-10-25T10:22:18","guid":{"rendered":"http:\/\/www.sv-saupsdorf.de\/?page_id=1315"},"modified":"2021-03-27T09:29:04","modified_gmt":"2021-03-27T09:29:04","slug":"7-punktspiel","status":"publish","type":"page","link":"https:\/\/www.sv-saupsdorf.de\/?page_id=1315","title":{"rendered":"7. Punktspiel"},"content":{"rendered":"<p><strong>7. Punktspiel<\/strong><\/p>\n<p><strong><br \/>\n<\/strong><strong>SV Saupsdorf \u2013 SV Struppen        3 : 2  (2 : 2)<\/strong><\/p>\n<p>Zum Spitzenspiel in der Liga, empfing der SVS den SV Struppen, vor 65 Zuschauern im Hinterhermsdorfer Birkenwaldstadion. Danke an den SV 97 Hinterhermsdorf f\u00fcr seine Gastfreundschaft und tolle Betreuung der G\u00e4ste und Fans im Stadion. Es sollte das erwartete k\u00e4mpferische Spiel werden, wobei beide Seiten sich nichts schenkten. Nach dem Abtasten in der Anfangsphase, nahm die Partie richtig Fahrt auf. In der 14. Minute konnten die G\u00e4ste, beg\u00fcnstigt durch falsches Stellungsspiel der Gastgeber in der Abwehr, durch Mei\u00dfner das 0:1 erzielen. Saupsdorf steckte dies aber gut weg und spielte weiter ruhig und konzentriert sein Konzept weiter und belohnte sich in der 34. Minute mit dem Ausgleich durch Schiekel aus 14 Metern ins untere rechte Toreck. 4 Minuten sp\u00e4ter, mit dem wohl sch\u00f6nsten herausgespielten Spielzug des gesamten Spiels, setzte sich D\u00fcffort \u00fcber die rechte Seite durch und spielte von der Grundlinie den Ball zur\u00fcck auf Maetze, der diesen unhaltbar flach ins linke Toreck, zum 2:1 schoss. In der 44. Spielminute bekamen die G\u00e4ste einen berechtigten Foulelfmeter, den sie sicher durch Harzbecker zum 2:2 verwandelten, dies war dann auch der Halbzeitstand.<br \/>\nNach dem Pausentee merkte man, dass der SVS unbedingt den Sieg wollte, sie erarbeiteten sich gute Chancen und die Struppener verlegten sich nur noch auf Konter, die aber am guten Sturm im Saupsdorfer Kasten scheiterten oder \u00fcberhastet vergeben wurden. In der 70. Minute flankte Frenzel den Freisto\u00dfball von der linken Ecke des Strafraumes gef\u00fchlvoll in den 16 er und Schlenkrich erzielte das 3:2 mit einen wuchtigen Kopfball. Saupsdorf bleibt damit weiter ohne Punktverlust und hatte das bessere Ende in einem Spiel, zweier Kontrahenten auf Augenh\u00f6he. Jetzt wartet mit Lohmen 2. der n\u00e4chste Gegner, der nicht zu untersch\u00e4tzen ist<br \/>\nund alles daran setzen wird, dem SVS die Punkte abzunehmen.<\/p>\n<p><strong>Der SV Saupsdorf spielte mit:<\/strong><br \/>\nM. Sturm, J. Hesse, S. Prosche-Willmuth, R. Reichelt, K. Frenzel (ab 78. D. Meintzschel), P. Grandl, P. D\u00fcffort,<br \/>\nM. Schiekel (ab 87. S. Kutzner), R. Schlenkrich, D. Maetze, D. Ehrlichmann (ab 67. P. Ru\u00dfig)<\/p>\n","protected":false},"excerpt":{"rendered":"<p>7. Punktspiel SV Saupsdorf \u2013 SV Struppen 3 : 2 (2 : 2) Zum Spitzenspiel in der Liga, empfing der SVS den SV Struppen, vor 65 Zuschauern im Hinterhermsdorfer Birkenwaldstadion. Danke an den SV 97 Hinterhermsdorf f\u00fcr seine Gastfreundschaft und tolle Betreuung der G\u00e4ste und Fans im Stadion. Es sollte das erwartete k\u00e4mpferische Spiel werden, [&hellip;]<\/p>\n","protected":false},"author":1,"featured_media":0,"parent":1244,"menu_order":7,"comment_status":"closed","ping_status":"open","template":"","meta":{"footnotes":""},"class_list":["post-1315","page","type-page","status-publish","hentry"],"_links":{"self":[{"href":"https:\/\/www.sv-saupsdorf.de\/index.php?rest_route=\/wp\/v2\/pages\/1315","targetHints":{"allow":["GET"]}}],"collection":[{"href":"https:\/\/www.sv-saupsdorf.de\/index.php?rest_route=\/wp\/v2\/pages"}],"about":[{"href":"https:\/\/www.sv-saupsdorf.de\/index.php?rest_route=\/wp\/v2\/types\/page"}],"author":[{"embeddable":true,"href":"https:\/\/www.sv-saupsdorf.de\/index.php?rest_route=\/wp\/v2\/users\/1"}],"replies":[{"embeddable":true,"href":"https:\/\/www.sv-saupsdorf.de\/index.php?rest_route=%2Fwp%2Fv2%2Fcomments&post=1315"}],"version-history":[{"count":0,"href":"https:\/\/www.sv-saupsdorf.de\/index.php?rest_route=\/wp\/v2\/pages\/1315\/revisions"}],"up":[{"embeddable":true,"href":"https:\/\/www.sv-saupsdorf.de\/index.php?rest_route=\/wp\/v2\/pages\/1244"}],"wp:attachment":[{"href":"https:\/\/www.sv-saupsdorf.de\/index.php?rest_route=%2Fwp%2Fv2%2Fmedia&parent=1315"}],"curies":[{"name":"wp","href":"https:\/\/api.w.org\/{rel}","templated":true}]}}