{"id":1324,"date":"2015-11-08T09:54:44","date_gmt":"2015-11-08T09:54:44","guid":{"rendered":"http:\/\/www.sv-saupsdorf.de\/?page_id=1324"},"modified":"2021-03-27T09:29:22","modified_gmt":"2021-03-27T09:29:22","slug":"9-punktspiel","status":"publish","type":"page","link":"https:\/\/www.sv-saupsdorf.de\/?page_id=1324","title":{"rendered":"9. Punktspiel"},"content":{"rendered":"<p><strong>9. Punktspiel<\/strong><\/p>\n<p><strong><br \/>\n<\/strong><strong>SV Saupsdorf\u2013 SpG Sachsen M\u00fcglitztal\/LSV Gorknitz 2.        3 : 0  (1 : 0)<\/strong><\/p>\n<p>Im vorletzten Heimspiel der Hinrunde, erwartete der SVS die Reserve der SpG M\u00fcglitztal\/Gorknitz 2.<br \/>\nDer bis dato Tabellenneunte machte es dem SVS in der ersten Halbzeit ziemlich schwer und so entwickelte sich ein umk\u00e4mpftes Spiel, ohne jegliche H\u00f6hepunkte auf beiden Seiten. In der 37. Spielminute setzte Frenzel einem langen Ball nach und wurde vom gegnerischen Torwart regelwidrig gestoppt. Den f\u00e4lligen Strafsto\u00df verwandelte D\u00fcffort schlitzohrig zum 1:0. Bis zur Pause passierte dann nichts Nennenswertes mehr in diesem Spiel.<\/p>\n<p>Nach dem Seitenwechsel spielte der SVS den etwas besseren Fu\u00dfball und setzte die G\u00e4ste mehr und mehr unter Druck. Nach einem guten Zuspiel von Reichelt in die Spitze auf Ehrlichmann, konnte dieser das Leder flach ins rechte Toreck aus 12 Metern zum 2:0 versenken. Den Deckel auf diese Partie machte Schiekel mit seinem gef\u00fchlvollen Freisto\u00df aus 17 Metern halb links, ins linke obere Toreck zum 3:0. Am Ende bleibt, wieder gewonnen aber nicht so souver\u00e4n und \u00fcberzeugend. N\u00e4chste Woche ist man bei der Reserve aus Reinhardtsdorf zu Gast und man sollte sich nicht von der Platzierung in der Tabelle leiten lassen und das Spiel zu \u00fcberheblich und l\u00e4ssig angehen, jeder Gegner ist ernst zu nehmen und jeder ist gegen den Spitzenreiter besonders motiviert, ihm die ersten Punkte abzunehmen !!<\/p>\n<p><strong>Der SV Saupsdorf spielte mit:<\/strong><br \/>\nM. H\u00e4ntzschel, J. Hesse (ab. 64. P. Grandl), D. Kunath, R. Schlenkrich, S. Kutzner, R. Reichelt, K. Frenzel,<br \/>\nD. Meintzschel (ab 81.J. Adam), P. D\u00fcffort (ab 81. R. M\u00fcller), M. Schiekel, D. Maetze, D. Ehrlichmann<\/p>\n","protected":false},"excerpt":{"rendered":"<p>9. Punktspiel SV Saupsdorf\u2013 SpG Sachsen M\u00fcglitztal\/LSV Gorknitz 2. 3 : 0 (1 : 0) Im vorletzten Heimspiel der Hinrunde, erwartete der SVS die Reserve der SpG M\u00fcglitztal\/Gorknitz 2. Der bis dato Tabellenneunte machte es dem SVS in der ersten Halbzeit ziemlich schwer und so entwickelte sich ein umk\u00e4mpftes Spiel, ohne jegliche H\u00f6hepunkte auf beiden [&hellip;]<\/p>\n","protected":false},"author":1,"featured_media":0,"parent":1244,"menu_order":9,"comment_status":"closed","ping_status":"open","template":"","meta":{"footnotes":""},"class_list":["post-1324","page","type-page","status-publish","hentry"],"_links":{"self":[{"href":"https:\/\/www.sv-saupsdorf.de\/index.php?rest_route=\/wp\/v2\/pages\/1324","targetHints":{"allow":["GET"]}}],"collection":[{"href":"https:\/\/www.sv-saupsdorf.de\/index.php?rest_route=\/wp\/v2\/pages"}],"about":[{"href":"https:\/\/www.sv-saupsdorf.de\/index.php?rest_route=\/wp\/v2\/types\/page"}],"author":[{"embeddable":true,"href":"https:\/\/www.sv-saupsdorf.de\/index.php?rest_route=\/wp\/v2\/users\/1"}],"replies":[{"embeddable":true,"href":"https:\/\/www.sv-saupsdorf.de\/index.php?rest_route=%2Fwp%2Fv2%2Fcomments&post=1324"}],"version-history":[{"count":0,"href":"https:\/\/www.sv-saupsdorf.de\/index.php?rest_route=\/wp\/v2\/pages\/1324\/revisions"}],"up":[{"embeddable":true,"href":"https:\/\/www.sv-saupsdorf.de\/index.php?rest_route=\/wp\/v2\/pages\/1244"}],"wp:attachment":[{"href":"https:\/\/www.sv-saupsdorf.de\/index.php?rest_route=%2Fwp%2Fv2%2Fmedia&parent=1324"}],"curies":[{"name":"wp","href":"https:\/\/api.w.org\/{rel}","templated":true}]}}