{"id":1385,"date":"2016-02-21T17:04:05","date_gmt":"2016-02-21T17:04:05","guid":{"rendered":"http:\/\/www.sv-saupsdorf.de\/?page_id=1385"},"modified":"2021-03-27T09:32:18","modified_gmt":"2021-03-27T09:32:18","slug":"testspiel","status":"publish","type":"page","link":"https:\/\/www.sv-saupsdorf.de\/?page_id=1385","title":{"rendered":"Testspiel"},"content":{"rendered":"<p><strong>Freundschaftsspiel<\/strong><\/p>\n<p><strong>SV Chemie Dohna 2.  \u2013  SV Saupsdorf      0 : 4  (0 : 1)<\/strong><\/p>\n<p>In Vorbereitung auf die R\u00fcckrunde der 1. Kreisklasse, absolvierte der SVS ein Testspiel bei der Reserve von Chemie Dohna. Nach einer kurzen Phase des Abtastens, setzte der SVS die ersten vielversprechenden Akzente. Schon in der 13. Spielminute konnte D\u00fcffort, nach einem schnell ausgef\u00fchrten Einwurf von links in den Strafraum, mit seinem Schuss aus  8 Metern das 0:1 erzielen. In der Folge war der SVS die Mannschaft mit den besseren Aktionen und Torm\u00f6glichkeiten. Man spielte sich noch ein paar hundertprozentige M\u00f6glichkeiten heraus, lies diese aber alle fahrl\u00e4ssig liegen. So blieb es beim schmeichelhaften  R\u00fcckstand f\u00fcr Dohna bis zur Pause.<br \/>\nNach dem Seitenwechsel verebbte das Spiel der Dohnaer immer mehr und mehr und der SVS war spiel\u00fcberlegen und musste seine M\u00f6glichkeiten nur noch in Tore umm\u00fcnzen. Diese fielen dann auch verdient in der 54. Minute durch Garandl, in der 67. Minute durch Ru\u00dfig und in der 90. Minute durch Frenzel. Dazwischen vergab der SVS aber auch einige gute M\u00f6glichkeiten, um zum Torerfolg zu kommen und der Gastgeber war mit dem 0:4 noch gut bedient, es h\u00e4tte auch 0:8 oder so \u00e4hnlich am Ende stehen k\u00f6nnen. Am Ende bleibt eine solide Leistung des SVS, der aber dieses Ergebnis keineswegs \u00fcberbewerten sollte, aber mit dem gezeigten Einsatz und der n\u00f6tigen Physis und Kampfeswillen, m\u00fcssten im ersten R\u00fcckrundenspiel ein paar Punkte zu holen sein.<\/p>\n<p><strong>Der SV Saupsdorf spielte mit: <\/strong><br \/>\nD. Ehrlichmann, M. Hensel  D. Kunath, S. Prosche-Willmuth, R. M\u00fcller, R. Schlenkrich (ab 46. M. Sch\u00e4fer), P. Grandl,<br \/>\nK. Frenzel, D. Maetze (ab 46. P. Ru\u00dfig), D. Meintzschel, P. D\u00fcffort<\/p>\n","protected":false},"excerpt":{"rendered":"<p>Freundschaftsspiel SV Chemie Dohna 2. \u2013 SV Saupsdorf 0 : 4 (0 : 1) In Vorbereitung auf die R\u00fcckrunde der 1. Kreisklasse, absolvierte der SVS ein Testspiel bei der Reserve von Chemie Dohna. Nach einer kurzen Phase des Abtastens, setzte der SVS die ersten vielversprechenden Akzente. Schon in der 13. Spielminute konnte D\u00fcffort, nach einem [&hellip;]<\/p>\n","protected":false},"author":1,"featured_media":0,"parent":1241,"menu_order":14,"comment_status":"closed","ping_status":"open","template":"","meta":{"footnotes":""},"class_list":["post-1385","page","type-page","status-publish","hentry"],"_links":{"self":[{"href":"https:\/\/www.sv-saupsdorf.de\/index.php?rest_route=\/wp\/v2\/pages\/1385","targetHints":{"allow":["GET"]}}],"collection":[{"href":"https:\/\/www.sv-saupsdorf.de\/index.php?rest_route=\/wp\/v2\/pages"}],"about":[{"href":"https:\/\/www.sv-saupsdorf.de\/index.php?rest_route=\/wp\/v2\/types\/page"}],"author":[{"embeddable":true,"href":"https:\/\/www.sv-saupsdorf.de\/index.php?rest_route=\/wp\/v2\/users\/1"}],"replies":[{"embeddable":true,"href":"https:\/\/www.sv-saupsdorf.de\/index.php?rest_route=%2Fwp%2Fv2%2Fcomments&post=1385"}],"version-history":[{"count":0,"href":"https:\/\/www.sv-saupsdorf.de\/index.php?rest_route=\/wp\/v2\/pages\/1385\/revisions"}],"up":[{"embeddable":true,"href":"https:\/\/www.sv-saupsdorf.de\/index.php?rest_route=\/wp\/v2\/pages\/1241"}],"wp:attachment":[{"href":"https:\/\/www.sv-saupsdorf.de\/index.php?rest_route=%2Fwp%2Fv2%2Fmedia&parent=1385"}],"curies":[{"name":"wp","href":"https:\/\/api.w.org\/{rel}","templated":true}]}}