{"id":1484,"date":"2016-09-11T11:49:13","date_gmt":"2016-09-11T11:49:13","guid":{"rendered":"http:\/\/www.sv-saupsdorf.de\/?page_id=1484"},"modified":"2021-03-27T09:34:04","modified_gmt":"2021-03-27T09:34:04","slug":"3-punktspiel","status":"publish","type":"page","link":"https:\/\/www.sv-saupsdorf.de\/?page_id=1484","title":{"rendered":"3. Punktspiel"},"content":{"rendered":"<p><strong>3. Punktspiel Kreisliga A<br \/>\nSV Birkwitz-Pratzschwitz \u2013 SV Saupsdorf   2 : 1   (2 : 0)<\/strong><br \/>\nBei hochsommerlichen Temperaturen, musste der SVS zum Spiel in Birkwitz antreten.  Schon nach sieben Minuten hatte der SVS nach einer flach hereingegebenen Ecke von D\u00fcffort die erste M\u00f6glichkeit, doch der Schuss aufs Tor von Maetze konnte der Torwart gerade noch so auf der Linie halten. In der22. Minute setzten sich die Gastgeber \u00fcber die linke Seite durch und erzielte durch J\u00e4ckel das Tor zum 1:0. Der SVS hielt aber dagegen und hatte auch seine \u00fcberaus guten Chancen auf ein oder gar zwei Tore, doch es fehlte die Kaltschn\u00e4uzigkeit und auch etwas die \u00dcbersicht vorm gegnerischen Kasten. Kurz vorm Halbzeitpfiff f\u00fchrte eine ungl\u00fcckliche Abwehr zu einem Strafsto\u00df f\u00fcr die Heimelf, den sie platziert zum 2:0 Pausenstand durch Berger verwandelten.<br \/>\nNach der Pause gewann der SVS mehr und mehr Spielanteile und der Gastgeber verlegte sich nur noch auf Konter. Kutzner konnte nach einem Zuspiel von Maetze in der 72. Minute den Ball \u00fcber den Torwart aus etwa 13 Metern zum 2:1 ins Tor lupfen. Jetzt wollte der SVS wenigstens einen Punkt ergattern, leider blieb ihm das verwehrt. So konnte der Torwart vom Platzherren mit M\u00fch und Not noch einen Ball von der Linie kratzen.<br \/>\nEs bleibt am Ende die Erkenntnis, dass der SVS durchaus spielerisch und k\u00e4mpferisch voll dabei war, um mindestens einen Punkt zu holen und auch f\u00e4hig ist einen zwei Tore R\u00fcckstand zu egalisieren. Die knappe Niederlage sollte auch nicht lang in den K\u00f6pfen h\u00e4ngen bleiben, da man gesehen hat, dass der SVS ein gutes Spiel gemacht hat, aber sich noch selbst zu wenig belohnt.<br \/>\nZu zeigen dass es geht kann man es am kommenden Samstag gegen den Pretzschendorfer SV vor heimischen Publikum, aber Vorsicht, der Gegner kommt mit einem Selbstbewusstsein von 9:2 gegen Lohmen.<\/p>\n<p><strong>Der SV Saupsdorf spielte mit:<\/strong><br \/>\nM. H\u00e4ntzschel, D. Kunath, S. Prosche-Willmuth, R. Schlenkrich (ab 87. P. Glanze), P. Grandl, K. Frenzel<br \/>\n(ab 46. J. Mihulka), C. Erbert, D. Meintzschel, P. D\u00fcffort, D. Maetze,  D. Ehrlichmann (ab 64. S. Kutzner)<\/p>\n","protected":false},"excerpt":{"rendered":"<p>3. Punktspiel Kreisliga A SV Birkwitz-Pratzschwitz \u2013 SV Saupsdorf 2 : 1 (2 : 0) Bei hochsommerlichen Temperaturen, musste der SVS zum Spiel in Birkwitz antreten. Schon nach sieben Minuten hatte der SVS nach einer flach hereingegebenen Ecke von D\u00fcffort die erste M\u00f6glichkeit, doch der Schuss aufs Tor von Maetze konnte der Torwart gerade noch [&hellip;]<\/p>\n","protected":false},"author":1,"featured_media":0,"parent":1450,"menu_order":3,"comment_status":"closed","ping_status":"open","template":"","meta":{"footnotes":""},"class_list":["post-1484","page","type-page","status-publish","hentry"],"_links":{"self":[{"href":"https:\/\/www.sv-saupsdorf.de\/index.php?rest_route=\/wp\/v2\/pages\/1484","targetHints":{"allow":["GET"]}}],"collection":[{"href":"https:\/\/www.sv-saupsdorf.de\/index.php?rest_route=\/wp\/v2\/pages"}],"about":[{"href":"https:\/\/www.sv-saupsdorf.de\/index.php?rest_route=\/wp\/v2\/types\/page"}],"author":[{"embeddable":true,"href":"https:\/\/www.sv-saupsdorf.de\/index.php?rest_route=\/wp\/v2\/users\/1"}],"replies":[{"embeddable":true,"href":"https:\/\/www.sv-saupsdorf.de\/index.php?rest_route=%2Fwp%2Fv2%2Fcomments&post=1484"}],"version-history":[{"count":0,"href":"https:\/\/www.sv-saupsdorf.de\/index.php?rest_route=\/wp\/v2\/pages\/1484\/revisions"}],"up":[{"embeddable":true,"href":"https:\/\/www.sv-saupsdorf.de\/index.php?rest_route=\/wp\/v2\/pages\/1450"}],"wp:attachment":[{"href":"https:\/\/www.sv-saupsdorf.de\/index.php?rest_route=%2Fwp%2Fv2%2Fmedia&parent=1484"}],"curies":[{"name":"wp","href":"https:\/\/api.w.org\/{rel}","templated":true}]}}