{"id":1651,"date":"2017-08-13T13:11:09","date_gmt":"2017-08-13T13:11:09","guid":{"rendered":"http:\/\/www.sv-saupsdorf.de\/?page_id=1651"},"modified":"2021-03-27T09:45:37","modified_gmt":"2021-03-27T09:45:37","slug":"pokalspiel","status":"publish","type":"page","link":"https:\/\/www.sv-saupsdorf.de\/?page_id=1651","title":{"rendered":"1. Pokalspiel"},"content":{"rendered":"<p><strong>Pokalspiel<br \/>\nSpG Saupsdorf\/Sebnitz &#8211; LSV Gorknitz 61    4:1  (1:0)<\/strong><\/p>\n<p>Zum ersten Pflichtspiel der neuen Saison, empfing die neue Spielgemeinschaft Saupsdorf\/Sebnitz die A-Junioren des LSV Gorknitz, in Saupsdorf<br \/>\nBei sch\u00f6nsten Fu\u00dfballwetter und vor 55 Zuschauern boten beide Teams manch sch\u00f6ne Spielz\u00fcge und Kombinationen.<br \/>\nSchon nach 6 Minuten gingen die Platzherren durch  Sadek Haci in F\u00fchrung. Man dachte schon das gibt dem Spiel der Hausherren Sicherheit, aber aussichtsreiche Chancen wurden zu leichtfertig vergeben. Gorknitz spielte gut mit, verzettelte sich aber zu oft in Einzelaktionen und was auf das Tor von Arthur Hempel durchkam, hielt er souver\u00e4n.<br \/>\nSo blieb es bei der knappen F\u00fchrung zur Pause.<br \/>\nWiederum nur 6 Minuten nach dem Seitenwechsel, war es erneut Sadek Haci, der auf 2:0 erh\u00f6hen konnte.<br \/>\nIn der 58. Minute konnten die G\u00e4ste durch L\u00f6ffler auf 2:1 verk\u00fcrzen, nach einer zu pomadigen Abwehraktion der Gastgeber.<br \/>\nDie brauchten ein wenig Zeit um den Gegentreffer zu verdauen und in der 76. Minute konnte Jakob-Kurt Hille mit seinem Treffer den zwei Tore Abstand wieder herstellen. Gorknitz gab sich nun mehr und mehr auf und den Schlusspunkt unter diese Partie, setzte Cedric Baum mit dem 4:1, in der 88. Spielminute.<\/p>\n<p><strong>Die SpG Saupsdorf\/Sebnitz spielte mit:<br \/>\nA. Hempel, J. Wei\u00dfe, M. Flaske, K. H\u00e4ntzschel, J. H\u00e4ntzschel (ab 67. C. Baum), J. Henke, M. Schmidt (ab 46. L. Ufer)<br \/>\nS. Haci, J.-K. Hille, P. Hartrampf (ab 39. M. H\u00e4ntzschel) T. Al-Abdullah (ab 25. M. Maetze)<\/strong><\/p>\n","protected":false},"excerpt":{"rendered":"<p>Pokalspiel SpG Saupsdorf\/Sebnitz &#8211; LSV Gorknitz 61 4:1 (1:0) Zum ersten Pflichtspiel der neuen Saison, empfing die neue Spielgemeinschaft Saupsdorf\/Sebnitz die A-Junioren des LSV Gorknitz, in Saupsdorf Bei sch\u00f6nsten Fu\u00dfballwetter und vor 55 Zuschauern boten beide Teams manch sch\u00f6ne Spielz\u00fcge und Kombinationen. Schon nach 6 Minuten gingen die Platzherren durch Sadek Haci in F\u00fchrung. Man [&hellip;]<\/p>\n","protected":false},"author":1,"featured_media":0,"parent":1825,"menu_order":22,"comment_status":"closed","ping_status":"open","template":"","meta":{"footnotes":""},"class_list":["post-1651","page","type-page","status-publish","hentry"],"_links":{"self":[{"href":"https:\/\/www.sv-saupsdorf.de\/index.php?rest_route=\/wp\/v2\/pages\/1651","targetHints":{"allow":["GET"]}}],"collection":[{"href":"https:\/\/www.sv-saupsdorf.de\/index.php?rest_route=\/wp\/v2\/pages"}],"about":[{"href":"https:\/\/www.sv-saupsdorf.de\/index.php?rest_route=\/wp\/v2\/types\/page"}],"author":[{"embeddable":true,"href":"https:\/\/www.sv-saupsdorf.de\/index.php?rest_route=\/wp\/v2\/users\/1"}],"replies":[{"embeddable":true,"href":"https:\/\/www.sv-saupsdorf.de\/index.php?rest_route=%2Fwp%2Fv2%2Fcomments&post=1651"}],"version-history":[{"count":0,"href":"https:\/\/www.sv-saupsdorf.de\/index.php?rest_route=\/wp\/v2\/pages\/1651\/revisions"}],"up":[{"embeddable":true,"href":"https:\/\/www.sv-saupsdorf.de\/index.php?rest_route=\/wp\/v2\/pages\/1825"}],"wp:attachment":[{"href":"https:\/\/www.sv-saupsdorf.de\/index.php?rest_route=%2Fwp%2Fv2%2Fmedia&parent=1651"}],"curies":[{"name":"wp","href":"https:\/\/api.w.org\/{rel}","templated":true}]}}