{"id":1686,"date":"2017-10-01T13:15:30","date_gmt":"2017-10-01T13:15:30","guid":{"rendered":"http:\/\/www.sv-saupsdorf.de\/?page_id=1686"},"modified":"2021-03-27T09:39:08","modified_gmt":"2021-03-27T09:39:08","slug":"7-punktspiel","status":"publish","type":"page","link":"https:\/\/www.sv-saupsdorf.de\/?page_id=1686","title":{"rendered":"7. Punktspiel"},"content":{"rendered":"<p><strong>7. Punktspiel<br \/>\nSV Saupsdorf \u2013 SSV 1862 Langburkersdorf     0 : 0 <\/strong><br \/>\nBei herrlichen Sonnenschein und vor knapp 70 Zuschauern, empfing zum Derby der SVS,  die Elf aus Langburkersdorf.<br \/>\nDieses Spiel hielt, was ein Derby verspricht, Kampf, Einsatz und sch\u00f6ne Spielz\u00fcge, einzigstes Manko waren Tore. Saupsdorf wollte unbedingt in der Abwehr gut stehen um kein Tor zu zulassen und versuchen mit Nadelstichen f\u00fcr Gefahr zu sorgen um ein Tor zu erzielen. Langburkersdorf versuchte seinerseits dem Spiel den eigenen Stempel aufzudr\u00fccken und erarbeitete sich durchaus gute M\u00f6glichkeiten, die aber durch die gut stehende Saupsdorfer Abwehr<br \/>\nentsch\u00e4rft wurden und was dann noch durchkam wurde vom gl\u00e4nzend aufgelegten Sturm im Saupsdorfer Kasten zunichte gemacht.<br \/>\nEs war ein Spiel, wo es rauf und runter ging und beide Teams sich im Mittelfeld ebenb\u00fcrtig waren, so ging man mit einem Unentschieden in die Pause.<br \/>\nIn Halbzeit zwei erarbeite sich der SVS zu Beginn ein Plus an Ballbesitz und kreierte sich gute M\u00f6glichkeiten um ein Tor zu erzielen, die gr\u00f6\u00dfte dazu verhinderte der Pfosten, nach einem Kopfball von Schlenkrich. Langburkersdorf blieb aber auch immer gef\u00e4hrlich im Umkehrspiel, nutzte aber auch seine klaren M\u00f6glichkeiten nicht. Der eingewechselte Maetze hatte dann zum Ende der Partie die M\u00f6glichkeit das erl\u00f6sende Tor zu erzielen, aber der G\u00e4stekeeper konnte den Ball wegfischen. So blieb es beim 0:0 und dem gerechten Unentschieden.<br \/>\nEin Wort noch zum Schiedsrichterkollektiv, Peter Schiffke, Peter Drewianka und Curt Opitz, eine sehr gute Leistung vom gesamten Kollektiv, mit umsichtiger Leitung und viel Fingerspitzengef\u00fchl, so w\u00fcnscht man sich ein Spiel mit diesem Charakter.<br \/>\nDiese Moral und Einstellung zum Spiel muss jetzt der SVS mitnehmen, um auch in den kommenden Partien zu punkten, denn dieser Punktgewinn gibt Selbstvertrauen und war sehr wichtig. Nun hat man wieder eine Woche kein Spiel und muss diese Zeit intensiv nutzen weiter im Training zu arbeiten um gest\u00e4rkt aus der Pause zu kommen.<\/p>\n<p><strong>Der SV Saupsdorf spielte mit:<\/strong><br \/>\nM. Sturm, S. Prosche-Willmuth, J. Hesse (ab 35. K. Frenzel), R. Schlenkrich, S. Kutzner, J. Mihulka,<br \/>\nC. Erbert (ab 60. D. Maetze), P. D\u00fcffort, W. Adam, K. R\u00f6llig, D. Ehrlichmann (ab 60. A. Hesse)<\/p>\n","protected":false},"excerpt":{"rendered":"<p>7. Punktspiel SV Saupsdorf \u2013 SSV 1862 Langburkersdorf 0 : 0 Bei herrlichen Sonnenschein und vor knapp 70 Zuschauern, empfing zum Derby der SVS, die Elf aus Langburkersdorf. Dieses Spiel hielt, was ein Derby verspricht, Kampf, Einsatz und sch\u00f6ne Spielz\u00fcge, einzigstes Manko waren Tore. Saupsdorf wollte unbedingt in der Abwehr gut stehen um kein Tor [&hellip;]<\/p>\n","protected":false},"author":1,"featured_media":0,"parent":1612,"menu_order":7,"comment_status":"closed","ping_status":"open","template":"","meta":{"footnotes":""},"class_list":["post-1686","page","type-page","status-publish","hentry"],"_links":{"self":[{"href":"https:\/\/www.sv-saupsdorf.de\/index.php?rest_route=\/wp\/v2\/pages\/1686","targetHints":{"allow":["GET"]}}],"collection":[{"href":"https:\/\/www.sv-saupsdorf.de\/index.php?rest_route=\/wp\/v2\/pages"}],"about":[{"href":"https:\/\/www.sv-saupsdorf.de\/index.php?rest_route=\/wp\/v2\/types\/page"}],"author":[{"embeddable":true,"href":"https:\/\/www.sv-saupsdorf.de\/index.php?rest_route=\/wp\/v2\/users\/1"}],"replies":[{"embeddable":true,"href":"https:\/\/www.sv-saupsdorf.de\/index.php?rest_route=%2Fwp%2Fv2%2Fcomments&post=1686"}],"version-history":[{"count":0,"href":"https:\/\/www.sv-saupsdorf.de\/index.php?rest_route=\/wp\/v2\/pages\/1686\/revisions"}],"up":[{"embeddable":true,"href":"https:\/\/www.sv-saupsdorf.de\/index.php?rest_route=\/wp\/v2\/pages\/1612"}],"wp:attachment":[{"href":"https:\/\/www.sv-saupsdorf.de\/index.php?rest_route=%2Fwp%2Fv2%2Fmedia&parent=1686"}],"curies":[{"name":"wp","href":"https:\/\/api.w.org\/{rel}","templated":true}]}}