{"id":1700,"date":"2017-11-15T21:35:02","date_gmt":"2017-11-15T21:35:02","guid":{"rendered":"http:\/\/www.sv-saupsdorf.de\/?page_id=1700"},"modified":"2021-03-27T09:43:29","modified_gmt":"2021-03-27T09:43:29","slug":"a-junioren-8-punktspiel","status":"publish","type":"page","link":"https:\/\/www.sv-saupsdorf.de\/?page_id=1700","title":{"rendered":"A-Junioren 8. Punktspiel"},"content":{"rendered":"<p><strong>8. Punktspiel<br \/>\nSpG Saupsdorf\/Sebnitz \u2013 Dorfhainer SV  2 : 1  (1 :1)<\/strong><br \/>\nNach vierzehnt\u00e4giger Pause empfingen die A-Junioren den Tabellenvierten aus Dorfhain. Ohne langes Abtasten ging es gleich zur Sache. Beide Teams versuchten ein schnelles Tor zu erzielen, doch man scheiterte an der meist gut stehenden Abwehr oder vergab zu \u00fcberhastet.<br \/>\nDorfhain verlegte sich viel auf Konter und schnelles Spiel in die Spitze. In der 25. Minute konnten die G\u00e4ste mit 0:1 in F\u00fchrung durch Oddoy gehen, nachdem Arthur Hempel den Ball schon mal, nach einem Schuss aus Nahdistanz abgewehrt hatte, und der Torsch\u00fctze abstauben konnte.<br \/>\nPostwendend gelang Sadek Haci, nach einem guten Zuspiel in die Spitze und einem gelungen Solo, der Ausgleich zum 1:1, mit einem sch\u00f6nen Schuss unter den Querbalken.<br \/>\nNach der Pause versuchten beide Mannschaften auf Sieg zu spielen. Aber die Teams neutralisierten sich mehr und mehr und jeder hatte zwei, drei gute M\u00f6glichkeiten einen Treffer zu erzielen, doch es sollte nicht gelingen. Als man sich schon auf ein Unentschieden eingerichtet hatte, setzte sich Max H\u00e4ntzschel gut im gegnerischen Strafraum ein und provozierte so ein Foulspiel an Ihm und der gut leitenden Schiedsrichterin, Nora Skornia, blieb keine andere Wahl und Sie zeigte auf den Stafsto\u00dfpunkt. Diesen Foulelfmeter verwandelte Sadek Haci zum erl\u00f6sendenden 2:1 in der 89. Spielminute.<br \/>\nEin umk\u00e4mpfter Sieg, der Selbstvertrauen geben sollte f\u00fcr das n\u00e4chste Spiel , am kommenden Sonntag, gegen den Tabellensiebten aus Braunsdorf.<\/p>\n<p><strong>Die SpG Saupsdorf\/Sebnitz spielte mit:<\/strong><br \/>\nA. Hempel, M. H\u00e4ntzschel, M. Flaske, J. H\u00e4ntzschel (ab 61. T. Al-Abdullah), J. Henke (ab 55 J. Wei\u00dfe),<br \/>\nM. Schmidt, P. Hartrampf, S. Haci, J. K. Hille, L. Ufer,  M. Maetze (ab 55. C. Baum)<\/p>\n","protected":false},"excerpt":{"rendered":"<p>8. Punktspiel SpG Saupsdorf\/Sebnitz \u2013 Dorfhainer SV 2 : 1 (1 :1) Nach vierzehnt\u00e4giger Pause empfingen die A-Junioren den Tabellenvierten aus Dorfhain. Ohne langes Abtasten ging es gleich zur Sache. Beide Teams versuchten ein schnelles Tor zu erzielen, doch man scheiterte an der meist gut stehenden Abwehr oder vergab zu \u00fcberhastet. Dorfhain verlegte sich viel [&hellip;]<\/p>\n","protected":false},"author":1,"featured_media":0,"parent":1613,"menu_order":8,"comment_status":"closed","ping_status":"open","template":"","meta":{"footnotes":""},"class_list":["post-1700","page","type-page","status-publish","hentry"],"_links":{"self":[{"href":"https:\/\/www.sv-saupsdorf.de\/index.php?rest_route=\/wp\/v2\/pages\/1700","targetHints":{"allow":["GET"]}}],"collection":[{"href":"https:\/\/www.sv-saupsdorf.de\/index.php?rest_route=\/wp\/v2\/pages"}],"about":[{"href":"https:\/\/www.sv-saupsdorf.de\/index.php?rest_route=\/wp\/v2\/types\/page"}],"author":[{"embeddable":true,"href":"https:\/\/www.sv-saupsdorf.de\/index.php?rest_route=\/wp\/v2\/users\/1"}],"replies":[{"embeddable":true,"href":"https:\/\/www.sv-saupsdorf.de\/index.php?rest_route=%2Fwp%2Fv2%2Fcomments&post=1700"}],"version-history":[{"count":0,"href":"https:\/\/www.sv-saupsdorf.de\/index.php?rest_route=\/wp\/v2\/pages\/1700\/revisions"}],"up":[{"embeddable":true,"href":"https:\/\/www.sv-saupsdorf.de\/index.php?rest_route=\/wp\/v2\/pages\/1613"}],"wp:attachment":[{"href":"https:\/\/www.sv-saupsdorf.de\/index.php?rest_route=%2Fwp%2Fv2%2Fmedia&parent=1700"}],"curies":[{"name":"wp","href":"https:\/\/api.w.org\/{rel}","templated":true}]}}