{"id":1752,"date":"2017-11-19T16:37:09","date_gmt":"2017-11-19T16:37:09","guid":{"rendered":"http:\/\/www.sv-saupsdorf.de\/?page_id=1752"},"modified":"2021-03-27T09:43:41","modified_gmt":"2021-03-27T09:43:41","slug":"9-punktspiel-a-junioren","status":"publish","type":"page","link":"https:\/\/www.sv-saupsdorf.de\/?page_id=1752","title":{"rendered":"A-Junioren 9. Punktspiel"},"content":{"rendered":"<p><strong>9. Punktspiel<br \/>\nSpG Saupsdorf\/Sebnitz \u2013 SG 90 Braunsdorf  1 : 3  (1 :1)<\/strong><br \/>\nDas Spiel begann eigentlich ganz gut f\u00fcr unsere Junioren. Schon in der 10. Minute setzte sich Haci konsequent am Strafraum durch und konnte das 1:0 erzielen. Die SpG setzte die besseren Akzente in Halbzeit eins und versuchten auf das zweite Tor zu spielen, vergaben aber ihre M\u00f6glichkeiten zu \u00fcberhastet und unkonzentriert.<br \/>\nDie G\u00e4ste kamen bis zur 35. Minute kaum zu gef\u00e4hrlichen M\u00f6glichkeiten und ein gravierender Abstimmungsfehler in der Hintermannschaft beg\u00fcnstigte den Ausgleich zum 1:1. Danach verlor die Mannschaft mehr und mehr den Faden und verzettelte sich im zentralen Mittelfeld mit vielen Ballverlusten und spielte zu wenig \u00fcber die Fl\u00fcgel, so blieb es bei diesen Unentschieden zur Pause. Nach dem Seitenwechsel war kaum Besserung in Sicht und beg\u00fcnstigt durch erneute ungen\u00fcgende Kommunikation konnten die G\u00e4ste in der 60. Minute auf 1:2 erh\u00f6hen. Einen klaren Treffer nach einem Eckball f\u00fcr die Platzherren, gab der Schiri leider nicht und entschied stattdessen auf Abseits, obwohl noch ein gegnerischer Spieler auf der Grundlinie stand und es somit kein Abseits war, dies w\u00e4re der Ausgleich in der 78. Minute gewesen. Aber zwei Minuten sp\u00e4ter war es wieder ein schwerer Fehler im Spielaufbau, den der Gegner eiskalt zum 1:3 nutzte.<br \/>\nMan schenkte das Spiel  leichtfertig her und der Sieg der Braunsdorfer f\u00e4llt unter die Rubrik unn\u00f6tig, dabei h\u00e4tte man zur Pause durchaus mit 2 oder 3:0 f\u00fchren m\u00fcssen. Jetzt hei\u00dft es Kopf hoch und beim n\u00e4chsten Spiel es konzentrierter und k\u00e4mpferisch besser machen und sich mit einem Sieg in die Winterpause zu verabschieden.<\/p>\n<p><strong>Die SpG Saupsdorf\/Sebnitz spielte mit:<\/strong><br \/>\nA. Hempel, M. H\u00e4ntzschel (ab 77.  T. Al-Abdullah), J. Wei\u00dfe, M. Flaske, K. H\u00e4ntzschel (ab 62. M. Maetze)<br \/>\nJ. Henke, M. Schmidt, P. Hartrampf, S. Haci, J. K. Hille, L. Ufer (ab 66. J. H\u00e4ntzschel)<\/p>\n","protected":false},"excerpt":{"rendered":"<p>9. Punktspiel SpG Saupsdorf\/Sebnitz \u2013 SG 90 Braunsdorf 1 : 3 (1 :1) Das Spiel begann eigentlich ganz gut f\u00fcr unsere Junioren. Schon in der 10. Minute setzte sich Haci konsequent am Strafraum durch und konnte das 1:0 erzielen. Die SpG setzte die besseren Akzente in Halbzeit eins und versuchten auf das zweite Tor zu [&hellip;]<\/p>\n","protected":false},"author":1,"featured_media":0,"parent":1613,"menu_order":9,"comment_status":"closed","ping_status":"open","template":"","meta":{"footnotes":""},"class_list":["post-1752","page","type-page","status-publish","hentry"],"_links":{"self":[{"href":"https:\/\/www.sv-saupsdorf.de\/index.php?rest_route=\/wp\/v2\/pages\/1752","targetHints":{"allow":["GET"]}}],"collection":[{"href":"https:\/\/www.sv-saupsdorf.de\/index.php?rest_route=\/wp\/v2\/pages"}],"about":[{"href":"https:\/\/www.sv-saupsdorf.de\/index.php?rest_route=\/wp\/v2\/types\/page"}],"author":[{"embeddable":true,"href":"https:\/\/www.sv-saupsdorf.de\/index.php?rest_route=\/wp\/v2\/users\/1"}],"replies":[{"embeddable":true,"href":"https:\/\/www.sv-saupsdorf.de\/index.php?rest_route=%2Fwp%2Fv2%2Fcomments&post=1752"}],"version-history":[{"count":0,"href":"https:\/\/www.sv-saupsdorf.de\/index.php?rest_route=\/wp\/v2\/pages\/1752\/revisions"}],"up":[{"embeddable":true,"href":"https:\/\/www.sv-saupsdorf.de\/index.php?rest_route=\/wp\/v2\/pages\/1613"}],"wp:attachment":[{"href":"https:\/\/www.sv-saupsdorf.de\/index.php?rest_route=%2Fwp%2Fv2%2Fmedia&parent=1752"}],"curies":[{"name":"wp","href":"https:\/\/api.w.org\/{rel}","templated":true}]}}