{"id":1769,"date":"2018-02-25T08:47:57","date_gmt":"2018-02-25T08:47:57","guid":{"rendered":"http:\/\/www.sv-saupsdorf.de\/?page_id=1769"},"modified":"2021-03-27T09:42:34","modified_gmt":"2021-03-27T09:42:34","slug":"freundschaftsspiel-struppen-2018","status":"publish","type":"page","link":"https:\/\/www.sv-saupsdorf.de\/?page_id=1769","title":{"rendered":"Freundschaftsspiel Struppen 2018"},"content":{"rendered":"<p><strong>Freundschaftsspiel<br \/>\nSV Saupsdorf \u2013  SV Struppen   10 : 4 (5 : 2)<\/strong><br \/>\nDa bei diesem Testspiel, sowohl beim SV Struppen und beim SV Saupsdorf einige Spieler Krankheitsbedingt fehlten,<br \/>\neinigte man sich auf das Norwegermodel und spielte mit verk\u00fcrzten Spielfeld und 9 Spielern.<br \/>\nEs begann in Halbzeit eins sehr munter und so erzielte C. Erbert nach gutem Zuspiel von C. Glaser, bereits in der 2. Minute das 1:0. Postwendend glich der Gegner aber in der 3. Minute zum 1:1 aus. 4 Minuten sp\u00e4ter konnte aber K. R\u00f6llig auf 2:1 stellen. In der 14. und 18. Minute erh\u00f6hte Erbert mit seinen zwei Toren auf 4:1 und A. Hesse erzielte in der 23. Minute das 5:1. 10 Minuten sp\u00e4ter erzielten die G\u00e4ste das 5:2.<br \/>\nIn dieser Halbzeit war der SVS in allen Belangen \u00fcberlegen, sei es Ballbesitz, Passgenauigkeit und l\u00e4uferische Einstellung zum Spiel.<br \/>\nIn der zweiten H\u00e4lfte erh\u00f6hte K. R\u00f6llig in der 55. Minute auf 6:2. Der SVS schaltete gedanklich einen Gang herunter und \u00fcberlie\u00df dem Gegner mehr und mehr Spielanteile. Dies hatte zur Folge, dass Sie in der 60. und 72. Minute auf 6:4 verk\u00fcrzen konnten.<br \/>\nDer SVS musste wieder mehr tun. Mehr Spielkontrolle \u00fcbernehmen und seine Angriffe besser ausspielen. Durch die Tore von C. Glaser in der 75., 86. und 90., sowie den Strafsto\u00df von K. Frenzel in der 80. Minute, stellte der SVS den alten Abstand wieder her und gewann diese Partie mit 10:4.<br \/>\nEin Sieg, den man nicht \u00fcberbewerten darf! Es war gegen\u00fcber dem letzten Spiel schon eine deutliche Verbesserung zu sehen, so lie\u00df man in der ersten H\u00e4lfte Ball und Gegner gut laufen, kamen die St\u00fcrmer gut entgegen und man spielte seine M\u00f6glichkeiten konzentrierter aus. In der zweiten H\u00e4lfte verflachte das Spiel vom SVS etwas und man lie\u00df dem Gegner zu viel Platz, was dieser auch nutzte.<br \/>\nHier gilt es weiter daran zu arbeiten, konzentriert zu bleiben und die sich bietenden Chancen konsequent zu nutzen. Mit der Reserve vom BSV 68 Sebnitz wartet am kommenden Samstag ein Gegner, der schwerer zu bespielen sein wird.<\/p>\n<p><strong>Der SV Saupsdorf spielte mit:<\/strong><br \/>\nJ. Lehmann, M. H\u00e4ntzschel, A. Hesse, M. Hensel, J. Mihulka, K. Frenzel,<br \/>\nC. Erbert, C. Glaser, P. D\u00fcffort, K. R\u00f6llig<\/p>\n","protected":false},"excerpt":{"rendered":"<p>Freundschaftsspiel SV Saupsdorf \u2013 SV Struppen 10 : 4 (5 : 2) Da bei diesem Testspiel, sowohl beim SV Struppen und beim SV Saupsdorf einige Spieler Krankheitsbedingt fehlten, einigte man sich auf das Norwegermodel und spielte mit verk\u00fcrzten Spielfeld und 9 Spielern. Es begann in Halbzeit eins sehr munter und so erzielte C. Erbert nach [&hellip;]<\/p>\n","protected":false},"author":1,"featured_media":0,"parent":1612,"menu_order":29,"comment_status":"closed","ping_status":"open","template":"","meta":{"footnotes":""},"class_list":["post-1769","page","type-page","status-publish","hentry"],"_links":{"self":[{"href":"https:\/\/www.sv-saupsdorf.de\/index.php?rest_route=\/wp\/v2\/pages\/1769","targetHints":{"allow":["GET"]}}],"collection":[{"href":"https:\/\/www.sv-saupsdorf.de\/index.php?rest_route=\/wp\/v2\/pages"}],"about":[{"href":"https:\/\/www.sv-saupsdorf.de\/index.php?rest_route=\/wp\/v2\/types\/page"}],"author":[{"embeddable":true,"href":"https:\/\/www.sv-saupsdorf.de\/index.php?rest_route=\/wp\/v2\/users\/1"}],"replies":[{"embeddable":true,"href":"https:\/\/www.sv-saupsdorf.de\/index.php?rest_route=%2Fwp%2Fv2%2Fcomments&post=1769"}],"version-history":[{"count":0,"href":"https:\/\/www.sv-saupsdorf.de\/index.php?rest_route=\/wp\/v2\/pages\/1769\/revisions"}],"up":[{"embeddable":true,"href":"https:\/\/www.sv-saupsdorf.de\/index.php?rest_route=\/wp\/v2\/pages\/1612"}],"wp:attachment":[{"href":"https:\/\/www.sv-saupsdorf.de\/index.php?rest_route=%2Fwp%2Fv2%2Fmedia&parent=1769"}],"curies":[{"name":"wp","href":"https:\/\/api.w.org\/{rel}","templated":true}]}}