{"id":1852,"date":"2018-09-10T18:37:15","date_gmt":"2018-09-10T18:37:15","guid":{"rendered":"http:\/\/www.sv-saupsdorf.de\/?page_id=1852"},"modified":"2021-03-27T09:49:20","modified_gmt":"2021-03-27T09:49:20","slug":"2-hr-kreispokal","status":"publish","type":"page","link":"https:\/\/www.sv-saupsdorf.de\/?page_id=1852","title":{"rendered":"2. HR Kreispokal"},"content":{"rendered":"<p><strong>2. HR Kreispokalspiel<br \/>\nSV Saupsdorf \u2013 VfL Pirna-Copitz 07  2.        0 : 3 (0 : 3)<\/strong><br \/>\nIn der zweiten Pokalrunde hatte der SVS mit dem VfL Pirna-Copitz 2., eine Mannschaft aus der Landeklasse, zu Gast.<br \/>\nVor 75 Zuschauern und bei herrlichen Wetter begann das Spiel schon recht munter und der SVS hatte durch W. Adam schon eine gro\u00dfe M\u00f6glichkeit ein Tor zu erzielen, doch er scheiterte am G\u00e4stekeeper.<br \/>\nIn der 7. Minute machten es die G\u00e4ste besser und konnten durch L\u00f6we das 0:1 erzielen. Der SVS steckte dies aber gut weg und zeigte durchaus gute Spielz\u00fcge und erarbeitete sich auch M\u00f6glichkeiten, blieb aber vor und in der Box nicht aggressiv genug.<br \/>\nDie G\u00e4ste waren da effektiver und nutzten dies in der 25. Minute durch Felder zum 0:2. Sieben Minuten sp\u00e4ter erh\u00f6hte G\u00f6pfert mit einen platzierten Schuss flach ins lange Toreck dann auf 0:3.<br \/>\nSaupsdorf spielte aber trotzdem weiter gut mit und machte es der G\u00e4stemannschaft, die 3 Ligen h\u00f6her spielt, so gut es ging schwer.<br \/>\nIm zweiten Abschnitt der Partie war der SVS zumindest ebenb\u00fcrtig, was die Torraumszenen betraf, erarbeitete sich ein paar gute Chancen, vergab diese aber zu ungenau.<br \/>\nAls Erfolg darf man durchaus werten, dass in der zweiten Halbzeit kein Tor der G\u00e4ste mehr zugelassen wurde. Anteil daran hat eine geschlossene Mannschaftsleistung aller und J. Lehmann im Kasten des SVS, der alles hielt was noch von den G\u00e4sten als Abschluss vor seinem Geh\u00e4use kam.<br \/>\nFazit der Partie ist, man konnte erhobenen Hauptes den Platz verlassen und ist nicht hoffnungslos untergegangen. Es sind einige junge Spieler in dieser Saison zum SVS gekommen und diese brauchen noch einige Zeit um sich mit dem gesamten Team zusammen zu finden.<br \/>\nAber mit den intensiven und guten Trainingseinheiten und den Rhythmus der Spiele wird es immer besser werden. Wir geben ihnen die Zeit um sich zu entwickeln und sind der Zuversicht, dass wir in absehbarer Zeit eine gute Mannschaft, hier beim SVS, haben werden.<\/p>\n<p><strong>Der SV Saupsdorf spielte mit:<\/strong><br \/>\nJ. Lehmann, J. H\u00e4ntzschel, Ma. H\u00e4ntzschel, J. Hille, C. Erbert, W. Adam (ab 72. M. Sturm), R. Schlenkrich,<br \/>\nP. D\u00fcffort, M. Maetze , A. Hempel (ab 65. D. Meintzschel), D. Ehrlichmann (ab 58. S. Kutzner)<\/p>\n","protected":false},"excerpt":{"rendered":"<p>2. HR Kreispokalspiel SV Saupsdorf \u2013 VfL Pirna-Copitz 07 2. 0 : 3 (0 : 3) In der zweiten Pokalrunde hatte der SVS mit dem VfL Pirna-Copitz 2., eine Mannschaft aus der Landeklasse, zu Gast. Vor 75 Zuschauern und bei herrlichen Wetter begann das Spiel schon recht munter und der SVS hatte durch W. Adam [&hellip;]<\/p>\n","protected":false},"author":1,"featured_media":0,"parent":1823,"menu_order":0,"comment_status":"closed","ping_status":"open","template":"","meta":{"footnotes":""},"class_list":["post-1852","page","type-page","status-publish","hentry"],"_links":{"self":[{"href":"https:\/\/www.sv-saupsdorf.de\/index.php?rest_route=\/wp\/v2\/pages\/1852","targetHints":{"allow":["GET"]}}],"collection":[{"href":"https:\/\/www.sv-saupsdorf.de\/index.php?rest_route=\/wp\/v2\/pages"}],"about":[{"href":"https:\/\/www.sv-saupsdorf.de\/index.php?rest_route=\/wp\/v2\/types\/page"}],"author":[{"embeddable":true,"href":"https:\/\/www.sv-saupsdorf.de\/index.php?rest_route=\/wp\/v2\/users\/1"}],"replies":[{"embeddable":true,"href":"https:\/\/www.sv-saupsdorf.de\/index.php?rest_route=%2Fwp%2Fv2%2Fcomments&post=1852"}],"version-history":[{"count":0,"href":"https:\/\/www.sv-saupsdorf.de\/index.php?rest_route=\/wp\/v2\/pages\/1852\/revisions"}],"up":[{"embeddable":true,"href":"https:\/\/www.sv-saupsdorf.de\/index.php?rest_route=\/wp\/v2\/pages\/1823"}],"wp:attachment":[{"href":"https:\/\/www.sv-saupsdorf.de\/index.php?rest_route=%2Fwp%2Fv2%2Fmedia&parent=1852"}],"curies":[{"name":"wp","href":"https:\/\/api.w.org\/{rel}","templated":true}]}}