{"id":1928,"date":"2019-03-10T11:31:20","date_gmt":"2019-03-10T11:31:20","guid":{"rendered":"http:\/\/www.sv-saupsdorf.de\/?page_id=1928"},"modified":"2019-03-10T11:31:26","modified_gmt":"2019-03-10T11:31:26","slug":"14-punktspiel","status":"publish","type":"page","link":"https:\/\/www.sv-saupsdorf.de\/?page_id=1928","title":{"rendered":"14. Punktspiel"},"content":{"rendered":"<p><strong>14. Punktspiel<br \/>\nSV Saupsdorf  \u2013  FSV 1924 Bad Schandau        1 : 0 ( 0 : 0)<\/strong>    <\/p>\n<p>Zum ersten R\u00fcckrundenspiel der Saison, empfing der SVS die G\u00e4ste aus der Elbestadt.<br \/>\nDer Wettergott blieb gn\u00e4dig und verschonte den Platz mit viel Regen, doch den starken Wind lie\u00df er kr\u00e4ftig blasen. Saupsdorf, mit dem Sieg vom Nachholspiel gegen Langburkersdorf im R\u00fccken, wollte nahtlos daran ankn\u00fcpfen und setzte von Beginn an die Akzente.<br \/>\nDie G\u00e4ste wehrten sich nach Kr\u00e4ften und setzten hier und da auch gef\u00e4hrliche Nadelstiche, die aber die Saupsdorfer Abwehr oder der Keeper J. Lehmann entsch\u00e4rften.<br \/>\nDie besseren M\u00f6glichkeiten zu einem Tor hatte der SVS, aber man scheiterte noch an der cooleren Abgekl\u00e4rtheit vorm gegnerischen Tor und so blieb es beim torlosen Remis zur Pause.<br \/>\nIm zweiten Abschnitt begann der SVS den Druck auf das Geh\u00e4use von Schandau mehr und mehr zu erh\u00f6hen und in der 51\u2018 Minute wurde M. Maetze, mit einem guten durchgesteckten Pass auf der linken Strafraumseite, auf die Reise geschickt und er umkurvte den G\u00e4stekeeper und vollendete zum erl\u00f6senden 1:0 f\u00fcr den SVS.<br \/>\nEs entwickelte sich ein Kampfspiel auf beiden Seiten und die Begegnung wogte hin und her. Die Elbest\u00e4dter blieben immer gef\u00e4hrlich in ihren Aktionen in Richtung Tor des SVS und erspielten sich auch M\u00f6glichkeiten, die aber ungenutzt blieben.<br \/>\nMit zunehmender Spieldauer wurde es rustikaler auf dem Platz, weil beide Teams um jeden Zentimeter fighteten und durch \u00fcberhartes Einsteigen dezimierten sich die G\u00e4ste selber.<br \/>\nAm Ende bleib ein verdienter Sieg des SVS, weil er es mehr wollte und mit Disziplin und Kampf diesen knappen Vorsprung \u00fcber die Ziellinie brachte. Dies gibt wieder mehr Auftrieb, Selbstvertrauen und die Mannschaft w\u00e4chst mehr und mehr zusammen und wird immer besser.<br \/>\nDies muss man jetzt auch im n\u00e4chsten Spiel beweisen um auf dem Hartplatz in K\u00f6nigstein die Punkte zu entf\u00fchren.<\/p>\n<p><strong>Der SV Saupsdorf spielte mit:<\/strong><br \/>\nJ. Lehmann, S. Prosche-Willmuth, P. Grandl, Julian H\u00e4ntzschel, J.K. Hille, A. Hempel (ab 54\u2018 S. Schw\u00e4be),<br \/>\nR. Schlenkrich. P. D\u00fcffort, K. Frenzel (ab 35\u2018 \u2013 86\u2018 W. Adam, Ab 86\u2018 M. Hensel) , M. Maetze, Max H\u00e4ntzschel, <\/p>\n","protected":false},"excerpt":{"rendered":"<p>14. Punktspiel SV Saupsdorf \u2013 FSV 1924 Bad Schandau 1 : 0 ( 0 : 0) Zum ersten R\u00fcckrundenspiel der Saison, empfing der SVS die G\u00e4ste aus der Elbestadt. Der Wettergott blieb gn\u00e4dig und verschonte den Platz mit viel Regen, doch den starken Wind lie\u00df er kr\u00e4ftig blasen. Saupsdorf, mit dem Sieg vom Nachholspiel gegen [&hellip;]<\/p>\n","protected":false},"author":1,"featured_media":0,"parent":1822,"menu_order":14,"comment_status":"closed","ping_status":"closed","template":"","meta":{"footnotes":""},"class_list":["post-1928","page","type-page","status-publish","hentry"],"_links":{"self":[{"href":"https:\/\/www.sv-saupsdorf.de\/index.php?rest_route=\/wp\/v2\/pages\/1928","targetHints":{"allow":["GET"]}}],"collection":[{"href":"https:\/\/www.sv-saupsdorf.de\/index.php?rest_route=\/wp\/v2\/pages"}],"about":[{"href":"https:\/\/www.sv-saupsdorf.de\/index.php?rest_route=\/wp\/v2\/types\/page"}],"author":[{"embeddable":true,"href":"https:\/\/www.sv-saupsdorf.de\/index.php?rest_route=\/wp\/v2\/users\/1"}],"replies":[{"embeddable":true,"href":"https:\/\/www.sv-saupsdorf.de\/index.php?rest_route=%2Fwp%2Fv2%2Fcomments&post=1928"}],"version-history":[{"count":0,"href":"https:\/\/www.sv-saupsdorf.de\/index.php?rest_route=\/wp\/v2\/pages\/1928\/revisions"}],"up":[{"embeddable":true,"href":"https:\/\/www.sv-saupsdorf.de\/index.php?rest_route=\/wp\/v2\/pages\/1822"}],"wp:attachment":[{"href":"https:\/\/www.sv-saupsdorf.de\/index.php?rest_route=%2Fwp%2Fv2%2Fmedia&parent=1928"}],"curies":[{"name":"wp","href":"https:\/\/api.w.org\/{rel}","templated":true}]}}