{"id":2058,"date":"2019-07-28T12:56:14","date_gmt":"2019-07-28T12:56:14","guid":{"rendered":"http:\/\/www.sv-saupsdorf.de\/?page_id=2058"},"modified":"2019-08-01T19:06:42","modified_gmt":"2019-08-01T19:06:42","slug":"freundschaftsspiel-spg-sv-saupsdorf-gegen-sv-loschwitz","status":"publish","type":"page","link":"https:\/\/www.sv-saupsdorf.de\/?page_id=2058","title":{"rendered":"Freundschaftsspiel SpG SV Saupsdorf  gegen SV Loschwitz"},"content":{"rendered":"<p><strong>2. Testspiel<br \/>\nSpG SV Saupsdorf\/BSV 68 Sebnitz 2. \u2013 SV Loschwitz 0 : 6 (0 : 4)<\/strong><br \/>\nIm zweiten Vorbereitungsspiel empfing die SpG den Absteiger aus der Stadtoberliga Dresden, den SV Loschwitz.<br \/>\nDie G\u00e4ste erwischten einen guten Start in die Partie und f\u00fchrten nach einem Doppelschlag in der 8\u2018 und 9\u2018 schon mit 0:2.<br \/>\nDie Hausherren hatten Probleme in die Partie zu kommen und reagierten eigentlich mehr als selbst zu agieren.<br \/>\nDie Elbest\u00e4dter setzten konsequent nach und spielten recht ballsicher und setzten so mehr und mehr die SpG in der eigenen H\u00e4lfte fest und unter Druck.<br \/>\nDie Belohnung daf\u00fcr waren die Tore in der 20\u2018 und 32\u2018, zum 0:4 Pausenstand.<br \/>\nIm zweiten Abschnitt kam die SpG besser ins Spiel, weil auch der Gegner etwas den Speed herausnahm, somit konnte man sich mehr freispielen und auch die eine oder andere M\u00f6glichkeit erspielen. Die Loschwitzer hatten aber das Spiel fest im Griff und mit den klug ausgespielten M\u00f6glichkeiten konnten sie in der 55\u2018 und in der 80\u2018 den Endstand von 0:6 erzielen.<br \/>\nDas Ergebnis dieser Testspiele sollte man nicht \u00fcberbewerten, hier steht im Vordergrund das sich die Mannschaft finden und sich als einheitliches Team auf dem Platz pr\u00e4sentieren muss.<br \/>\nDie SpG war gedanklich fast immer ein, zwei Schritte zu sp\u00e4t und die G\u00e4ste f\u00fchrten Einw\u00fcrfe und Standards schnell aus und erzielten somit mehr Torgefahr.<br \/>\nDieses Spiel hat gezeigt, wo besonders hart noch im Training gearbeitet werden muss und dazu dienen auch Testspiele, um einiges auszuprobieren und jeweilige Positionen und Spielz\u00fcge zu probieren bzw. einzustudieren und die n\u00e4chste Gelegenheit wartet da am kommenden Sonnabend in Hainsberg.<\/p>\n<p><strong>Die SpG SV Saupsdorf\/BSV 68 Sebnitz 2. spielte mit:<\/strong><br \/>\nM. Waesch, A. Hempel, F. Neumann, Julian H\u00e4ntzschel, R. Bastian, P. Ru\u00dfig, D. Hingst, J. Beckert, C. Erbert<br \/>\nP. D\u00fcffort, M. Maetze, W. Beckert, F. Br\u00e4uer, R. Schlenkrich, M. Hensel, M. Philipp<\/p>\n","protected":false},"excerpt":{"rendered":"<p>2. Testspiel SpG SV Saupsdorf\/BSV 68 Sebnitz 2. \u2013 SV Loschwitz 0 : 6 (0 : 4) Im zweiten Vorbereitungsspiel empfing die SpG den Absteiger aus der Stadtoberliga Dresden, den SV Loschwitz. Die G\u00e4ste erwischten einen guten Start in die Partie und f\u00fchrten nach einem Doppelschlag in der 8\u2018 und 9\u2018 schon mit 0:2. Die [&hellip;]<\/p>\n","protected":false},"author":1,"featured_media":0,"parent":1978,"menu_order":1,"comment_status":"closed","ping_status":"closed","template":"","meta":{"footnotes":""},"class_list":["post-2058","page","type-page","status-publish","hentry"],"_links":{"self":[{"href":"https:\/\/www.sv-saupsdorf.de\/index.php?rest_route=\/wp\/v2\/pages\/2058","targetHints":{"allow":["GET"]}}],"collection":[{"href":"https:\/\/www.sv-saupsdorf.de\/index.php?rest_route=\/wp\/v2\/pages"}],"about":[{"href":"https:\/\/www.sv-saupsdorf.de\/index.php?rest_route=\/wp\/v2\/types\/page"}],"author":[{"embeddable":true,"href":"https:\/\/www.sv-saupsdorf.de\/index.php?rest_route=\/wp\/v2\/users\/1"}],"replies":[{"embeddable":true,"href":"https:\/\/www.sv-saupsdorf.de\/index.php?rest_route=%2Fwp%2Fv2%2Fcomments&post=2058"}],"version-history":[{"count":0,"href":"https:\/\/www.sv-saupsdorf.de\/index.php?rest_route=\/wp\/v2\/pages\/2058\/revisions"}],"up":[{"embeddable":true,"href":"https:\/\/www.sv-saupsdorf.de\/index.php?rest_route=\/wp\/v2\/pages\/1978"}],"wp:attachment":[{"href":"https:\/\/www.sv-saupsdorf.de\/index.php?rest_route=%2Fwp%2Fv2%2Fmedia&parent=2058"}],"curies":[{"name":"wp","href":"https:\/\/api.w.org\/{rel}","templated":true}]}}