{"id":2089,"date":"2019-07-31T19:46:54","date_gmt":"2019-07-31T19:46:54","guid":{"rendered":"http:\/\/www.sv-saupsdorf.de\/?page_id=2089"},"modified":"2026-04-19T09:05:27","modified_gmt":"2026-04-19T09:05:27","slug":"fussball","status":"publish","type":"page","link":"https:\/\/www.sv-saupsdorf.de\/?page_id=2089","title":{"rendered":"Fu\u00dfball"},"content":{"rendered":"\n<h2 class=\"wp-block-heading\">Mannschaft der SpG SV Saupsdorf \/ BSV 68 Sebnitz 2.<\/h2>\n\n\n\n<h2 class=\"wp-block-heading\">Kreisliga B<\/h2>\n\n\n<p class=\"western\"><span style=\"font-size: large;\"><b>Saison 2025\/2026\u00a0<\/b><\/span><\/p>\n<h3 style=\"text-align: center;\"><span style=\"color: #0000ff;\"><strong>Danke an unsere Sponsoren Auto Ru\u00dfig und Thomas Klinke<\/strong><\/span><\/h3>\n<h3 style=\"text-align: left;\"><span style=\"color: #0000ff;\"><strong>\u00a0 \u00a0 \u00a0 \u00a0 \u00a0 \u00a0 \u00a0 \u00a0 \u00a0 \u00a0 \u00a0 \u00a0 \u00a0 \u00a0 \u00a0 \u00a0 \u00a0 \u00a0 \u00a0 f\u00fcr die neuen Trainingsanz\u00fcge.<\/strong><\/span><\/h3>\n<p>&nbsp;<\/p>\n<p><img loading=\"lazy\" decoding=\"async\" class=\"alignnone wp-image-3250 size-large\" src=\"https:\/\/www.sv-saupsdorf.de\/wp-content\/uploads\/Mannschaftsfoto-Russig-1024x768.jpg\" alt=\"\" width=\"1024\" height=\"768\" srcset=\"https:\/\/www.sv-saupsdorf.de\/wp-content\/uploads\/Mannschaftsfoto-Russig-1024x768.jpg 1024w, https:\/\/www.sv-saupsdorf.de\/wp-content\/uploads\/Mannschaftsfoto-Russig-300x225.jpg 300w, https:\/\/www.sv-saupsdorf.de\/wp-content\/uploads\/Mannschaftsfoto-Russig-264x198.jpg 264w, https:\/\/www.sv-saupsdorf.de\/wp-content\/uploads\/Mannschaftsfoto-Russig-768x576.jpg 768w, https:\/\/www.sv-saupsdorf.de\/wp-content\/uploads\/Mannschaftsfoto-Russig-1536x1152.jpg 1536w, https:\/\/www.sv-saupsdorf.de\/wp-content\/uploads\/Mannschaftsfoto-Russig.jpg 2048w\" sizes=\"auto, (max-width: 1024px) 100vw, 1024px\" \/><\/p>\n<p>&nbsp;<\/p>\n<p><span style=\"color: #0000ff;\"><strong>Hintere Reihe v.l.n.r.\u00a0 <\/strong><\/span><\/p>\n<p><strong>Julius Beckert (Trainer), Sandro Kutzner, Leonhard Mehlhorn, Paul Henke, Loris Schaffrath, David Thonig, Sven Prosche-Willmuth, Rolf Hempel (Sportlicher Leiter)<\/strong><\/p>\n<p><span style=\"color: #0000ff;\"><strong>Vordere\u00a0 Reihe v.l.n.r.<\/strong><\/span><\/p>\n<p><strong>Philipp D\u00fcffort (Kapit\u00e4n), Felix Hampel, Julian B\u00f6rner, Michael H\u00e4ntzschel (TW), Julian H\u00e4ntzschel (Co-Trainer), Elias Graf-Krause, Frank Neumann<\/strong><\/p>\n<p><span style=\"color: #0000ff;\"><strong>Nicht im Bild:<\/strong><\/span><\/p>\n<p><strong>Cedric Baum, Bruno Bittner, Felix Br\u00e4uer, Eric G\u00f6tze, Gabriel Hartig, Mario Hensel, Julian Hesse, David Heymann (Mannschaftsleiter), Kevin Lehmann, Felix Neubert, Marcus Philipp, Otto Wilhelm Peh,<\/strong><\/p>\n<p><strong>Max Rabe, Richard Schlenkrich, Jan Michael Schulze, Max Thieme, Mirko Waesch (TW), Marcel Wehnert<\/strong><\/p>\n<p>&nbsp;<\/p>\n<p>&nbsp;<\/p>\n<h2 style=\"text-align: center;\"><strong><span style=\"color: #ff0000;\">In unserem Shop findest Du alles f\u00fcr den Fan<\/span><\/strong><\/h2>\n<p style=\"text-align: center;\"><strong>Du suchst etwas besonders?? Dann schau doch in unserem neuen neuen Onlineshop bei Fan 12 vorbei, da ist f\u00fcr <span style=\"color: #000000;\"><a style=\"color: #000000;\" href=\"https:\/\/sv-saupsdorf.fan12.de\/\">jeden<\/a><\/span> was dabei!!<\/strong><\/p>\n<p style=\"text-align: center;\"><a href=\"https:\/\/sv-saupsdorf.fan12.de\/\">https:\/\/sv-saupsdorf.fan12.de\/<\/a><\/p>\n<p>&nbsp;<\/p>\n<p style=\"text-align: left;\"><strong><span style=\"color: #000000;\">Du kannst in den Kategorien Herren, Damen, Kinder, Accessoires und Sportbedarf das richtige f\u00fcr Dich finden oder einen Gutschein f\u00fcr einen besonderen Anlass erwerben.<img loading=\"lazy\" decoding=\"async\" class=\"wp-image-2902 alignleft\" src=\"https:\/\/www.sv-saupsdorf.de\/wp-content\/uploads\/FanShop-Frauen1-e1674071939613.jpg\" alt=\"\" width=\"132\" height=\"132\" \/><img loading=\"lazy\" decoding=\"async\" class=\"alignnone size-full wp-image-2907\" src=\"https:\/\/www.sv-saupsdorf.de\/wp-content\/uploads\/FanShop-Tasse1-e1674072564217.jpg\" alt=\"\" width=\"150\" height=\"150\" \/><img loading=\"lazy\" decoding=\"async\" class=\"alignnone size-full wp-image-2904\" src=\"https:\/\/www.sv-saupsdorf.de\/wp-content\/uploads\/FanShop-Maenner1.jpg\" alt=\"\" width=\"150\" height=\"150\" \/><img loading=\"lazy\" decoding=\"async\" class=\"alignnone size-full wp-image-2906\" src=\"https:\/\/www.sv-saupsdorf.de\/wp-content\/uploads\/FanShop-Kinder-1-e1674072506796.jpg\" alt=\"\" width=\"150\" height=\"150\" \/><img loading=\"lazy\" decoding=\"async\" class=\"alignnone size-full wp-image-2905\" src=\"https:\/\/www.sv-saupsdorf.de\/wp-content\/uploads\/FanShop-Bierkrug1-e1674072275716.jpg\" alt=\"\" width=\"150\" height=\"150\" \/><\/span><\/strong><\/p>\n<h2 style=\"text-align: center;\"><strong><span style=\"color: #ff0000;\">Viel Spa\u00df beim st\u00f6bern und mit Deinem Einkauf unterst\u00fctzt Du unseren Verein. Vielen Dank daf\u00fcr!<\/span><\/strong><\/h2>\n<p>&nbsp;<\/p>\n<p>&nbsp;<\/p>\n<h1 style=\"text-align: center;\"><strong>Der SV Saupsdorf e.V. sucht<\/strong><\/h1>\n<h1 style=\"text-align: center;\"><strong>Schiedsrichter (m\/w\/d)<\/strong><\/h1>\n<h1 style=\"text-align: center;\">\u00a0<\/h1>\n<h2 style=\"text-align: center;\">\u00a0<\/h2>\n\n\n<figure class=\"wp-block-image\"><img loading=\"lazy\" decoding=\"async\" width=\"1024\" height=\"726\" src=\"https:\/\/www.sv-saupsdorf.de\/wp-content\/uploads\/Schirisuche-A4-1024x726.jpg\" alt=\"\" class=\"wp-image-2594\" srcset=\"https:\/\/www.sv-saupsdorf.de\/wp-content\/uploads\/Schirisuche-A4-1024x726.jpg 1024w, https:\/\/www.sv-saupsdorf.de\/wp-content\/uploads\/Schirisuche-A4-300x213.jpg 300w, https:\/\/www.sv-saupsdorf.de\/wp-content\/uploads\/Schirisuche-A4-768x544.jpg 768w\" sizes=\"auto, (max-width: 1024px) 100vw, 1024px\" \/><\/figure>\n\n\n<h1><strong>\u00a0<\/strong><\/h1>\n<h1>Du interessierst Dich f\u00fcr eine Ausbildung zum Schiedsrichter oder bist bereits Schiedsrichter?<\/h1>\n<p>Du bist \u00e4lter als 12 Jahre?<\/p>\n<p>Du hast Interesse am Fu\u00dfball, bist zuverl\u00e4ssig und zeigst Einsatzbereitschaft?<\/p>\n<p>Du hast Lust mindestens 15 Spielleitungen zu \u00fcbernehmen und an 3 Weiterbildungsma\u00dfnahmen sowie 2 Hausregeltrainings pro Saison teilzunehmen?<\/p>\n<p><strong>Dann suchen wir genau Dich!<\/strong><\/p>\n<p><strong>Deine Vorteile als Schiedsrichter sind:<\/strong><\/p>\n<ul>\n<li><strong>Freier Eintritt zu allen Spielen des DFB (auch 1. und 2. Bundesliga)<\/strong><\/li>\n<\/ul>\n<ul>\n<li>Aufwandsentsch\u00e4digung und Fahrtkostenerstattung<\/li>\n<\/ul>\n<ul>\n<li>Ausr\u00fcstung wird vom Verein gestellt<\/li>\n<\/ul>\n<ul>\n<li>Pers\u00f6nlichkeitsbildung f\u00fcr Beruf und Privatleben<\/li>\n<\/ul>\n<p>\u00a0\u00a0\u00a0\u00a0\u00a0\u00a0\u00a0\u00a0 wie Teamf\u00e4higkeit, Stressbest\u00e4ndigkeit, Selbstbewusstsein,\u00a0\u00a0\u00a0\u00a0\u00a0\u00a0\u00a0\u00a0\u00a0\u00a0\u00a0 Bescheidenheit\u00a0 und\u00a0 Pr\u00e4zision<\/p>\n<p>&#8211;\u00a0\u00a0 Sonderzahlung vom Verein, beim Bestehen aller erforderlichen\u00a0\u00a0 Aufgaben sind m\u00f6glich.<\/p>\n<p><strong>Interesse geweckt oder Du kennst jemanden, den das interessieren k\u00f6nnte?<\/strong><\/p>\n<p><strong>Dann gebe die Info bitte weiter.<\/strong><\/p>\n<p><strong>Wenn Du Dir selbst einen Ruck gibst und n\u00e4here Informationen brauchst, dann melde Dich beim SV Saupsdorf bei Spfr. Rolf Hempel oder Spfr. David Heymann <\/strong><\/p>\n<p><strong>per Mail an: <a href=\"mailto:info@sv-saupsdorf.de\">info@sv-saupsdorf.de<\/a><\/strong><\/p>\n<h1>\u00a0<\/h1>\n<p>&nbsp;<\/p>\n\n\n<h4 class=\"wp-block-heading has-text-align-left\">Wir bedanken uns bei unseren Teamausr\u00fcster<\/h4>\n\n\n\n<div class=\"wp-block-image\"><figure class=\"alignleft is-resized\"><img loading=\"lazy\" decoding=\"async\" src=\"https:\/\/www.sv-saupsdorf.de\/wp-content\/uploads\/Sportcollection-Altenberg-1.png\" alt=\"\" class=\"wp-image-2092\" width=\"113\" height=\"98\"\/><figcaption><a aria-label=\" (\u00f6ffnet in neuem Tab)\" href=\"http:\/\/www.sportcollection.de\" target=\"_blank\" rel=\"noreferrer noopener\">http:\/\/www.sportcollection.de<\/a>&nbsp;&nbsp;&nbsp;&nbsp;<br><br><br>&nbsp;&nbsp;&nbsp;&nbsp;&nbsp;&nbsp;&nbsp;&nbsp;&nbsp;&nbsp;&nbsp;&nbsp;&nbsp;&nbsp; <br><br><\/figcaption><\/figure><\/div>\n\n\n<h1><span style=\"color: #0000ff;\"><strong>&#8230;<\/strong>\u00a0sportcollection ist f\u00fcr Euch da!<\/span><\/h1>\n<h3>Viel Spa\u00df beim Einkaufen!<\/h3>\n<p>&nbsp;<\/p>\n<p>&nbsp;<\/p>\n<p><img loading=\"lazy\" decoding=\"async\" class=\"alignnone wp-image-3211 size-large\" src=\"https:\/\/www.sv-saupsdorf.de\/wp-content\/uploads\/Sport-collection-Altenberg-17.05.25-1024x576.jpg\" alt=\"\" width=\"1024\" height=\"576\" srcset=\"https:\/\/www.sv-saupsdorf.de\/wp-content\/uploads\/Sport-collection-Altenberg-17.05.25-1024x576.jpg 1024w, https:\/\/www.sv-saupsdorf.de\/wp-content\/uploads\/Sport-collection-Altenberg-17.05.25-300x169.jpg 300w, https:\/\/www.sv-saupsdorf.de\/wp-content\/uploads\/Sport-collection-Altenberg-17.05.25-352x198.jpg 352w, https:\/\/www.sv-saupsdorf.de\/wp-content\/uploads\/Sport-collection-Altenberg-17.05.25-768x432.jpg 768w, https:\/\/www.sv-saupsdorf.de\/wp-content\/uploads\/Sport-collection-Altenberg-17.05.25-1536x864.jpg 1536w, https:\/\/www.sv-saupsdorf.de\/wp-content\/uploads\/Sport-collection-Altenberg-17.05.25.jpg 1920w\" sizes=\"auto, (max-width: 1024px) 100vw, 1024px\" \/><\/p>\n<p>Mit sportlichen Gr\u00fc\u00dfen<\/p>\n<p>Das Team von sportcollection \u00a0<\/p>\n<p>sportcollection OHG<\/p>\n<p>Dresdner Stra\u00dfe 17a<\/p>\n<p>&nbsp;<\/p>\n<p>&nbsp;<\/p>\n<p>&nbsp;<\/p>\n<p>&nbsp;<\/p>\n<p>&nbsp;<\/p>\n<p>&nbsp;<\/p>\n\n\n<figure class=\"wp-block-image\"><a href=\"https:\/\/www.sv-saupsdorf.de\/?attachment_id=2093\" rel=\"http:\/\/www.sportcollection.de\"><img loading=\"lazy\" decoding=\"async\" width=\"393\" height=\"128\" src=\"https:\/\/www.sv-saupsdorf.de\/wp-content\/uploads\/Logo-Jako-1.png\" alt=\"\" class=\"wp-image-2093\" srcset=\"https:\/\/www.sv-saupsdorf.de\/wp-content\/uploads\/Logo-Jako-1.png 393w, https:\/\/www.sv-saupsdorf.de\/wp-content\/uploads\/Logo-Jako-1-300x98.png 300w\" sizes=\"auto, (max-width: 393px) 100vw, 393px\" \/><\/a><figcaption class=\"wp-element-caption\"><a aria-label=\"https:\/\/www.jako.de  (\u00f6ffnet in neuem Tab)\" href=\"https:\/\/www.jako.de\" target=\"_blank\" rel=\"noreferrer noopener\">https:\/\/www.jako.de <\/a><\/figcaption><\/figure>\n\n\n\n<h2 class=\"wp-block-heading\">               Trainingszeiten:<\/h2>\n\n\n<h2 style=\"text-align: center;\"><strong>Trainingstage im Monat April<\/strong><\/h2>\n<p style=\"text-align: center;\"><strong><span style=\"color: #ff0000;\">Das findet das Training findet <\/span><\/strong><strong><span style=\"color: #ff0000;\">auf dem Kunstrasen Sebnitz Waldstadion statt.<\/span><\/strong><\/p>\n<p>&nbsp;<\/p>\n<p><strong>Dienstag:\u00a0 \u00a0 07.04., 14.03., 21.03.\u00a0 <span style=\"color: #0000ff;\">und ab dem 28.04.auf dem Rasen in Saupsdorf<\/span><\/strong><\/p>\n<p>&nbsp;<\/p>\n<p><strong>Donnerstag:\u00a0 02.04., 09.04., 16.04., 22.04. <span style=\"color: #0000ff;\">und ab dem 30.04.auf dem Rasen in Saupsdorf<\/span><\/strong><\/p>\n<p>&nbsp;<\/p>\n<h2 style=\"text-align: center;\"><span style=\"color: #ff0000;\"><strong>Vorschau\/Punktspiele<\/strong><\/span><\/h2>\n<p><img loading=\"lazy\" decoding=\"async\" class=\"alignnone wp-image-3318 size-full\" src=\"https:\/\/www.sv-saupsdorf.de\/wp-content\/uploads\/Startbild-Auswaertsspiel-21.-PS-25-26-Possendorf.J.jpg\" alt=\"\" width=\"950\" height=\"260\" srcset=\"https:\/\/www.sv-saupsdorf.de\/wp-content\/uploads\/Startbild-Auswaertsspiel-21.-PS-25-26-Possendorf.J.jpg 950w, https:\/\/www.sv-saupsdorf.de\/wp-content\/uploads\/Startbild-Auswaertsspiel-21.-PS-25-26-Possendorf.J-300x82.jpg 300w, https:\/\/www.sv-saupsdorf.de\/wp-content\/uploads\/Startbild-Auswaertsspiel-21.-PS-25-26-Possendorf.J-723x198.jpg 723w, https:\/\/www.sv-saupsdorf.de\/wp-content\/uploads\/Startbild-Auswaertsspiel-21.-PS-25-26-Possendorf.J-768x210.jpg 768w\" sizes=\"auto, (max-width: 950px) 100vw, 950px\" \/><\/p>\n<p>&nbsp;<\/p>\n<h3>\u00a0<\/h3>\n<p>&nbsp;<\/p>\n<h2>\u00a0<\/h2>\n<h2>\u00a0<\/h2>\n<h2 style=\"text-align: center;\"><span style=\"color: #ff0000;\">R\u00fcckblick Punktspiele<\/span><\/h2>\n<h4 style=\"text-align: left;\">\u00a0<\/h4>\n<h4 style=\"text-align: left;\">\u00a0<\/h4>\n<h4 style=\"text-align: left;\"><img decoding=\"async\" src=\"https:\/\/www.sv-saupsdorf.de\/wp-content\/uploads\/SpG-1-e1564437680201.jpg\" \/><strong><span style=\"color: #ffcc00;\">\u00a0 SpG SV Saupsdorf\/BSV 68 Sebnitz 2.<\/span><\/strong><span style=\"color: #ffcc00;\"><strong>\u00a0<\/strong><\/span><\/h4>\n<p>&nbsp;<\/p>\n<h4 style=\"text-align: left;\">\u00a0 \u00a0 \u00a0 \u00a0 \u00a0 \u00a0 \u00a0 \u00a0 \u00a0 \u00a0 \u00a0 \u00a0 \u00a0 \u00a0 \u00a0 \u00a0 \u00a0 \u00a0 \u00a0 \u00a0 \u00a0 \u00a0 \u00a0 \u00a03<strong> : 2\u00a0 \u00a0(0 : 1 )<\/strong><\/h4>\n<h4 style=\"text-align: left;\">\u00a0 \u00a0 \u00a0 \u00a0 \u00a0 \u00a0 \u00a0 \u00a0 \u00a0 \u00a0 \u00a0 \u00a0 \u00a0 \u00a0 \u00a0 \u00a0 \u00a0 \u00a0 \u00a0 \u00a0 \u00a0 \u00a0 \u00a0 \u00a0\u00a0<\/h4>\n<h4 style=\"text-align: left;\"><span style=\"color: #0000ff;\"><img loading=\"lazy\" decoding=\"async\" class=\"alignnone size-full wp-image-3267\" src=\"https:\/\/www.sv-saupsdorf.de\/wp-content\/uploads\/Logo-SV-Sachsen-Mueglitztal-SV-Glashuette-e1760875243915.jpg\" alt=\"\" width=\"75\" height=\"75\" \/> SpG SV Sachsen M\u00fcglitztal\/SV Glash\u00fctte 2.<\/span><\/h4>\n<h4 style=\"text-align: left;\"><span style=\"color: #0000ff;\">\u00a0<\/span><\/h4>\n<p><strong>Torsch\u00fctzen:<\/strong><\/p>\n<h4 style=\"text-align: left;\">David\u00a0 Thonig 55&#8242;<\/h4>\n<h4><strong>Elias\u00a0 Graf-Krause 60&#8242;<\/strong><\/h4>\n<h4>Julian H\u00e4ntzschel 67&#8242;<\/h4>\n<p>&nbsp;<\/p>\n<p>&nbsp;<\/p>\n<h4 style=\"text-align: left;\">\u00a0 \u00a0 \u00a0 \u00a0 \u00a0 \u00a0 \u00a0 \u00a0 \u00a0 \u00a0 \u00a0 \u00a0 \u00a0 <strong>\u00a0 \u00a0 \u00a0 \u00a0 \u00a0 \u00a0 \u00a0 \u00a0 \u00a0 \u00a0\u00a0<\/strong><\/h4>\n<p><strong>Spielbericht unter:\u00a0<a href=\"https:\/\/www.sv-saupsdorf.de\/?page_id=3319\">https:\/\/www.sv-saupsdorf.de\/?page_id=3319<\/a><\/strong><\/p>\n<p>&nbsp;<\/p>\n<p>&nbsp;<\/p>\n<p><strong style=\"text-align: center; font-size: 16px;\">Unseren Spielplan downloaden unter:<\/strong><\/p>\n<div><a href=\"https:\/\/www.sv-saupsdorf.de\/wp-content\/uploads\/Vereinsspielplan-2025-26.xlsx\">https:\/\/www.sv-saupsdorf.de\/wp-content\/uploads\/Vereinsspielplan-2025-26.xlsx<\/a><\/div>\n<div>\u00a0<\/div>\n<div id=\"id_5dac49346ecff3c21351311\" class=\"text_exposed_root text_exposed\"><strong>Aktueller Spieltag und Tabelle unter:<\/strong><\/div>\n<div>\u00a0<\/div>\n<div><a href=\"https:\/\/www.fussball.de\/spieltagsuebersicht\/kreisliga-b-kreis-saechsschweiz-osterzgeb-kreisliga-b-herren-saison2526-sachsen\/-\/staffel\/02TNNGQTTS000008VS5489BUVSSD35NB-G#!\/\">https:\/\/www.fussball.de\/spieltagsuebersicht\/kreisliga-b-kreis-saechsschweiz-osterzgeb-kreisliga-b-herren-saison2526-sachsen\/-\/staffel\/02TNNGQTTS000008VS5489BUVSSD35NB-G#!\/<\/a><\/div>\n<div>\n<h1 style=\"text-align: center;\">\u00a0<\/h1>\n<\/div>\n<h3>\u00a0 \u00a0 \u00a0 \u00a0 \u00a0 \u00a0 \u00a0 \u00a0 \u00a0 \u00a0\u00a0<\/h3>\n<h6>\u00a0<\/h6>\n\n\n<div class=\"wp-block-cover aligncenter\"><img loading=\"lazy\" decoding=\"async\" width=\"150\" height=\"113\" class=\"wp-block-cover__image-background wp-image-188\" alt=\"\" src=\"https:\/\/www.sv-saupsdorf.de\/wp-content\/uploads\/Happy-Birthday.jpg\" style=\"object-position:40% 40%\" data-object-fit=\"cover\" data-object-position=\"40% 40%\"\/><span aria-hidden=\"true\" class=\"wp-block-cover__background has-background-dim\"><\/span><div class=\"wp-block-cover__inner-container is-layout-flow wp-block-cover-is-layout-flow\">\n<p class=\"has-text-align-center has-large-font-size\"><\/p>\n<\/div><\/div>\n\n\n<h3 style=\"text-align: center;\"><span style=\"color: #ff0000;\">Herzlichen Gl\u00fcckwunsch zum Geburtstag\u00a0 im Monat\u00a0<\/span><\/h3>\n<h3 style=\"text-align: center;\">\u00a0<\/h3>\n<h1 style=\"text-align: center;\"><span style=\"color: #ff0000;\"><strong>April<\/strong><\/span><\/h1>\n<h3 style=\"text-align: center;\"><span style=\"color: #ff0000;\"><strong>Hartmut Sch\u00f6ne 04.04.<\/strong><\/span><\/h3>\n<h3 style=\"text-align: center;\"><span style=\"color: #000000;\"><strong>Julian H\u00e4ntzschel 09.04.<\/strong><\/span><\/h3>\n<h3 style=\"text-align: center;\"><strong>Celine D\u00fcffort 15.04.<\/strong><\/h3>\n<h3 style=\"text-align: center;\">\u00a0<\/h3>\n<h3 style=\"text-align: center;\">\u00a0<\/h3>\n<h3 style=\"text-align: center;\">\u00a0<\/h3>\n<h3>\u00a0<\/h3>\n<h4 style=\"text-align: center;\">\u00a0<\/h4>\n<p style=\"text-align: center;\">\n\n\n<p><\/p>\n","protected":false},"excerpt":{"rendered":"<p>Mannschaft der SpG SV Saupsdorf \/ BSV 68 Sebnitz 2. Kreisliga B Saison 2025\/2026\u00a0 Danke an unsere Sponsoren Auto Ru\u00dfig und Thomas Klinke \u00a0 \u00a0 \u00a0 \u00a0 \u00a0 \u00a0 \u00a0 \u00a0 \u00a0 \u00a0 \u00a0 \u00a0 \u00a0 \u00a0 \u00a0 \u00a0 \u00a0 \u00a0 \u00a0 f\u00fcr die neuen Trainingsanz\u00fcge. &nbsp; &nbsp; Hintere Reihe v.l.n.r.\u00a0 Julius Beckert (Trainer), Sandro [&hellip;]<\/p>\n","protected":false},"author":1,"featured_media":0,"parent":2103,"menu_order":0,"comment_status":"closed","ping_status":"closed","template":"","meta":{"footnotes":""},"class_list":["post-2089","page","type-page","status-publish","hentry"],"_links":{"self":[{"href":"https:\/\/www.sv-saupsdorf.de\/index.php?rest_route=\/wp\/v2\/pages\/2089","targetHints":{"allow":["GET"]}}],"collection":[{"href":"https:\/\/www.sv-saupsdorf.de\/index.php?rest_route=\/wp\/v2\/pages"}],"about":[{"href":"https:\/\/www.sv-saupsdorf.de\/index.php?rest_route=\/wp\/v2\/types\/page"}],"author":[{"embeddable":true,"href":"https:\/\/www.sv-saupsdorf.de\/index.php?rest_route=\/wp\/v2\/users\/1"}],"replies":[{"embeddable":true,"href":"https:\/\/www.sv-saupsdorf.de\/index.php?rest_route=%2Fwp%2Fv2%2Fcomments&post=2089"}],"version-history":[{"count":0,"href":"https:\/\/www.sv-saupsdorf.de\/index.php?rest_route=\/wp\/v2\/pages\/2089\/revisions"}],"up":[{"embeddable":true,"href":"https:\/\/www.sv-saupsdorf.de\/index.php?rest_route=\/wp\/v2\/pages\/2103"}],"wp:attachment":[{"href":"https:\/\/www.sv-saupsdorf.de\/index.php?rest_route=%2Fwp%2Fv2%2Fmedia&parent=2089"}],"curies":[{"name":"wp","href":"https:\/\/api.w.org\/{rel}","templated":true}]}}