{"id":2103,"date":"2019-08-03T07:58:38","date_gmt":"2019-08-03T07:58:38","guid":{"rendered":"http:\/\/www.sv-saupsdorf.de\/?page_id=2103"},"modified":"2026-04-12T09:50:02","modified_gmt":"2026-04-12T09:50:02","slug":"startseite","status":"publish","type":"page","link":"https:\/\/www.sv-saupsdorf.de\/","title":{"rendered":"Startseite"},"content":{"rendered":"\n<figure class=\"wp-block-image size-large is-resized\"><img loading=\"lazy\" decoding=\"async\" width=\"1024\" height=\"193\" src=\"https:\/\/www.sv-saupsdorf.de\/wp-content\/uploads\/Schal-SVS-1-1024x193.jpg\" alt=\"\" class=\"wp-image-2112\" style=\"width:840px;height:auto\" srcset=\"https:\/\/www.sv-saupsdorf.de\/wp-content\/uploads\/Schal-SVS-1-1024x193.jpg 1024w, https:\/\/www.sv-saupsdorf.de\/wp-content\/uploads\/Schal-SVS-1-300x57.jpg 300w, https:\/\/www.sv-saupsdorf.de\/wp-content\/uploads\/Schal-SVS-1-768x145.jpg 768w\" sizes=\"auto, (max-width: 1024px) 100vw, 1024px\" \/><\/figure>\n\n\n\n<h2 class=\"wp-block-heading\">Saupsdorf der Ort unterhalb des Wachberg <\/h2>\n\n\n\n<h2 class=\"wp-block-heading\">Mehr Informationen zum Ort und seine Einwohner gew\u00fcnscht? Dann hier klicken: <a aria-label=\" (\u00f6ffnet in neuem Tab)\" href=\"http:\/\/www.saupsdorf.de\" target=\"_blank\" rel=\"noreferrer noopener\">http:\/\/www.saupsdorf.de<\/a>&nbsp;&nbsp;<a aria-label=\" (\u00f6ffnet in neuem Tab)\" href=\"http:\/\/www.saupsdorf.de\/vereinsgeschichte.html\" target=\"_blank\" rel=\"noreferrer noopener\">http:\/\/www.saupsdorf.de\/vereinsgeschichte.html<\/a>&nbsp;&nbsp;&nbsp;&nbsp;&nbsp;&nbsp;&nbsp;&nbsp;&nbsp;&nbsp;&nbsp;&nbsp;&nbsp;&nbsp;&nbsp;&nbsp;&nbsp;&nbsp;&nbsp;&nbsp;&nbsp;&nbsp;&nbsp;&nbsp;&nbsp;&nbsp;&nbsp;&nbsp;&nbsp;&nbsp;&nbsp;&nbsp;&nbsp;&nbsp;&nbsp;&nbsp;&nbsp;&nbsp;&nbsp;&nbsp;&nbsp;&nbsp;&nbsp;&nbsp;&nbsp;&nbsp;&nbsp;&nbsp;&nbsp;&nbsp;&nbsp;&nbsp;&nbsp;&nbsp;&nbsp;&nbsp;&nbsp;&nbsp;&nbsp;&nbsp;&nbsp;&nbsp;&nbsp;&nbsp;&nbsp;&nbsp;&nbsp;&nbsp;&nbsp;&nbsp;&nbsp;&nbsp;&nbsp;&nbsp;&nbsp;&nbsp;&nbsp; <\/h2>\n\n\n\n<h2 class=\"wp-block-heading\">Vereinshymne des SV Saupsdorf<\/h2>\n\n\n\n<p><strong>Text: Rolf Hempel&nbsp; &nbsp; &nbsp; &nbsp; &nbsp; &nbsp; &nbsp; &nbsp; &nbsp; &nbsp; &nbsp; &nbsp; &nbsp; Musik kreiert bei Mureka.ai&nbsp;<\/strong><\/p>\n\n\n\n<figure class=\"wp-block-audio\"><audio controls src=\"https:\/\/www.sv-saupsdorf.de\/wp-content\/uploads\/SV-Saupsdorf-Hymne.mp3\"><\/audio><\/figure>\n\n\n\n<p>&nbsp;<\/p>\n\n\n<p><strong>Bundeszentralamt f\u00fcr Steuern<\/strong><\/p>\n<p><a href=\"https:\/\/bzst.de\/\">https:\/\/bzst.de\/<\/a><\/p>\n<p>&nbsp;<\/p>\n<p>Zuwendungsempf\u00e4ngerregister<\/p>\n<p>&nbsp;<\/p>\n<p>Sportverein Saupsdorf e.V.<\/p>\n<p><strong>Anschrift <\/strong>01855 Sebnitz, .Deutschland<\/p>\n<p><strong>Steuerbeg\u00fcnstigter Zweck<\/strong><\/p>\n<ul>\n<li>F\u00f6rderung des Sports<\/li>\n<\/ul>\n<p><strong>Weitere Details<\/strong><\/p>\n<ul>\n<li><strong>Zust\u00e4ndiges Finanzamt <\/strong>Pirna<\/li>\n<li><strong>Datum der Erteilung Freistellungsbescheid <\/strong>08.11.2024<\/li>\n<li><strong>Datum der Erteilung Feststellungsbescheid <\/strong>keine Angabe<\/li>\n<li><strong>Datum der Anerkennung als Partei\/W\u00e4hlervereinigung<\/strong> keine Angabe<\/li>\n<li><strong>Status als juristische Person des \u00f6ffentlichen Rechts<\/strong> Nein<\/li>\n<\/ul>\n\n\n<p>&nbsp;<\/p>\n\n\n\n<h3 class=\"wp-block-heading\"><strong>Wir bedanken uns bei unseren   Teamaus<\/strong>r\u00fcster<\/h3>\n\n\n\n<div class=\"wp-block-image\"><figure class=\"alignleft is-resized\"><img loading=\"lazy\" decoding=\"async\" src=\"https:\/\/www.sv-saupsdorf.de\/wp-content\/uploads\/Sportcollection-Altenberg-1.png\" alt=\"\" class=\"wp-image-2092\" width=\"113\" height=\"98\"\/><figcaption><a aria-label=\" (\u00f6ffnet in neuem Tab)\" href=\"http:\/\/www.sportcollection.de\" target=\"_blank\" rel=\"noreferrer noopener\">http:\/\/www.sportcollection.de<\/a>&nbsp;&nbsp;&nbsp;&nbsp;<br><br><br>&nbsp;&nbsp;&nbsp;&nbsp;&nbsp;&nbsp;&nbsp;&nbsp;&nbsp;&nbsp;&nbsp;&nbsp;&nbsp;&nbsp; <br><br><\/figcaption><\/figure><\/div>\n\n\n\n<figure class=\"wp-block-image\"><a href=\"https:\/\/www.sv-saupsdorf.de\/?attachment_id=2093\" rel=\"http:\/\/www.sportcollection.de\"><img loading=\"lazy\" decoding=\"async\" width=\"393\" height=\"128\" src=\"https:\/\/www.sv-saupsdorf.de\/wp-content\/uploads\/Logo-Jako-1.png\" alt=\"\" class=\"wp-image-2093\" srcset=\"https:\/\/www.sv-saupsdorf.de\/wp-content\/uploads\/Logo-Jako-1.png 393w, https:\/\/www.sv-saupsdorf.de\/wp-content\/uploads\/Logo-Jako-1-300x98.png 300w\" sizes=\"auto, (max-width: 393px) 100vw, 393px\" \/><\/a><figcaption class=\"wp-element-caption\"><a aria-label=\"https:\/\/www.jako.de  (\u00f6ffnet in neuem Tab)\" href=\"https:\/\/www.jako.de\" target=\"_blank\" rel=\"noreferrer noopener\">https:\/\/www.jako.de <\/a><\/figcaption><\/figure>\n\n\n<p>&nbsp;<\/p>\n<h1 style=\"text-align: center;\"><img loading=\"lazy\" decoding=\"async\" class=\"alignnone wp-image-3211 size-large\" src=\"https:\/\/www.sv-saupsdorf.de\/wp-content\/uploads\/Sport-collection-Altenberg-17.05.25-1024x576.jpg\" alt=\"\" width=\"1024\" height=\"576\" srcset=\"https:\/\/www.sv-saupsdorf.de\/wp-content\/uploads\/Sport-collection-Altenberg-17.05.25-1024x576.jpg 1024w, https:\/\/www.sv-saupsdorf.de\/wp-content\/uploads\/Sport-collection-Altenberg-17.05.25-300x169.jpg 300w, https:\/\/www.sv-saupsdorf.de\/wp-content\/uploads\/Sport-collection-Altenberg-17.05.25-352x198.jpg 352w, https:\/\/www.sv-saupsdorf.de\/wp-content\/uploads\/Sport-collection-Altenberg-17.05.25-768x432.jpg 768w, https:\/\/www.sv-saupsdorf.de\/wp-content\/uploads\/Sport-collection-Altenberg-17.05.25-1536x864.jpg 1536w, https:\/\/www.sv-saupsdorf.de\/wp-content\/uploads\/Sport-collection-Altenberg-17.05.25.jpg 1920w\" sizes=\"auto, (max-width: 1024px) 100vw, 1024px\" \/><\/h1>\n<h1 style=\"text-align: center;\">\u00a0<\/h1>\n<h2 style=\"text-align: center;\">\u00a0<\/h2>\n\n\n<figure class=\"wp-block-image\"><img loading=\"lazy\" decoding=\"async\" width=\"1024\" height=\"726\" src=\"https:\/\/www.sv-saupsdorf.de\/wp-content\/uploads\/Schirisuche-A4-1-1024x726.jpg\" alt=\"\" class=\"wp-image-2596\" srcset=\"https:\/\/www.sv-saupsdorf.de\/wp-content\/uploads\/Schirisuche-A4-1-1024x726.jpg 1024w, https:\/\/www.sv-saupsdorf.de\/wp-content\/uploads\/Schirisuche-A4-1-300x213.jpg 300w, https:\/\/www.sv-saupsdorf.de\/wp-content\/uploads\/Schirisuche-A4-1-768x544.jpg 768w\" sizes=\"auto, (max-width: 1024px) 100vw, 1024px\" \/><\/figure>\n\n\n<h1 style=\"text-align: center;\"><strong>Der SV Saupsdorf e.V. sucht &nbsp;<\/strong><\/h1>\n<h1 style=\"text-align: center;\"><strong>Schiedsrichter (m\/w\/d)<\/strong><\/h1>\n<p>Du interessierst Dich f\u00fcr eine Ausbildung zum Schiedsrichter oder bist bereits Schiedsrichter?<\/p>\n<p>Du bist \u00e4lter als 12 Jahre?<\/p>\n<p>Du hast Interesse am Fu\u00dfball, bist zuverl\u00e4ssig und zeigst Einsatzbereitschaft?<\/p>\n<p>Du hast Lust mindestens 15 Spielleitungen zu \u00fcbernehmen und an 3 Weiterbildungsma\u00dfnahmen sowie 2 Hausregeltrainings pro Saison teilzunehmen?<\/p>\n<p style=\"text-align: center;\"><strong>Dann suchen wir genau Dich!<\/strong><\/p>\n<p><strong>Deine Vorteile als Schiedsrichter sind:<\/strong><\/p>\n<ul>\n<li><strong>Freier Eintritt zu allen Spielen des DFB (auch 1. und 2. Bundesliga)<\/strong><\/li>\n<\/ul>\n<ul>\n<li>Aufwandsentsch\u00e4digung und Fahrtkostenerstattung<\/li>\n<\/ul>\n<ul>\n<li>Ausr\u00fcstung wird vom Verein gestellt<\/li>\n<\/ul>\n<ul>\n<li>Pers\u00f6nlichkeitsbildung f\u00fcr Beruf und Privatleben<\/li>\n<\/ul>\n<p>&nbsp;&nbsp;&nbsp;&nbsp;&nbsp;&nbsp;&nbsp;&nbsp; wie Teamf\u00e4higkeit, Stressbest\u00e4ndigkeit, Selbstbewusstsein,&nbsp;&nbsp;&nbsp;&nbsp;&nbsp;&nbsp;&nbsp;&nbsp;&nbsp;&nbsp;&nbsp; Bescheidenheit&nbsp; und&nbsp; Pr\u00e4zision &nbsp;&nbsp;&nbsp;&nbsp;&nbsp;&nbsp;&nbsp;&nbsp;&nbsp;&nbsp;&nbsp;&nbsp;&nbsp;&nbsp;&nbsp;&nbsp;&nbsp;&nbsp;&nbsp;&nbsp;&nbsp;&nbsp;&nbsp;&nbsp;&nbsp;&nbsp;&nbsp;&nbsp;&nbsp;&nbsp;&nbsp;&nbsp;&nbsp;&nbsp;&nbsp;&nbsp;&nbsp;<\/p>\n<p>&nbsp; &#8211;&nbsp;&nbsp; Sonderzahlung vom Verein, beim Bestehen aller erforderlichen&nbsp;&nbsp; Aufgaben sind m\u00f6glich.<\/p>\n<p><strong>Interesse geweckt oder Du kennst jemanden, den das interessieren k\u00f6nnte?<\/strong><\/p>\n<p><strong>Dann gebe die Info bitte weiter.<\/strong><\/p>\n<p><strong>Wenn Du Dir selbst einen Ruck gibst und n\u00e4here Informationen brauchst, dann melde Dich beim SV Saupsdorf bei Spfr. Rolf Hempel oder Spfr. David Heymann <\/strong><\/p>\n<p><strong>per Mail an: <a href=\"mailto:info@sv-saupsdorf.de\">info@sv-saupsdorf.de<\/a><\/strong><\/p>\n<\/p>\n\n\n<h2 class=\"wp-block-heading\">Datenschutz Grundverordnung<\/h2>\n\n\n\n<p>Wir haben hier f\u00fcr Euch eine Datenschutzerkl\u00e4rung f\u00fcr Mitglieder als PDF eingestellt, die solltet Ihr Euch herunterladen, ausdrucken und gegenzeichnen mit Datum und Unterschrift und diese dann dem gesch\u00e4ftsf\u00fchrenden Vorstand \u00fcbergeben.<\/p>\n\n\n\n<div class=\"wp-block-file\"><a id=\"wp-block-file--media-543759a5-c311-43db-b81a-0b0fe4542d73\" href=\"https:\/\/www.sv-saupsdorf.de\/wp-content\/uploads\/Datenschutzhinweise-Mitglieder.pdf\">Datenschutzhinweise Mitglieder<\/a><a href=\"https:\/\/www.sv-saupsdorf.de\/wp-content\/uploads\/Datenschutzhinweise-Mitglieder.pdf\" class=\"wp-block-file__button wp-element-button\" download aria-describedby=\"wp-block-file--media-543759a5-c311-43db-b81a-0b0fe4542d73\">Herunterladen<\/a><\/div>\n\n\n\n<div class=\"wp-block-file\"><a id=\"wp-block-file--media-2af4e266-0050-4810-a006-7a93c697549b\" href=\"https:\/\/www.sv-saupsdorf.de\/wp-content\/uploads\/Datenschutzerkl\u00e4rung-Mitglieder.pdf\">Datenschutzerkl\u00e4rung Mitglieder<\/a><a href=\"https:\/\/www.sv-saupsdorf.de\/wp-content\/uploads\/Datenschutzerkl\u00e4rung-Mitglieder.pdf\" class=\"wp-block-file__button wp-element-button\" download aria-describedby=\"wp-block-file--media-2af4e266-0050-4810-a006-7a93c697549b\">Herunterladen<\/a><\/div>\n\n\n\n<div class=\"wp-block-file\"><a id=\"wp-block-file--media-53b7788e-a4cb-4d93-8de5-500f4a886d81\" href=\"https:\/\/www.sv-saupsdorf.de\/wp-content\/uploads\/EU-DSGVO-Hinweise-f\u00fcr-Mitglieder.pdf\">EU-DSGVO Hinweise f\u00fcr Mitglieder<\/a><a href=\"https:\/\/www.sv-saupsdorf.de\/wp-content\/uploads\/EU-DSGVO-Hinweise-f\u00fcr-Mitglieder.pdf\" class=\"wp-block-file__button wp-element-button\" download aria-describedby=\"wp-block-file--media-53b7788e-a4cb-4d93-8de5-500f4a886d81\">Herunterladen<\/a><\/div>\n\n\n\n<h2 class=\"wp-block-heading\">Satzung , Finanzordnung und Aufnahmeantrag Mitglied<\/h2>\n\n\n\n<div class=\"wp-block-file\"><a id=\"wp-block-file--media-59d9231d-acd8-48cf-a24f-19145584b187\" href=\"https:\/\/www.sv-saupsdorf.de\/wp-content\/uploads\/Satzung-neu-25.03.2022.pdf\">Satzung  2022<\/a><a href=\"https:\/\/www.sv-saupsdorf.de\/wp-content\/uploads\/Satzung-neu-25.03.2022.pdf\" class=\"wp-block-file__button wp-element-button\" download aria-describedby=\"wp-block-file--media-59d9231d-acd8-48cf-a24f-19145584b187\">Herunterladen<\/a><\/div>\n\n\n\n<div class=\"wp-block-file\"><a id=\"wp-block-file--media-ae5007d9-0078-41ad-91a4-d4c91c13fab8\" href=\"https:\/\/www.sv-saupsdorf.de\/wp-content\/uploads\/Finanzordnung-13.03.2022.pdf\">Finanzordnung 2022<\/a><a href=\"https:\/\/www.sv-saupsdorf.de\/wp-content\/uploads\/Finanzordnung-13.03.2022.pdf\" class=\"wp-block-file__button wp-element-button\" download aria-describedby=\"wp-block-file--media-ae5007d9-0078-41ad-91a4-d4c91c13fab8\">Herunterladen<\/a><\/div>\n\n\n\n<div class=\"wp-block-file\"><a id=\"wp-block-file--media-2fc14137-1e95-4076-af37-df601e1ffda1\" href=\"https:\/\/www.sv-saupsdorf.de\/wp-content\/uploads\/Aufnahmeantrat-Mitglied-25.03.2022.pdf\">Aufnahmeantrag Mitglied <\/a><a href=\"https:\/\/www.sv-saupsdorf.de\/wp-content\/uploads\/Aufnahmeantrat-Mitglied-25.03.2022.pdf\" class=\"wp-block-file__button wp-element-button\" download aria-describedby=\"wp-block-file--media-2fc14137-1e95-4076-af37-df601e1ffda1\">Herunterladen<\/a><\/div>\n\n\n\n<h2 class=\"wp-block-heading\">Nutzungsvertr\u00e4ge&nbsp;Gastr\u00e4ume + Kegelbahn<\/h2>\n\n\n\n<div data-wp-interactive=\"core\/file\" class=\"wp-block-file\"><object data-wp-bind--hidden=\"!state.hasPdfPreview\" hidden class=\"wp-block-file__embed\" data=\"https:\/\/www.sv-saupsdorf.de\/wp-content\/uploads\/2023-Nutzungsgebuehren-der-Kegelbahn-in-Vereinsheim-des-SV-Saupsdorf-e.V..pdf\" type=\"application\/pdf\" style=\"width:100%;height:600px\" aria-label=\"Einbettung von 2023-Nutzungsgebuehren-der-Kegelbahn-in-Vereinsheim-des-SV-Saupsdorf-e.V..\"><\/object><a id=\"wp-block-file--media-84018cc1-0ec7-4b85-830e-ac3c45654098\" href=\"https:\/\/www.sv-saupsdorf.de\/wp-content\/uploads\/2023-Nutzungsgebuehren-der-Kegelbahn-in-Vereinsheim-des-SV-Saupsdorf-e.V..pdf\">2023-Nutzungsgebuehren-der-Kegelbahn-in-Vereinsheim-des-SV-Saupsdorf-e.V.<\/a><a href=\"https:\/\/www.sv-saupsdorf.de\/wp-content\/uploads\/2023-Nutzungsgebuehren-der-Kegelbahn-in-Vereinsheim-des-SV-Saupsdorf-e.V..pdf\" class=\"wp-block-file__button wp-element-button\" download aria-describedby=\"wp-block-file--media-84018cc1-0ec7-4b85-830e-ac3c45654098\">Herunterladen<\/a><\/div>\n\n\n\n<div data-wp-interactive=\"core\/file\" class=\"wp-block-file\"><object data-wp-bind--hidden=\"!state.hasPdfPreview\" hidden class=\"wp-block-file__embed\" data=\"https:\/\/www.sv-saupsdorf.de\/wp-content\/uploads\/2023-Vereinbarung-Nutzung-Gastraeume.pdf\" type=\"application\/pdf\" style=\"width:100%;height:600px\" aria-label=\"Einbettung von 2023-Vereinbarung-Nutzung-Gastraeume.\"><\/object><a id=\"wp-block-file--media-2b6c8360-6ac1-412c-8432-f7a267491684\" href=\"https:\/\/www.sv-saupsdorf.de\/wp-content\/uploads\/2023-Vereinbarung-Nutzung-Gastraeume.pdf\">2023-Vereinbarung-Nutzung-Gastraeume<\/a><a href=\"https:\/\/www.sv-saupsdorf.de\/wp-content\/uploads\/2023-Vereinbarung-Nutzung-Gastraeume.pdf\" class=\"wp-block-file__button wp-element-button\" download aria-describedby=\"wp-block-file--media-2b6c8360-6ac1-412c-8432-f7a267491684\">Herunterladen<\/a><\/div>\n\n\n<div class=\"wp-block-image\">\n<figure class=\"aligncenter is-resized\"><img loading=\"lazy\" decoding=\"async\" width=\"150\" height=\"113\" src=\"https:\/\/www.sv-saupsdorf.de\/wp-content\/uploads\/Happy-Birthday.jpg\" alt=\"\" class=\"wp-image-188\" style=\"width:211px;height:159px\"\/><\/figure>\n<\/div>\n\n<h1 style=\"text-align: center;\"><span style=\"color: #ff0000;\"><strong>Herzlichen Gl\u00fcckwunsch zum Geburtstag im Monat <\/strong><\/span><\/h1>\n<h3 style=\"text-align: center;\">\u00a0<\/h3>\n<h1 style=\"text-align: center;\"><span style=\"color: #ff0000;\"><strong>April<\/strong><\/span><\/h1>\n<h3 style=\"text-align: center;\"><span style=\"color: #ff0000;\"><strong>Hartmut Sch\u00f6ne 04.04.<\/strong><\/span><\/h3>\n<h3 style=\"text-align: center;\"><span style=\"color: #000000;\"><strong>Julian H\u00e4ntzschel 09.04.<\/strong><\/span><\/h3>\n<h3 style=\"text-align: center;\"><strong>Celine D\u00fcffort 15.04.<\/strong><\/h3>\n<h3 style=\"text-align: center;\">\u00a0<\/h3>\n<p>&nbsp;<\/p>\n<p>&nbsp;<\/p>\n<h3 style=\"text-align: center;\">\u00a0<\/h3>\n<h3 style=\"text-align: center;\">\u00a0<\/h3>\n<h3 style=\"text-align: center;\">\u00a0<\/h3>\n<h3 style=\"text-align: center;\">\u00a0<\/h3>\n<h3 style=\"text-align: center;\">\u00a0<\/h3>\n<h3 style=\"text-align: center;\">\u00a0<\/h3>\n<h3 style=\"text-align: center;\">\u00a0<\/h3>\n<p style=\"text-align: center;\">\u00a0<\/p>\n\n\n<pre class=\"wp-block-verse has-text-align-center\"> \n<\/pre>\n\n\n\n<p><\/p>\n","protected":false},"excerpt":{"rendered":"<p>Saupsdorf der Ort unterhalb des Wachberg Mehr Informationen zum Ort und seine Einwohner gew\u00fcnscht? Dann hier klicken: http:\/\/www.saupsdorf.de&nbsp;&nbsp;http:\/\/www.saupsdorf.de\/vereinsgeschichte.html&nbsp;&nbsp;&nbsp;&nbsp;&nbsp;&nbsp;&nbsp;&nbsp;&nbsp;&nbsp;&nbsp;&nbsp;&nbsp;&nbsp;&nbsp;&nbsp;&nbsp;&nbsp;&nbsp;&nbsp;&nbsp;&nbsp;&nbsp;&nbsp;&nbsp;&nbsp;&nbsp;&nbsp;&nbsp;&nbsp;&nbsp;&nbsp;&nbsp;&nbsp;&nbsp;&nbsp;&nbsp;&nbsp;&nbsp;&nbsp;&nbsp;&nbsp;&nbsp;&nbsp;&nbsp;&nbsp;&nbsp;&nbsp;&nbsp;&nbsp;&nbsp;&nbsp;&nbsp;&nbsp;&nbsp;&nbsp;&nbsp;&nbsp;&nbsp;&nbsp;&nbsp;&nbsp;&nbsp;&nbsp;&nbsp;&nbsp;&nbsp;&nbsp;&nbsp;&nbsp;&nbsp;&nbsp;&nbsp;&nbsp;&nbsp;&nbsp;&nbsp; Vereinshymne des SV Saupsdorf Text: Rolf Hempel&nbsp; &nbsp; &nbsp; &nbsp; &nbsp; &nbsp; &nbsp; &nbsp; &nbsp; &nbsp; &nbsp; &nbsp; &nbsp; Musik kreiert bei Mureka.ai&nbsp; &nbsp; Bundeszentralamt f\u00fcr Steuern https:\/\/bzst.de\/ &nbsp; Zuwendungsempf\u00e4ngerregister &nbsp; Sportverein Saupsdorf e.V. Anschrift 01855 Sebnitz, [&hellip;]<\/p>\n","protected":false},"author":1,"featured_media":2604,"parent":0,"menu_order":0,"comment_status":"closed","ping_status":"closed","template":"","meta":{"footnotes":""},"class_list":["post-2103","page","type-page","status-publish","has-post-thumbnail","hentry"],"_links":{"self":[{"href":"https:\/\/www.sv-saupsdorf.de\/index.php?rest_route=\/wp\/v2\/pages\/2103","targetHints":{"allow":["GET"]}}],"collection":[{"href":"https:\/\/www.sv-saupsdorf.de\/index.php?rest_route=\/wp\/v2\/pages"}],"about":[{"href":"https:\/\/www.sv-saupsdorf.de\/index.php?rest_route=\/wp\/v2\/types\/page"}],"author":[{"embeddable":true,"href":"https:\/\/www.sv-saupsdorf.de\/index.php?rest_route=\/wp\/v2\/users\/1"}],"replies":[{"embeddable":true,"href":"https:\/\/www.sv-saupsdorf.de\/index.php?rest_route=%2Fwp%2Fv2%2Fcomments&post=2103"}],"version-history":[{"count":0,"href":"https:\/\/www.sv-saupsdorf.de\/index.php?rest_route=\/wp\/v2\/pages\/2103\/revisions"}],"wp:featuredmedia":[{"embeddable":true,"href":"https:\/\/www.sv-saupsdorf.de\/index.php?rest_route=\/wp\/v2\/media\/2604"}],"wp:attachment":[{"href":"https:\/\/www.sv-saupsdorf.de\/index.php?rest_route=%2Fwp%2Fv2%2Fmedia&parent=2103"}],"curies":[{"name":"wp","href":"https:\/\/api.w.org\/{rel}","templated":true}]}}