{"id":2127,"date":"2019-08-11T12:12:07","date_gmt":"2019-08-11T12:12:07","guid":{"rendered":"http:\/\/www.sv-saupsdorf.de\/?page_id=2127"},"modified":"2019-08-11T12:12:07","modified_gmt":"2019-08-11T12:12:07","slug":"1-haupt-runde-pokal","status":"publish","type":"page","link":"https:\/\/www.sv-saupsdorf.de\/?page_id=2127","title":{"rendered":"1. Haupt-Runde-Pokal"},"content":{"rendered":"\n<pre class=\"wp-block-verse\"><strong>SpG SV Saupsdorf\/BSV 68 Sebnitz 2. \u2013 SpG FSV Lohmen\/TuS Wehlen   2 : 5   (1 : 2)<br><\/strong><br>   Zum ersten Pflichtspiel der neuen Saison, empfing man den Aufsteiger in die Kreisliga A, die SpG Lohmen\/Wehlen. <br>Vor 50 Zuschauern begann ein recht intensives und schnelles Spiel. Die G\u00e4ste spielten aus ihrer Abwehr mit meist langen B\u00e4llen auf die Fl\u00fcgel und mit schnellem Kurzpassspiel.  <br>Die Platzherren brauchten eine gewisse Zeit um sich darauf einzustellen.<br>In der 10\u2018 setzten sich die Favoriten \u00fcber die rechte Seite durch und erzielten das 0:1. Das steckten aber die Gastgeber gut weg und fanden etwas besser ins Spiel, kreierten aber zu wenige Chancen, sondern mussten immer auf der Hut vor den gef\u00e4hrlichen Fl\u00fcgell\u00e4ufen der G\u00e4ste bleiben.  <br>In der 25\u2018 setzte sich M. Maetze auf der rechten Seite durch und seine scharfe Eingabe in den F\u00fcnfmeterraum konnten die G\u00e4ste nur zum Eigentor kl\u00e4ren und es stand 1:1. Danach keimte etwas Hoffnung auf und man hielt gut dagegen aber in der 40\u2018 nutzten die G\u00e4ste erneut ihre Chance und erzielten den 1:2 Pausenstand.  <br>Im zweiten Abschnitt wollte man hinten erstmal sicher stehen aber dies w\u00e4hrte nur kurz und mit einem Doppelschlag in der 54\u2018 und 56\u2018 erh\u00f6hten die Aufsteiger auf 1:4.  <br>Den ersten sehr guten Spielzug von den Platzherren, kr\u00f6nte W. Beckert mit dem Anschluss zum 2:4 in der 58\u2018.  <br>Zehn Minuten sp\u00e4ter hatte der TW A. Hempel den Ball nach dem herauslaufen schon sicher und v\u00f6llig \u00fcbermotiviert gingen die G\u00e4ste mit gestreckten Bein zu Werke und verletzten den Keeper am Kopf.  Unverst\u00e4ndlich bleibt warum es hier wegen groben Foulspiel keine Rote, geschweige denn wenigstens den Gelben Karton gab.  <br>F. Neumann musste in den Kasten gehen und um es vorweg zu sagen, er machte seine Sache gut, musste aber in der 75\u2018 den Ball zum 2:5 ins Tor passieren lassen.  <br>Der Favorit hat dieses Spiel gewonnen und zieht in die n\u00e4chste Pokalrunde ein. F\u00fcr die SpG Saupsdorf\/Sebnitz 2. bleibt, man hat sich nicht aufgegeben und gek\u00e4mpft und dagegen zu halten versucht. Der Gegner hat aber auch gezeigt, wie man schnellen Offensivfu\u00dfball spielt und schnelles Umkehrspiel zelebriert, das muss man aus diesem Spiel mitnehmen um daran im Training gemeinsam zu arbeiten und vor allen dann im Spiel umzusetzen. Die erste M\u00f6glichkeit, es zu zeigen dass man es kann, ist am kommenden Sonnabend, beim ersten Punktspiel.<\/pre>\n\n\n\n<p><strong>Die SpG  SV Saupsdorf\/BSV 68 Sebnitz 2. spielte mit: A. Hempel (ab 68\u2018 M. Raabe), F. Neumann, Julian H\u00e4ntzschel, R. Bastian, P. Ru\u00dfig, J. Beckert, W. Beckert,    P. D\u00fcffort, M. Maetze, Max H\u00e4ntzschel (ab 78\u2018 F. Wagner), D. Ehrlichmann (ab 56\u2018 M. Philipp) <\/strong><\/p>\n","protected":false},"excerpt":{"rendered":"<p>SpG SV Saupsdorf\/BSV 68 Sebnitz 2. \u2013 SpG FSV Lohmen\/TuS Wehlen 2 : 5 (1 : 2) Zum ersten Pflichtspiel der neuen Saison, empfing man den Aufsteiger in die Kreisliga A, die SpG Lohmen\/Wehlen. Vor 50 Zuschauern begann ein recht intensives und schnelles Spiel. Die G\u00e4ste spielten aus ihrer Abwehr mit meist langen B\u00e4llen auf [&hellip;]<\/p>\n","protected":false},"author":1,"featured_media":0,"parent":1979,"menu_order":0,"comment_status":"closed","ping_status":"closed","template":"","meta":{"footnotes":""},"class_list":["post-2127","page","type-page","status-publish","hentry"],"_links":{"self":[{"href":"https:\/\/www.sv-saupsdorf.de\/index.php?rest_route=\/wp\/v2\/pages\/2127","targetHints":{"allow":["GET"]}}],"collection":[{"href":"https:\/\/www.sv-saupsdorf.de\/index.php?rest_route=\/wp\/v2\/pages"}],"about":[{"href":"https:\/\/www.sv-saupsdorf.de\/index.php?rest_route=\/wp\/v2\/types\/page"}],"author":[{"embeddable":true,"href":"https:\/\/www.sv-saupsdorf.de\/index.php?rest_route=\/wp\/v2\/users\/1"}],"replies":[{"embeddable":true,"href":"https:\/\/www.sv-saupsdorf.de\/index.php?rest_route=%2Fwp%2Fv2%2Fcomments&post=2127"}],"version-history":[{"count":0,"href":"https:\/\/www.sv-saupsdorf.de\/index.php?rest_route=\/wp\/v2\/pages\/2127\/revisions"}],"up":[{"embeddable":true,"href":"https:\/\/www.sv-saupsdorf.de\/index.php?rest_route=\/wp\/v2\/pages\/1979"}],"wp:attachment":[{"href":"https:\/\/www.sv-saupsdorf.de\/index.php?rest_route=%2Fwp%2Fv2%2Fmedia&parent=2127"}],"curies":[{"name":"wp","href":"https:\/\/api.w.org\/{rel}","templated":true}]}}