{"id":2161,"date":"2019-09-16T20:30:23","date_gmt":"2019-09-16T20:30:23","guid":{"rendered":"http:\/\/www.sv-saupsdorf.de\/?page_id=2161"},"modified":"2019-09-16T20:34:53","modified_gmt":"2019-09-16T20:34:53","slug":"3-punktspiel","status":"publish","type":"page","link":"https:\/\/www.sv-saupsdorf.de\/?page_id=2161","title":{"rendered":"3. Punktspiel"},"content":{"rendered":"<p><strong> SpG SV Saupsdorf\/BSV 68 Sebnitz 2. \u2013 SV Hermsdorf&nbsp;&nbsp;&nbsp;&nbsp;&nbsp;&nbsp; 2 : 3 &nbsp;(1 : 1) &nbsp;<\/strong><\/p>\n<p>Zum zweiten Heimspiel der Saison, empfing die SpG die Kicker aus Hermsdorf. Dieses Spiel fand auf dem Rasen im Sparkassen Waldstadion Sebnitz, zum traditionellen Familientag, statt.<\/p>\n<p>Beide Teams begannen recht offensiv die Partie. Bereits in der 10\u2018 gingen die G\u00e4ste, nach einem Einwurf von links in H\u00f6he Strafraum, mit 0:1 in F\u00fchrung. Die SpG lie\u00df sich aber nicht verunsichern, sondern versuchte ihrerseits eine schnelle Antwort zu geben und schon 5 Minuten sp\u00e4ter setzte sich M. Maetze eindrucksvoll im Strafraum der G\u00e4ste durch und schloss zum 1:1 Ausgleich ab.<\/p>\n<p>Bei den sommerlichen Temperaturen steckten beide Mannschaften nicht auf und es entwickelte sich ein kampfbetontes Spiel auf beiden Seiten, wobei nur dem Ball in der 40\u2018, nach Pressschlag die Luft ausging.<\/p>\n<p>Im zweiten Abschnitt kamen die G\u00e4ste besser aus der Kabine und machten viel Druck. Einen guten Schuss konnte der Keeper nicht festhalten und im Nachsetzen stellten die G\u00e4ste auf 1:2 in der 48\u2018.<\/p>\n<p>Die SpG versuchte nun wieder besser ins Spiel zu kommen, aber fehlende Konzentration im Abschluss und zu viel kleinliche und unn\u00f6tige Pfiffe des Schiris, lie\u00dfen keinen rechten Spielfluss mehr zu. In der 70\u2018 nutzten die G\u00e4ste einen gravierenden Stellungsfehler nach einer Ecke von rechts und erzielten des 1:3.<\/p>\n<p>Erst jetzt kamen unsere Mannen wieder richtig ins Spiel und nahmen die Zweik\u00e4mpfe an. Leider konnte man seine M\u00f6glichkeiten nicht zwingend nutzen und es reichte nur noch zum Anschlusstor, nach berechtigten Strafsto\u00df, durch W. Beckert zum 2:3 in der 83\u2018.<\/p>\n<p>Eine ungl\u00fcckliche Niederlage, bei der mindestens auch ein Punkt drin gewesen w\u00e4re. Jetzt ist eine Woche Pause, Zeit um die richtigen Schl\u00fcsse aus den bisherigen Spielen zu ziehen, um dann mit neuer Kraft und frischem Geist die n\u00e4chsten Spiele anzugehen.<\/p>\n<p><strong>Die SpG SV Saupsdorf\/BSV 68 Sebnitz 2. spielte mit:<\/strong><\/p>\n<p><strong>M.Waesch, M. H\u00e4ntzschel (ab 73\u2018F. Neumann), R. Bastian, E. G\u00f6tze, D. Hingst, J. H\u00e4ntzschel,<\/strong><strong> Schlenkrich (ab 43\u2018 S. Prosche-Willmuth), M. Philipp (ab 35. F. Br\u00e4uer), M. Maetze, J. Beckert, W. Beckert<\/strong><\/p>\n","protected":false},"excerpt":{"rendered":"<p>SpG SV Saupsdorf\/BSV 68 Sebnitz 2. \u2013 SV Hermsdorf&nbsp;&nbsp;&nbsp;&nbsp;&nbsp;&nbsp; 2 : 3 &nbsp;(1 : 1) &nbsp; Zum zweiten Heimspiel der Saison, empfing die SpG die Kicker aus Hermsdorf. Dieses Spiel fand auf dem Rasen im Sparkassen Waldstadion Sebnitz, zum traditionellen Familientag, statt. Beide Teams begannen recht offensiv die Partie. Bereits in der 10\u2018 gingen die [&hellip;]<\/p>\n","protected":false},"author":1,"featured_media":0,"parent":1978,"menu_order":3,"comment_status":"closed","ping_status":"closed","template":"","meta":{"footnotes":""},"class_list":["post-2161","page","type-page","status-publish","hentry"],"_links":{"self":[{"href":"https:\/\/www.sv-saupsdorf.de\/index.php?rest_route=\/wp\/v2\/pages\/2161","targetHints":{"allow":["GET"]}}],"collection":[{"href":"https:\/\/www.sv-saupsdorf.de\/index.php?rest_route=\/wp\/v2\/pages"}],"about":[{"href":"https:\/\/www.sv-saupsdorf.de\/index.php?rest_route=\/wp\/v2\/types\/page"}],"author":[{"embeddable":true,"href":"https:\/\/www.sv-saupsdorf.de\/index.php?rest_route=\/wp\/v2\/users\/1"}],"replies":[{"embeddable":true,"href":"https:\/\/www.sv-saupsdorf.de\/index.php?rest_route=%2Fwp%2Fv2%2Fcomments&post=2161"}],"version-history":[{"count":0,"href":"https:\/\/www.sv-saupsdorf.de\/index.php?rest_route=\/wp\/v2\/pages\/2161\/revisions"}],"up":[{"embeddable":true,"href":"https:\/\/www.sv-saupsdorf.de\/index.php?rest_route=\/wp\/v2\/pages\/1978"}],"wp:attachment":[{"href":"https:\/\/www.sv-saupsdorf.de\/index.php?rest_route=%2Fwp%2Fv2%2Fmedia&parent=2161"}],"curies":[{"name":"wp","href":"https:\/\/api.w.org\/{rel}","templated":true}]}}