{"id":22,"date":"2010-10-31T21:17:16","date_gmt":"2010-10-31T21:17:16","guid":{"rendered":"http:\/\/www.sv-saupsdorf.de\/?page_id=22"},"modified":"2025-08-10T09:39:32","modified_gmt":"2025-08-10T09:39:32","slug":"satzung","status":"publish","type":"page","link":"https:\/\/www.sv-saupsdorf.de\/?page_id=22","title":{"rendered":"Satzung"},"content":{"rendered":"<p><strong>Die Satzung hier zum Download: <a href=\"https:\/\/www.sv-saupsdorf.de\/wp-content\/uploads\/Neue-Satzung-2025.pdf\">https:\/\/www.sv-saupsdorf.de\/wp-content\/uploads\/Neue-Satzung-2025.pdf<\/a><\/strong><strong>\u00a0 \u00a0<\/strong><\/p>\n<p>&nbsp;<\/p>\n<h2>Finanzordnung des SV Saupsdorf e.V.<\/h2>\n<p>&nbsp;<\/p>\n<ol>\n<li>Jedes Vereinsmitglied zahlt Mitgliedsbeitr\u00e4ge, \u00fcber deren H\u00f6he der Vorstand entscheidet. Ehrenmitglieder und Kinder bis zum Alter von 6 Jahren sind beitragsfrei.<\/li>\n<\/ol>\n<p>&nbsp;<\/p>\n<ol start=\"2\">\n<li>Der j\u00e4hrliche Mitgliedsbeitrag betr\u00e4gt f\u00fcr:<\/li>\n<\/ol>\n<p>&nbsp;<\/p>\n<table width=\"406\">\n<tbody>\n<tr>\n<td width=\"293\">\u00b7 Aktive Einzelmitglieder \u00fcber 18 Jahre<\/td>\n<td width=\"113\">50,00 \u20ac<\/td>\n<\/tr>\n<tr>\n<td width=\"293\">\u00b7 Rentner (gegen Nachweis)<\/td>\n<td width=\"113\">25,00 \u20ac<\/td>\n<\/tr>\n<tr>\n<td width=\"293\">\u00b7 Sch\u00fcler \/ Studenten \/ Auszubildende\/<\/p>\n<p>Jugendliche \/ Wehrdienst- \/<\/p>\n<p>Zivildienstleistende \/ Arbeitslose<\/p>\n<p>(gegen Nachweis)<\/td>\n<td width=\"113\">&nbsp;<\/p>\n<p>25,00 \u20ac<\/p>\n<p>&nbsp;<\/td>\n<\/tr>\n<tr>\n<td width=\"293\">\u00b7 Kinder ab 7 Jahren,<\/p>\n<p>Jugendliche bis 18 Jahre (erstes Kind)<\/td>\n<td width=\"113\">&nbsp;<\/p>\n<p>25,00 \u20ac<\/td>\n<\/tr>\n<tr>\n<td width=\"293\">\u00b7 Kinder ab 7 Jahren,<\/p>\n<p>Jugendliche bis 18 Jahre (zweites Kind)<\/td>\n<td width=\"113\">&nbsp;<\/p>\n<p>25,00 \u20ac<\/td>\n<\/tr>\n<tr>\n<td width=\"293\">\u00b7 Kinder ab 7 Jahren,<\/p>\n<p>Jugendliche bis 18 Jahre (drittes Kind)<\/td>\n<td width=\"113\">&nbsp;<\/p>\n<p>0,00 \u20ac<\/td>\n<\/tr>\n<tr>\n<td width=\"293\">\u00b7 Mitglieder mit \u00dcbungsleiterfunktion<\/td>\n<td width=\"113\">30,00 \u20ac<\/td>\n<\/tr>\n<tr>\n<td width=\"293\">\u00b7 Mitglieder mit Abteilungs- \/<\/p>\n<p>Vorstandsfunktion<\/td>\n<td width=\"113\">&nbsp;<\/p>\n<p>30,00 \u20ac<\/td>\n<\/tr>\n<tr>\n<td width=\"293\">\u00b7 passive Mitglieder<\/td>\n<td width=\"113\">25,00 \u20ac<\/td>\n<\/tr>\n<\/tbody>\n<\/table>\n<p>&nbsp;<\/p>\n<p>&nbsp;<\/p>\n<ol start=\"3\">\n<li>\u00a0\u00a0\u00a0\u00a0\u00a0 Die Verpflichtung zur Zahlung der Beitr\u00e4ge ist eine Bringschuld des Mitglieds.<\/li>\n<\/ol>\n<p>Der Mitgliedsbeitrag ist ein Jahresbeitrag. Er ist bis zum 15. M\u00e4rz eines jeden Jahres im Voraus per Dauerauftrag zu<\/p>\n<p>entrichten, falls keine SEPA Lastschrift\u2010Mandatsvollmacht (SEPA\u2010Basis\u00a0 Lastschriftvollmacht) vorliegt.<\/p>\n<p>Ansonsten wird der jeweils f\u00e4llige Beitrag im SEPA\u2010Lastschriftverfahren jeweils zum 15. M\u00e4rz eines Jahres f\u00fcr das<\/p>\n<p>Kalenderjahr eingezogen. Die Mandatsreferenz\u2010Nummer der einzelnen<\/p>\n<p>Mitglieder bestehen aus Buchstaben und Nummern die der Verein vergibt und dem Mitglied<\/p>\n<p>schriftlich mitgeteilt werden.<\/p>\n<p>Der Verein hat die Gl\u00e4ubiger\u2010 Identifikationsnummer: DE11SVS00002459691 erhalten.<\/p>\n<p>F\u00fcr das Lastschriftverfahren gelten die allgemeinen Gesch\u00e4ftsbedingungen der Kreditinstitute<\/p>\n<p>im SEPA\u2010Verfahren.<\/p>\n<p>Weist das Konto eines Mitglieds zum Zeitpunkt der Abbuchung des Beitrages keine Deckung<\/p>\n<p>auf, haftet das Mitglied dem Verein gegen\u00fcber f\u00fcr s\u00e4mtliche in Zusammenhang<\/p>\n<p>mit der Beitragseinziehung sowie eventuellen R\u00fccklastschriften entstehenden Kosten.<\/p>\n<p>Bed\u00fcrftigen Mitgliedern kann der Vorstand den Beitrag erlassen oder erm\u00e4\u00dfigen.<\/p>\n<p>Die Beitragspflicht neuer Mitglieder beginnt mit dem 1. des Monats, der auf die Stellung des<\/p>\n<p>Aufnahmeantrags folgt. F\u00fcr neue Mitglieder, die nach 30.04. aufgenommen wurden,<\/p>\n<p>wird der Mitgliedsbeitrag am 15.12. eines Jahres per SEPA\u2010Lastschrift eingezogen.<\/p>\n<p>&nbsp;<\/p>\n<p>&nbsp;<\/p>\n<p><strong><u>Bankverbindung f\u00fcr Dauerauftrag: <\/u><\/strong><\/p>\n<p>Bank:\u00a0\u00a0\u00a0\u00a0\u00a0\u00a0\u00a0\u00a0\u00a0\u00a0\u00a0\u00a0\u00a0\u00a0\u00a0\u00a0\u00a0\u00a0\u00a0\u00a0 Osts\u00e4chsische Sparkasse Dresden<\/p>\n<p>Kontoinhaber:\u00a0\u00a0\u00a0\u00a0\u00a0\u00a0\u00a0 SV Saupsdorf e.V.<\/p>\n<p>IBAN:\u00a0\u00a0\u00a0\u00a0\u00a0\u00a0\u00a0\u00a0\u00a0\u00a0\u00a0\u00a0\u00a0\u00a0\u00a0\u00a0\u00a0\u00a0\u00a0 DE33 8505 0300 3000 0457 74<\/p>\n<p>BIC:\u00a0\u00a0 \u00a0\u00a0\u00a0\u00a0\u00a0\u00a0\u00a0\u00a0\u00a0\u00a0\u00a0\u00a0\u00a0\u00a0\u00a0\u00a0\u00a0\u00a0\u00a0\u00a0OSDDDE81XXX<\/p>\n<p>&nbsp;<\/p>\n<p>&nbsp;<\/p>\n<ol start=\"4\">\n<li>Umlagen und Sachleistungen k\u00f6nnen von den Mitgliedern erhoben werden. Hierzu ist ein Beschluss der Mitgliederversammlung notwendig.<\/li>\n<\/ol>\n<ol start=\"5\">\n<li>Jedes Mitglied im Alter von 16 bis 60 Jahren hat die Pflicht pro Jahr 5 Arbeitsstunden zur vereinseigenen Pflege der Anlagen leisten.<\/li>\n<\/ol>\n<p>6. Die Beitragsordnung kann vom Vorstand per Beschluss ge\u00e4ndert werden.<\/p>\n<p>&nbsp;<\/p>\n<p>&nbsp;<\/p>\n<p>Finanzordnung beschlossen am 28.02.2025<\/p>\n<p>&nbsp;<\/p>\n<p>&nbsp;<\/p>\n<p>&nbsp;<\/p>\n<p>&nbsp;<\/p>\n<p>&nbsp;<\/p>\n<p>&nbsp;<\/p>\n<p>&nbsp;<\/p>\n<p>&nbsp;<\/p>\n<p>&nbsp;<\/p>\n<p>&nbsp;<\/p>\n<p>&nbsp;<\/p>\n<p>&nbsp;<\/p>\n<p>&nbsp;<\/p>\n<p>&nbsp;<\/p>\n<p>&nbsp;<\/p>\n<p>&nbsp;<\/p>\n<p>&nbsp;<\/p>\n<p>&nbsp;<\/p>\n<p>&nbsp;<\/p>\n<p>&nbsp;<\/p>\n<p>&nbsp;<\/p>\n<p>&nbsp;<\/p>\n<p>&nbsp;<\/p>\n<p>&nbsp;<\/p>\n<p>&nbsp;<\/p>\n<p>&nbsp;<\/p>\n<p>&nbsp;<\/p>\n<p>&nbsp;<\/p>\n<p>&nbsp;<\/p>\n<p>&nbsp;<\/p>\n<p>&nbsp;<\/p>\n<p>&nbsp;<\/p>\n<p>&nbsp;<\/p>\n<p>&nbsp;<\/p>\n<p>&nbsp;<\/p>\n<p>&nbsp;<\/p>\n<p>&nbsp;<\/p>\n<p>&nbsp;<\/p>\n<p>&nbsp;<\/p>\n<p>&nbsp;<\/p>\n<p>&nbsp;<\/p>\n","protected":false},"excerpt":{"rendered":"<p>Die Satzung hier zum Download: https:\/\/www.sv-saupsdorf.de\/wp-content\/uploads\/Neue-Satzung-2025.pdf\u00a0 \u00a0 &nbsp; Finanzordnung des SV Saupsdorf e.V. &nbsp; Jedes Vereinsmitglied zahlt Mitgliedsbeitr\u00e4ge, \u00fcber deren H\u00f6he der Vorstand entscheidet. Ehrenmitglieder und Kinder bis zum Alter von 6 Jahren sind beitragsfrei. &nbsp; Der j\u00e4hrliche Mitgliedsbeitrag betr\u00e4gt f\u00fcr: &nbsp; \u00b7 Aktive Einzelmitglieder \u00fcber 18 Jahre 50,00 \u20ac \u00b7 Rentner (gegen Nachweis) 25,00 [&hellip;]<\/p>\n","protected":false},"author":1,"featured_media":0,"parent":31,"menu_order":1,"comment_status":"closed","ping_status":"open","template":"","meta":{"footnotes":""},"class_list":["post-22","page","type-page","status-publish","hentry"],"_links":{"self":[{"href":"https:\/\/www.sv-saupsdorf.de\/index.php?rest_route=\/wp\/v2\/pages\/22","targetHints":{"allow":["GET"]}}],"collection":[{"href":"https:\/\/www.sv-saupsdorf.de\/index.php?rest_route=\/wp\/v2\/pages"}],"about":[{"href":"https:\/\/www.sv-saupsdorf.de\/index.php?rest_route=\/wp\/v2\/types\/page"}],"author":[{"embeddable":true,"href":"https:\/\/www.sv-saupsdorf.de\/index.php?rest_route=\/wp\/v2\/users\/1"}],"replies":[{"embeddable":true,"href":"https:\/\/www.sv-saupsdorf.de\/index.php?rest_route=%2Fwp%2Fv2%2Fcomments&post=22"}],"version-history":[{"count":0,"href":"https:\/\/www.sv-saupsdorf.de\/index.php?rest_route=\/wp\/v2\/pages\/22\/revisions"}],"up":[{"embeddable":true,"href":"https:\/\/www.sv-saupsdorf.de\/index.php?rest_route=\/wp\/v2\/pages\/31"}],"wp:attachment":[{"href":"https:\/\/www.sv-saupsdorf.de\/index.php?rest_route=%2Fwp%2Fv2%2Fmedia&parent=22"}],"curies":[{"name":"wp","href":"https:\/\/api.w.org\/{rel}","templated":true}]}}