{"id":2372,"date":"2020-09-27T12:45:30","date_gmt":"2020-09-27T12:45:30","guid":{"rendered":"http:\/\/www.sv-saupsdorf.de\/?page_id=2372"},"modified":"2020-09-27T12:45:30","modified_gmt":"2020-09-27T12:45:30","slug":"3-punktspiel","status":"publish","type":"page","link":"https:\/\/www.sv-saupsdorf.de\/?page_id=2372","title":{"rendered":"3. Punktspiel"},"content":{"rendered":"<p><strong>\u00a0SV Glash\u00fctte \u00a0\u00a0\u2013 \u00a0SpG SV Saupsdorf\/BSV 68 Sebnitz 2.\u00a0\u00a0\u00a0\u00a0\u00a0\u00a0 2 : 4 \u00a0\u00a0(2 : 2)\u00a0 \u00a0\u00a0<\/strong><\/p>\n<p>Im 3. Punktspiel der neuen Saison, traf man wieder auf Glash\u00fctte, die Mannschaft aus dem letzten Pokalspiel.<\/p>\n<p>Diesmal wurde auf dem Kunstrasen in Glash\u00fctte, bei regnerischem Wetter, gespielt. Beide Teams versuchten von Anfang an Druck zu machen und schnell ein Tor zu erzielen. Die gr\u00f6\u00dften M\u00f6glichkeiten hatte aber unsere SpG, durch M. Maetze und S. Haci, der aber nur das Aluminium rechts und links traf.<\/p>\n<p>Ein Einwurf von links, H\u00f6he 16 m Raum und ein Schuss von M. Maetze, brachte in der 28\u2018 das 0:1.<\/p>\n<p>Aber 2 Minuten sp\u00e4ter konnte Glash\u00fctte zum 1:1 ausgleichen. Unsere Mannschaft lie\u00df sich davon aber nicht beeindrucken und ein leicht abgef\u00e4lschter Ball von S. Haci, senkte sich zum 1:2 ins Netz in der 33\u2018. Die SpG war spielbestimmend und hatte den Gegner eigentlich fest im Griff. Man musste aber in der 44\u2018 doch noch das 2:2 hinnehmen. So ging es mit diesem Ergebnis zur Pause, eine Parallele zum Pokalspiel.<\/p>\n<p>Acht Minuten nach Wiederanpfiff gab es einen berechtigten Foulstrafsto\u00df f\u00fcr unsers Jungs, den Schuss von P. D\u00fcffort konnte der TW der Gastgeber nur unzureichend abwehren und S. Haci setzte entscheidend nach und netzte zum 2:3.<\/p>\n<p>In der 56\u2018 k\u00f6pfte A. Menyhai eine gut getimte Ecke von links, ins obere Torecke zum Endstand zum 2:4. Die Gastgeber versuchten nur noch mit langen B\u00e4llen nach vorn zu kommen, scheiterten aber an ihrer eigenen Unkonzentriertheit, Eigensinnigkeit und der souver\u00e4nen Abwehr inklusiver Torwart unsere SpG.<\/p>\n<p>Ein verdienter und wichtiger Sieg, der Auftrieb, Selbstbewusstsein und Mut f\u00fcr kommende Aufgaben macht und da wartet schon zum n\u00e4chsten Spiel, vor heimischer Kulisse der Hartmannsdorfer SV.<\/p>\n<p><strong>Die SpG \u00a0SV Saupsdorf\/BSV 68 Sebnitz 2. spielte mit:<\/strong><\/p>\n<p><strong>Mi. H\u00e4ntzschel, F. Neumann (ab 80. R. Bastian), S. Prosche-Willmuth, M. Philipp (ab 74. K. H\u00e4ntzschel),<\/strong><strong>Timm, A. Hesse, P. D\u00fcffort, S. Haci (ab 90. F. Wagner), Ma. H\u00e4ntzschel, M. Maetze, A. Menyhai<\/strong><\/p>\n","protected":false},"excerpt":{"rendered":"<p>\u00a0SV Glash\u00fctte \u00a0\u00a0\u2013 \u00a0SpG SV Saupsdorf\/BSV 68 Sebnitz 2.\u00a0\u00a0\u00a0\u00a0\u00a0\u00a0 2 : 4 \u00a0\u00a0(2 : 2)\u00a0 \u00a0\u00a0 Im 3. Punktspiel der neuen Saison, traf man wieder auf Glash\u00fctte, die Mannschaft aus dem letzten Pokalspiel. Diesmal wurde auf dem Kunstrasen in Glash\u00fctte, bei regnerischem Wetter, gespielt. Beide Teams versuchten von Anfang an Druck zu machen und schnell [&hellip;]<\/p>\n","protected":false},"author":1,"featured_media":0,"parent":2341,"menu_order":2,"comment_status":"closed","ping_status":"closed","template":"","meta":{"footnotes":""},"class_list":["post-2372","page","type-page","status-publish","hentry"],"_links":{"self":[{"href":"https:\/\/www.sv-saupsdorf.de\/index.php?rest_route=\/wp\/v2\/pages\/2372","targetHints":{"allow":["GET"]}}],"collection":[{"href":"https:\/\/www.sv-saupsdorf.de\/index.php?rest_route=\/wp\/v2\/pages"}],"about":[{"href":"https:\/\/www.sv-saupsdorf.de\/index.php?rest_route=\/wp\/v2\/types\/page"}],"author":[{"embeddable":true,"href":"https:\/\/www.sv-saupsdorf.de\/index.php?rest_route=\/wp\/v2\/users\/1"}],"replies":[{"embeddable":true,"href":"https:\/\/www.sv-saupsdorf.de\/index.php?rest_route=%2Fwp%2Fv2%2Fcomments&post=2372"}],"version-history":[{"count":0,"href":"https:\/\/www.sv-saupsdorf.de\/index.php?rest_route=\/wp\/v2\/pages\/2372\/revisions"}],"up":[{"embeddable":true,"href":"https:\/\/www.sv-saupsdorf.de\/index.php?rest_route=\/wp\/v2\/pages\/2341"}],"wp:attachment":[{"href":"https:\/\/www.sv-saupsdorf.de\/index.php?rest_route=%2Fwp%2Fv2%2Fmedia&parent=2372"}],"curies":[{"name":"wp","href":"https:\/\/api.w.org\/{rel}","templated":true}]}}