{"id":2642,"date":"2022-04-24T16:33:17","date_gmt":"2022-04-24T16:33:17","guid":{"rendered":"http:\/\/www.sv-saupsdorf.de\/?page_id=2642"},"modified":"2022-04-24T16:33:17","modified_gmt":"2022-04-24T16:33:17","slug":"13-punktspiel","status":"publish","type":"page","link":"https:\/\/www.sv-saupsdorf.de\/?page_id=2642","title":{"rendered":"13. Punktspiel"},"content":{"rendered":"<p><strong>SpG SV Saupsdorf\/BSV 68 Sebnitz 2.\u00a0 \u00a0\u2013 SC Einheit Bahratal-Berggie\u00dfh\u00fcbel\u00a0\u00a0\u00a0 0 : 4 \u00a0\u00a0(0 : 3)\u00a0 \u00a0\u00a0<\/strong><\/p>\n<p>Zum ersten Heimspiel in der heimischen Arena in Saupsdorf, empfing man den bis dato Tabellenvierten.<\/p>\n<p>Den Verlauf des Spiels kann man eigentlich schnell zusammenfassen.<\/p>\n<p>Der Gegner spielte mit einem Libero, der lautstark seine Mannschaft dirigierte und die gesamte Abwehr spielte nur lange B\u00e4lle nach vorn.<\/p>\n<p>2 Standards, nach dem gleichem Muster, hohen Ball auf den zweiten Pfosten f\u00fchrten zu den Toren in der 15\u2018 und 42\u2018. In der 45\u2018 erh\u00f6hten die G\u00e4ste auf 0:3, da war unsere Elf gedanklich schon in er Pause.<\/p>\n<p>Im der zweiten H\u00e4lfte kam man besser ins Spiel, aber man blieb an diesen Tage weit unter seinen M\u00f6glichkeiten. Es lief nicht viel zusammen und man konnte sich kaum richtige Torchancen erspielen und die 2, 3 M\u00f6glichkeiten die man hatte, verfehlten ihr Ziel oder wurden vom Keeper der G\u00e4ste entsch\u00e4rft.<\/p>\n<p>In der 86\u2018 erzielten die G\u00e4ste das 0:4 und machten somit den Deckel auf diese Partie.<\/p>\n<p>Im n\u00e4chsten Spiel muss man sich geh\u00f6rig straffen um in Wesenitztal wenigstens einen Punkt zu holen.<\/p>\n<p><strong>Die SpG \u00a0SV Saupsdorf\/BSV 68 Sebnitz 2. spielte mit:<\/strong><\/p>\n<p><strong>\u00a0J. <\/strong><strong>Lehmann, , J. H\u00e4ntzschel (ab 18\u2018 A. Menyhei), J. Hesse, C. Baum, D. Hingst (ab 72\u2018S. Prosche-Willmuth), M. <\/strong><strong>Rabe, P. Ru\u00dfig (ab 46\u2018 M. Philipp), L. Timm, A. Hesse, K. H\u00e4ntzschel, P. D\u00fcffort<\/strong><\/p>\n","protected":false},"excerpt":{"rendered":"<p>SpG SV Saupsdorf\/BSV 68 Sebnitz 2.\u00a0 \u00a0\u2013 SC Einheit Bahratal-Berggie\u00dfh\u00fcbel\u00a0\u00a0\u00a0 0 : 4 \u00a0\u00a0(0 : 3)\u00a0 \u00a0\u00a0 Zum ersten Heimspiel in der heimischen Arena in Saupsdorf, empfing man den bis dato Tabellenvierten. Den Verlauf des Spiels kann man eigentlich schnell zusammenfassen. Der Gegner spielte mit einem Libero, der lautstark seine Mannschaft dirigierte und die gesamte [&hellip;]<\/p>\n","protected":false},"author":1,"featured_media":0,"parent":2458,"menu_order":13,"comment_status":"closed","ping_status":"closed","template":"","meta":{"footnotes":""},"class_list":["post-2642","page","type-page","status-publish","hentry"],"_links":{"self":[{"href":"https:\/\/www.sv-saupsdorf.de\/index.php?rest_route=\/wp\/v2\/pages\/2642","targetHints":{"allow":["GET"]}}],"collection":[{"href":"https:\/\/www.sv-saupsdorf.de\/index.php?rest_route=\/wp\/v2\/pages"}],"about":[{"href":"https:\/\/www.sv-saupsdorf.de\/index.php?rest_route=\/wp\/v2\/types\/page"}],"author":[{"embeddable":true,"href":"https:\/\/www.sv-saupsdorf.de\/index.php?rest_route=\/wp\/v2\/users\/1"}],"replies":[{"embeddable":true,"href":"https:\/\/www.sv-saupsdorf.de\/index.php?rest_route=%2Fwp%2Fv2%2Fcomments&post=2642"}],"version-history":[{"count":0,"href":"https:\/\/www.sv-saupsdorf.de\/index.php?rest_route=\/wp\/v2\/pages\/2642\/revisions"}],"up":[{"embeddable":true,"href":"https:\/\/www.sv-saupsdorf.de\/index.php?rest_route=\/wp\/v2\/pages\/2458"}],"wp:attachment":[{"href":"https:\/\/www.sv-saupsdorf.de\/index.php?rest_route=%2Fwp%2Fv2%2Fmedia&parent=2642"}],"curies":[{"name":"wp","href":"https:\/\/api.w.org\/{rel}","templated":true}]}}