{"id":31,"date":"2010-11-03T19:39:13","date_gmt":"2010-11-03T19:39:13","guid":{"rendered":"http:\/\/www.sv-saupsdorf.de\/?page_id=31"},"modified":"2021-03-27T08:28:34","modified_gmt":"2021-03-27T08:28:34","slug":"verein","status":"publish","type":"page","link":"https:\/\/www.sv-saupsdorf.de\/?page_id=31","title":{"rendered":"VEREIN"},"content":{"rendered":"\n<h2 class=\"wp-block-heading\">Sanierung der bestehenden Flutlichtanlage des Sportverein Saupsdorf e.V. auf LED Technik<\/h2>\n\n\n<p>Ein zeitlicher \u00dcberblick zu&nbsp; den&nbsp; Ma\u00dfnahmen des Projekts.<\/p>\n<p><\/p>\n<ul>\n<li>Mitte des Jahres 2019 entstand die Idee zu Projekt und es erfolgten erste Sondierungsgespr\u00e4che \u00fcber die Machbarkeit des Projekts und Angebotseinholung f\u00fcr das Projekt, sowie M\u00f6glichkeiten der Finanzierung.<\/li>\n<li>28.08.2019 Antrag F\u00f6rdermittel&nbsp; im Rahmen der Zuwendung der F\u00f6rderrichtlinie der gro\u00dfen Kreisstadt Sebnitz &#8222;Projektf\u00f6rderung&#8220; f\u00fcr gemeinn\u00fctzige&nbsp; Sebnitzer Vereine.<\/li>\n<li>14.03.2020 Vorstellung des Projektes zur Vereinsversammlung.<\/li>\n<li>Aktuelle Informationen zum Stand des Projekts in den einzelnen Vorstandssitzungen des Vereins.<\/li>\n<li>Antragstellung zur F\u00f6rderf\u00e4higkeit beim Landessportbund Sachsen.<\/li>\n<li>24.03.2020 Antragstellung auf F\u00f6rdermittel bei Projekt Tr\u00e4ger J\u00fclich, Berlin im Rahmen &#8222;Nationale Klimaschutzinitiative des Bundesumweltministeriums&#8220;.<\/li>\n<li>25.03.20 Antragstellung auf F\u00f6rdermittel bei der S\u00e4chsischen Aufbaubank -F\u00f6rderbank- Dresden, im Rahmen der &#8222;Investiven Sportf\u00f6rderung&#8220;.<\/li>\n<li>Dezember 2019 Einstellung der F\u00f6rdermittel, f\u00fcr das Projekt, der Stadt Sebnitz in den Haushalt.<\/li>\n<li>06.07.2020 Zuwendungsbescheid der S\u00e4chsischen Aufbaubank &#8211; F\u00f6rderbank- Dresden \u00fcber den F\u00f6rderzuschuss zum Projekt. F\u00f6rdermittelantragsnummer: 100437537<\/li>\n<li>\n<p>13.08.2020 Zuwendungsbescheid des Projekttr\u00e4ger J\u00fclich, zum Projekt mit einer Laufzeit vom 01.09.2020 bis 31.08.2021, F\u00f6rderkennzeichen: 03K14222<\/p>\n<\/li>\n<li>01.09.2020 Auftragserteilung an die Firma Sitolux zur Lieferung und Montage der Lampen, Traversen und Gateway Steuerung<\/li>\n<li>25.09.2020 Lieferung der neuen LED Lampendurch die Firma Sitolux.<\/li>\n<li>20.11.2020 Lieferung der neuen Traversen f\u00fcr die Flutlichtmasten.<\/li>\n<li>04.12.2020 Demontage alter Lampen und Montage neue LED Lampen durch die Firma Delilux, Berlin und Inbetriebnahme der neuen Flutlichtanlage.<\/li>\n<\/ul>\n<p style=\"text-align: center;\">Die Summe der gesamten Sanierung unserer Flutlichtanlage setzt sich wie folgt zusammen:<\/p>\n<p>Angebot der Firma Sitolux \u00fcber LED Lampen, Traversen, Fernsteuerung und Ingenieur-Dienstleistungen:&nbsp; &nbsp; &nbsp; &nbsp; &nbsp; &nbsp; &nbsp; &nbsp; &nbsp; &nbsp; &nbsp; &nbsp; &nbsp; &nbsp; &nbsp; &nbsp; &nbsp; &nbsp; &nbsp; &nbsp; &nbsp; &nbsp; &nbsp;<strong>26.311,00 Euro<\/strong><\/p>\n<p>F\u00f6rdermittel der S\u00e4chsischen Aufbaubank&nbsp; &nbsp; &nbsp; &nbsp; &nbsp; &nbsp; &nbsp; &nbsp; &nbsp; &nbsp; &nbsp; &nbsp; &nbsp; &nbsp;13.102,00 Euro<\/p>\n<p>Projekttr\u00e4ger J\u00fclich&nbsp; &nbsp; &nbsp; &nbsp; &nbsp; &nbsp; &nbsp; &nbsp; &nbsp; &nbsp; &nbsp; &nbsp; &nbsp; &nbsp; &nbsp; &nbsp; &nbsp; &nbsp; &nbsp; &nbsp; &nbsp; &nbsp; &nbsp; &nbsp; &nbsp; &nbsp; &nbsp; &nbsp; &nbsp; &nbsp; &nbsp; &nbsp; &nbsp; &nbsp; &nbsp; &nbsp;5.262,00 Euro<\/p>\n<p>Gro\u00dfe Kreisstadt Sebnitz&nbsp; &nbsp; &nbsp; &nbsp; &nbsp; &nbsp; &nbsp; &nbsp; &nbsp; &nbsp; &nbsp; &nbsp; &nbsp; &nbsp; &nbsp; &nbsp; &nbsp; &nbsp; &nbsp; &nbsp; &nbsp; &nbsp; &nbsp; &nbsp; &nbsp; &nbsp; &nbsp; &nbsp; &nbsp; &nbsp; &nbsp;4.000,00 Euro<\/p>\n<p>Eigenanteil SV Saupsdorf e.V.&nbsp; &nbsp; &nbsp; &nbsp; &nbsp; &nbsp; &nbsp; &nbsp; &nbsp; &nbsp; &nbsp; &nbsp; &nbsp; &nbsp; &nbsp; &nbsp; &nbsp; &nbsp; &nbsp; &nbsp; &nbsp; &nbsp; &nbsp; &nbsp; &nbsp; &nbsp; &nbsp;3.947,00 Euro<\/p>\n<p><strong>Im Vergleich zu den alten Halogen Metalldampflampen, 6 x a 2000 W sparen wir mit den neuen LED Lampen, 6 x a 720 W und 2 x a 480 W ca. 59,55 % Energie, senken den CO2 Aussto\u00df um ca. 64,80 % und reduzieren den Schwefel-Aussto\u00df um ca. 35,20 %.<\/strong><\/p>\n<p>Somit haben wir eine effizientere Ausleuchtung unseres Sportplatzes und leisten unseren Beitrag zum Schutze unserer Umwelt und zum Klimawandel.<\/p>\n<h1 style=\"text-align: center;\">Wir bedanken uns bei unseren Partnern zur F\u00f6rderung<\/h1>\n<h1 style=\"text-align: center;\"><span style=\"color: #0000ff;\">&#8220; Sanierung der bestehenden Flurlichtanlage des Sportverein Saupsdorf e.V. auf LED Technik&#8220;<\/span><\/h1>\n\n\n<figure class=\"wp-block-image\"><img decoding=\"async\" src=\"https:\/\/www.sv-saupsdorf.de\/wp-content\/uploads\/Bundesministerium-1024x255.jpg\" alt=\"\" class=\"wp-image-2419\"\/><\/figure>\n\n\n<h1 style=\"text-align: center;\"><strong>Das Klimaschutzprojekt<\/strong><\/h1>\n<p style=\"text-align: center;\"><strong><span style=\"color: #3366ff;\">Sanierung der bestehenden Flutlichtanlage des Sportverein Saupsdorf e.V. auf LED Technik<\/span><\/strong><\/p>\n<p style=\"text-align: center;\"><span style=\"color: #000000;\"><strong>wurde im Rahmen der&nbsp;<\/strong><\/span><\/p>\n<p style=\"text-align: center;\"><strong>Nationalen Klimaschutzinitiative<\/strong><\/p>\n<p style=\"text-align: center;\"><strong>des Bundesumweltministeriums gef\u00f6rdert.<\/strong><\/p>\n<h1 style=\"text-align: center;\">Nationale Klimaschutzinitiative<\/h1>\n<p>Mit der Nationalen Klimaschutzinitiative initiiert und f\u00f6rdert das Bundesumweltministerium seit 2008 zahlreiche Projekte, die einen Beitrag zur Senkung der Treibhausgasemission leisten. Ihre Programme und Projekte decken ein breites Spektrum an Klimaschutzaktivit\u00e4ten ab: Von der Entwicklung langfristiger Strategien bis hin zu konkreten Hilfestellungen und investiven F\u00f6rderma\u00dfnahmen. Diese Vielfalt ist Garant f\u00fcr gute Ideen. Die Nationale Klimaschutzinitiative&nbsp; tr\u00e4gt zu einer Verankerung des Klimaschutzes vor Ort bei. Von ihr profitieren Verbraucherinnen und Verbraucher ebenso wie die Unternehmen, Kommunen oder Bildungseinrichtungen.<\/p>\n<p style=\"text-align: center;\">Weitere Informationen sind unter diesem Link erh\u00e4ltlich:<\/p>\n<p style=\"text-align: center;\"><a href=\"https:\/\/www.ptj.de\/klimaschutzinitiative-kommunen\">https:\/\/www.ptj.de\/klimaschutzinitiative-kommunen<\/a><\/p>\n\n\n<div class=\"wp-block-image\"><figure class=\"aligncenter\"><img decoding=\"async\" src=\"https:\/\/www.sv-saupsdorf.de\/wp-content\/uploads\/Logo-S\u00e4chsische-Aufbaubank-F\u00f6rderbank.png\" alt=\"\" class=\"wp-image-2420\"\/><figcaption><strong>S\u00e4chsische Aufbaubank &#8211; F\u00f6rderbank<\/strong><\/figcaption><\/figure><\/div>\n\n\n<h1 style=\"text-align: center;\"><strong>Das Projekt<\/strong><\/h1>\n<p style=\"text-align: center;\"><strong><span style=\"color: #3366ff;\">Sanierung der bestehenden Flutlichtanlage des Sportverein Saupsdorf e.V. auf LED Technik<\/span><\/strong><\/p>\n<p style=\"text-align: center;\"><span style=\"color: #000000;\"><strong>wurde im Rahmen der&nbsp;<\/strong><\/span><\/p>\n<p style=\"text-align: center;\"><strong>Investiven Sportf\u00f6rderung <\/strong><\/p>\n<p style=\"text-align: center;\"><strong>der S\u00e4chsischen Aufbaubank &#8211; F\u00f6rderbank &#8211; Dresden<\/strong><\/p>\n<p style=\"text-align: center;\"><strong>gef\u00f6rdert.<\/strong><\/p>\n<p style=\"text-align: center;\">Weitere Informationen sind unter diesem Link erh\u00e4ltlich:<\/p>\n<p style=\"text-align: center;\"><a href=\"https:\/\/www.sab.sachsen.de\/index.jsp?cookieMSG=allowed\">https:\/\/www.sab.sachsen.de\/index.jsp?cookieMSG=allowed<\/a><\/p>\n\n\n<div class=\"wp-block-image\"><figure class=\"aligncenter\"><img decoding=\"async\" src=\"https:\/\/www.sv-saupsdorf.de\/wp-content\/uploads\/Logo-Stadt-Sebnitz-e1608470539473.jpe\" alt=\"\" class=\"wp-image-2421\"\/><figcaption><strong>Stadt Sebnitz<\/strong><\/figcaption><\/figure><\/div>\n\n\n<h1 style=\"text-align: center;\"><strong>Das Projekt<\/strong><\/h1>\n<p style=\"text-align: center;\"><strong><span style=\"color: #3366ff;\">Sanierung der bestehenden Flutlichtanlage des Sportverein Saupsdorf e.V. auf LED Technik<\/span><\/strong><\/p>\n<p style=\"text-align: center;\"><span style=\"color: #000000;\"><strong>wurde im Rahmen der&nbsp;<\/strong><\/span><\/p>\n<p style=\"text-align: center;\"><strong>der Zuwendung der F\u00f6rderrichtlinie der Gro\u00dfen Kreisstadt Sebnitz<\/strong><\/p>\n<p style=\"text-align: center;\"><strong>Projektf\u00f6rderung<\/strong><\/p>\n<p style=\"text-align: center;\"><strong>f\u00fcr gemeinn\u00fctzige Sebnitzer Vereine gef\u00f6rdert.<\/strong><\/p>\n<p style=\"text-align: center;\">Weitere Informationen sind unter diesem Link erh\u00e4ltlich:<\/p>\n<p><a href=\"https:\/\/rathaus.sebnitz.de\/downloads\/Frderantrag_Vereinsfrderung_tabellarisch.pdf\">https:\/\/rathaus.sebnitz.de\/downloads\/Frderantrag_Vereinsfrderung_tabellarisch.pdf<\/a><\/p>\n<h1 style=\"text-align: center;\">Bilder der alten und neuen Beleuchtung<\/h1>\n\n\n<figure class=\"wp-block-image\"><img loading=\"lazy\" decoding=\"async\" width=\"1024\" height=\"576\" src=\"https:\/\/www.sv-saupsdorf.de\/wp-content\/uploads\/Flutlicht-Stra\u00dfe-1024x576.jpg\" alt=\"\" class=\"wp-image-2422\" srcset=\"https:\/\/www.sv-saupsdorf.de\/wp-content\/uploads\/Flutlicht-Stra\u00dfe-1024x576.jpg 1024w, https:\/\/www.sv-saupsdorf.de\/wp-content\/uploads\/Flutlicht-Stra\u00dfe-300x169.jpg 300w, https:\/\/www.sv-saupsdorf.de\/wp-content\/uploads\/Flutlicht-Stra\u00dfe-768x432.jpg 768w, https:\/\/www.sv-saupsdorf.de\/wp-content\/uploads\/Flutlicht-Stra\u00dfe.jpg 1920w\" sizes=\"auto, (max-width: 1024px) 100vw, 1024px\" \/><figcaption>Alte Beleuchtung Stra\u00dfenseite<\/figcaption><\/figure>\n\n\n\n<figure class=\"wp-block-image\"><img loading=\"lazy\" decoding=\"async\" width=\"1024\" height=\"576\" src=\"https:\/\/www.sv-saupsdorf.de\/wp-content\/uploads\/Flutlicht-Hang-1024x576.jpg\" alt=\"\" class=\"wp-image-2423\" srcset=\"https:\/\/www.sv-saupsdorf.de\/wp-content\/uploads\/Flutlicht-Hang-1024x576.jpg 1024w, https:\/\/www.sv-saupsdorf.de\/wp-content\/uploads\/Flutlicht-Hang-300x169.jpg 300w, https:\/\/www.sv-saupsdorf.de\/wp-content\/uploads\/Flutlicht-Hang-768x432.jpg 768w, https:\/\/www.sv-saupsdorf.de\/wp-content\/uploads\/Flutlicht-Hang.jpg 1920w\" sizes=\"auto, (max-width: 1024px) 100vw, 1024px\" \/><figcaption>Alte Beleuchtung Hangseite<\/figcaption><\/figure>\n\n\n\n<figure class=\"wp-block-image\"><img loading=\"lazy\" decoding=\"async\" width=\"1024\" height=\"576\" src=\"https:\/\/www.sv-saupsdorf.de\/wp-content\/uploads\/Flutlicht-Neu-Linke-Seite-1024x576.jpg\" alt=\"\" class=\"wp-image-2424\" srcset=\"https:\/\/www.sv-saupsdorf.de\/wp-content\/uploads\/Flutlicht-Neu-Linke-Seite-1024x576.jpg 1024w, https:\/\/www.sv-saupsdorf.de\/wp-content\/uploads\/Flutlicht-Neu-Linke-Seite-300x169.jpg 300w, https:\/\/www.sv-saupsdorf.de\/wp-content\/uploads\/Flutlicht-Neu-Linke-Seite-768x432.jpg 768w, https:\/\/www.sv-saupsdorf.de\/wp-content\/uploads\/Flutlicht-Neu-Linke-Seite.jpg 1920w\" sizes=\"auto, (max-width: 1024px) 100vw, 1024px\" \/><figcaption>Neue Beleuchtung Stra\u00dfenseite<\/figcaption><\/figure>\n\n\n\n<figure class=\"wp-block-image\"><img loading=\"lazy\" decoding=\"async\" width=\"1024\" height=\"576\" src=\"https:\/\/www.sv-saupsdorf.de\/wp-content\/uploads\/Flutlicht-Neu-Rechte-Seite-1024x576.jpg\" alt=\"\" class=\"wp-image-2425\" srcset=\"https:\/\/www.sv-saupsdorf.de\/wp-content\/uploads\/Flutlicht-Neu-Rechte-Seite-1024x576.jpg 1024w, https:\/\/www.sv-saupsdorf.de\/wp-content\/uploads\/Flutlicht-Neu-Rechte-Seite-300x169.jpg 300w, https:\/\/www.sv-saupsdorf.de\/wp-content\/uploads\/Flutlicht-Neu-Rechte-Seite-768x432.jpg 768w, https:\/\/www.sv-saupsdorf.de\/wp-content\/uploads\/Flutlicht-Neu-Rechte-Seite.jpg 1920w\" sizes=\"auto, (max-width: 1024px) 100vw, 1024px\" \/><figcaption>Neue Beleuchtung Hangseite<\/figcaption><\/figure>\n\n\n\n<figure class=\"wp-block-image\"><img loading=\"lazy\" decoding=\"async\" width=\"1024\" height=\"576\" src=\"https:\/\/www.sv-saupsdorf.de\/wp-content\/uploads\/Flutlicht-Einzellampe-r.M.-1024x576.jpg\" alt=\"\" class=\"wp-image-2426\" srcset=\"https:\/\/www.sv-saupsdorf.de\/wp-content\/uploads\/Flutlicht-Einzellampe-r.M.-1024x576.jpg 1024w, https:\/\/www.sv-saupsdorf.de\/wp-content\/uploads\/Flutlicht-Einzellampe-r.M.-300x169.jpg 300w, https:\/\/www.sv-saupsdorf.de\/wp-content\/uploads\/Flutlicht-Einzellampe-r.M.-768x432.jpg 768w, https:\/\/www.sv-saupsdorf.de\/wp-content\/uploads\/Flutlicht-Einzellampe-r.M..jpg 1920w\" sizes=\"auto, (max-width: 1024px) 100vw, 1024px\" \/><figcaption>Neue LED Lampe Mitte links<\/figcaption><\/figure>\n\n\n\n<figure class=\"wp-block-image\"><img loading=\"lazy\" decoding=\"async\" width=\"1024\" height=\"576\" src=\"https:\/\/www.sv-saupsdorf.de\/wp-content\/uploads\/Flutlicht-Einzelampe-r.V.-1024x576.jpg\" alt=\"\" class=\"wp-image-2427\" srcset=\"https:\/\/www.sv-saupsdorf.de\/wp-content\/uploads\/Flutlicht-Einzelampe-r.V.-1024x576.jpg 1024w, https:\/\/www.sv-saupsdorf.de\/wp-content\/uploads\/Flutlicht-Einzelampe-r.V.-300x169.jpg 300w, https:\/\/www.sv-saupsdorf.de\/wp-content\/uploads\/Flutlicht-Einzelampe-r.V.-768x432.jpg 768w, https:\/\/www.sv-saupsdorf.de\/wp-content\/uploads\/Flutlicht-Einzelampe-r.V..jpg 1920w\" sizes=\"auto, (max-width: 1024px) 100vw, 1024px\" \/><figcaption>Neue LED Lampe Vorn links<\/figcaption><\/figure>\n","protected":false},"excerpt":{"rendered":"<p>Sanierung der bestehenden Flutlichtanlage des Sportverein Saupsdorf e.V. auf LED Technik Ein zeitlicher \u00dcberblick zu&nbsp; den&nbsp; Ma\u00dfnahmen des Projekts. Mitte des Jahres 2019 entstand die Idee zu Projekt und es erfolgten erste Sondierungsgespr\u00e4che \u00fcber die Machbarkeit des Projekts und Angebotseinholung f\u00fcr das Projekt, sowie M\u00f6glichkeiten der Finanzierung. 28.08.2019 Antrag F\u00f6rdermittel&nbsp; im Rahmen der Zuwendung der [&hellip;]<\/p>\n","protected":false},"author":1,"featured_media":0,"parent":0,"menu_order":0,"comment_status":"closed","ping_status":"open","template":"","meta":{"footnotes":""},"class_list":["post-31","page","type-page","status-publish","hentry"],"_links":{"self":[{"href":"https:\/\/www.sv-saupsdorf.de\/index.php?rest_route=\/wp\/v2\/pages\/31","targetHints":{"allow":["GET"]}}],"collection":[{"href":"https:\/\/www.sv-saupsdorf.de\/index.php?rest_route=\/wp\/v2\/pages"}],"about":[{"href":"https:\/\/www.sv-saupsdorf.de\/index.php?rest_route=\/wp\/v2\/types\/page"}],"author":[{"embeddable":true,"href":"https:\/\/www.sv-saupsdorf.de\/index.php?rest_route=\/wp\/v2\/users\/1"}],"replies":[{"embeddable":true,"href":"https:\/\/www.sv-saupsdorf.de\/index.php?rest_route=%2Fwp%2Fv2%2Fcomments&post=31"}],"version-history":[{"count":0,"href":"https:\/\/www.sv-saupsdorf.de\/index.php?rest_route=\/wp\/v2\/pages\/31\/revisions"}],"wp:attachment":[{"href":"https:\/\/www.sv-saupsdorf.de\/index.php?rest_route=%2Fwp%2Fv2%2Fmedia&parent=31"}],"curies":[{"name":"wp","href":"https:\/\/api.w.org\/{rel}","templated":true}]}}