{"id":317,"date":"2011-04-10T10:46:07","date_gmt":"2011-04-10T10:46:07","guid":{"rendered":"http:\/\/www.sv-saupsdorf.de\/?page_id=317"},"modified":"2021-03-27T08:49:00","modified_gmt":"2021-03-27T08:49:00","slug":"21-spieltag","status":"publish","type":"page","link":"https:\/\/www.sv-saupsdorf.de\/?page_id=317","title":{"rendered":"21. Spieltag"},"content":{"rendered":"<p><strong>SV Saupsdorf  &#8211;  SV Pirna-S\u00fcd 3.  4 : 0 (1 : 0)<\/strong><\/p>\n<p>Bei st\u00fcrmischen Witterungsverh\u00e4ltnissen empfing der SVS am vergangenen Samstag die dritte Garnitur des SV Pirna-S\u00fcd. Nach zwei Punktspielniederlagen in Folge und 0 : 7 Toren, wollten die Saupsdorfer Kicker nun endlich wieder raus aus der Minikrise. Mit den treuen Fans im R\u00fccken begannen sie sehr druckvoll und machten von Anfang an klar, wer hier Herr im Haus ist. Nach nur 7 Minuten pr\u00fcfte Meintzschel, mit seinem Distanzschuss, den TW der S\u00fcdst\u00e4dter. Danach hatte Starke die F\u00fchrung auf dem Fu\u00df. Seine Sch\u00fcsse gingen aber knapp am Tor vorbei (13.), bzw. landeten am Querbalken (16.). Saupsdorf  merkte, dass an diesem Tag was geht und lie\u00df nicht locker. Einen Schuss von Maetze konnte der Pirnaer TW gerade noch entsch\u00e4rfen (16.), doch nur sechs Minuten sp\u00e4ter hatte er gegen Prosche das Nachsehen. Eine flach hereingegebene Ecke von Grandl verwertete der Kapit\u00e4n des SVS zur 1 : 0-F\u00fchrung. Die S\u00fcdst\u00e4dter zeigten sich zwar bem\u00fcht und es waren auch gute Ans\u00e4tze f\u00fcr einen Spielaufbau zu erkennen, letztendlich aber verpufften die wenigen Angriffsversuche in Harmlosigkeit. Mit der knappen aber verdienten F\u00fchrung ging es in die Pause. Im zweiten Durchgang kn\u00fcpften die Saupdorfer an die gute Leistung der ersten Halbzeit an. Ein scharfer Distanzschuss von Ehrlichmann wurde durch die Pirnaer Abwehr geblockt und der Nachschuss von Starke konnte gerade noch ins Toraus gelenkt werden. Die daraus resultierende Ecke verwandelte Ru\u00dfig, unter g\u00fctiger Mithilfe des Windes und des Torh\u00fcters, direkt zum 2 : 0 (51.). W\u00e4hrend weitere Chancen von Maetze (54.) und Prosche (58.) durch den TW der S\u00fcdst\u00e4dter vereitelt werden konnten, sorgte Starke mit einem Doppelpack f\u00fcr die Vorentscheidung. Einen 20-Meter-Freisto\u00df nagelte er unhaltbar unter die Latte (64.), und nur zwei Minuten sp\u00e4ter setzte er sich prima im Strafraum durch und versenkte das Leder per Drehschuss im Tor (66.). Normalerweise beschr\u00e4nkt man sich bei einer 4 : 0-F\u00fchrung auf das notwendigste und spielt aus einer sicheren Abwehr heraus aber aus unerkl\u00e4rlichen Gr\u00fcnden agierte Saupsdorf sehr offensiv und so entstanden in der Hintermannschaft zunehmend gro\u00dfe L\u00fccken. Gl\u00fccklicherweise verstanden es die Pirnaer nicht diese zu nutzen und so konnte endlich wieder einmal ein Spiel zu Null gewonnen werden. Ein wichtiger Sieg, der der Moral der Mannschaft gut tun und Selbstvertrauen f\u00fcr das schwere Ausw\u00e4rtsspiel in Langburkersdorf geben sollte.<\/p>\n<p><strong>F\u00fcr den SV Saupsdorf spielten:<\/strong><br \/>\nMartin Sturm, F. Glaser, Prosche, Kutzner (55. Frenzel), K. Sch\u00e4fer (85. Riedel), Grandl, Meintzschel, Maetze, Ru\u00dfig, Ehrlichmann (76. K\u00f6gler) Starke<\/p>\n","protected":false},"excerpt":{"rendered":"<p>SV Saupsdorf &#8211; SV Pirna-S\u00fcd 3. 4 : 0 (1 : 0) Bei st\u00fcrmischen Witterungsverh\u00e4ltnissen empfing der SVS am vergangenen Samstag die dritte Garnitur des SV Pirna-S\u00fcd. Nach zwei Punktspielniederlagen in Folge und 0 : 7 Toren, wollten die Saupsdorfer Kicker nun endlich wieder raus aus der Minikrise. Mit den treuen Fans im R\u00fccken begannen [&hellip;]<\/p>\n","protected":false},"author":1,"featured_media":0,"parent":103,"menu_order":21,"comment_status":"closed","ping_status":"open","template":"","meta":{"footnotes":""},"class_list":["post-317","page","type-page","status-publish","hentry"],"_links":{"self":[{"href":"https:\/\/www.sv-saupsdorf.de\/index.php?rest_route=\/wp\/v2\/pages\/317","targetHints":{"allow":["GET"]}}],"collection":[{"href":"https:\/\/www.sv-saupsdorf.de\/index.php?rest_route=\/wp\/v2\/pages"}],"about":[{"href":"https:\/\/www.sv-saupsdorf.de\/index.php?rest_route=\/wp\/v2\/types\/page"}],"author":[{"embeddable":true,"href":"https:\/\/www.sv-saupsdorf.de\/index.php?rest_route=\/wp\/v2\/users\/1"}],"replies":[{"embeddable":true,"href":"https:\/\/www.sv-saupsdorf.de\/index.php?rest_route=%2Fwp%2Fv2%2Fcomments&post=317"}],"version-history":[{"count":0,"href":"https:\/\/www.sv-saupsdorf.de\/index.php?rest_route=\/wp\/v2\/pages\/317\/revisions"}],"up":[{"embeddable":true,"href":"https:\/\/www.sv-saupsdorf.de\/index.php?rest_route=\/wp\/v2\/pages\/103"}],"wp:attachment":[{"href":"https:\/\/www.sv-saupsdorf.de\/index.php?rest_route=%2Fwp%2Fv2%2Fmedia&parent=317"}],"curies":[{"name":"wp","href":"https:\/\/api.w.org\/{rel}","templated":true}]}}