{"id":3317,"date":"2026-04-12T09:59:30","date_gmt":"2026-04-12T09:59:30","guid":{"rendered":"https:\/\/www.sv-saupsdorf.de\/?page_id=3317"},"modified":"2026-04-12T09:59:30","modified_gmt":"2026-04-12T09:59:30","slug":"19-punktspiel","status":"publish","type":"page","link":"https:\/\/www.sv-saupsdorf.de\/?page_id=3317","title":{"rendered":"19. Punktspiel"},"content":{"rendered":"<p><strong>SG Sch\u00f6nfeld \u2013\u00a0 SpG SV Saupsdorf\/BSV 68 Sebnitz 2. \u00a0\u00a0\u00a0\u00a0\u00a0\u00a0\u00a0\u00a0\u00a0\u00a0\u00a0\u00a0\u00a04 : 0 \u00a0\u00a0(1 : 0)\u00a0 \u00a0\u00a0<\/strong><\/p>\n<p>Ersatzgeschw\u00e4cht mit nur 12 Spielern fuhr man zu diesem Ausw\u00e4rtsspiel. Stellt sich die Frage, wo waren die<\/p>\n<p>anderen Spieler aus unserem Kader? Jedes Spiel ist f\u00fcr uns wichtig, um die Klasse zu halten und dazu brauchen<\/p>\n<p>wir jeden Spieler, um dieses Ziel zu schaffen!<\/p>\n<p>Um es auch vorwegzunehmen, so deutlich wie das Ergebnis war dieses Spiel nicht.<\/p>\n<p>Alle die auf dem Platz waren haben alles gegeben und haben gut dagegengehalten.<\/p>\n<p>Wer wei\u00df wie das Spiel verlaufen w\u00e4re, wenn der Schiri einen klaren Elfmeter f\u00fcr uns in der 20\u2018 gepfiffen h\u00e4tte<\/p>\n<p>aber er war zu weit weg und \u00fcberh\u00f6rte gewissenhaft das klare Kontaktger\u00e4usch am Fu\u00df von E. Graf-Krause. In der 26\u2018<\/p>\n<p>konnte nach Eckball von links der Ball nicht klar gekl\u00e4rt werden und so fiel das 1:0 aus 15 m, dies war dann auch der<\/p>\n<p>Pausenstand.<\/p>\n<p>Im zweiten Abschnitt war unsere Elf besser im Spiel und erarbeitete sich Chancen, die aber leider<\/p>\n<p>nicht genutzt wurden. Ein Angriff \u00fcber die rechte Seite und das Zuspiel an die Box, nutzen die Gastgeber in der 70\u2018 zum<\/p>\n<p>2:0.<\/p>\n<p>Danach pfiff der immer schlechter werdende Schiri Lehmann aus Freital Wei\u00dfig einen Strafsto\u00df und wenn er den<\/p>\n<p>gibt, h\u00e4tte er auch in der ersten Halbzeit den Elfer f\u00fcr uns pfeifen m\u00fcssen.<\/p>\n<p>Den Elfer verwandelten die Platzherren zum<\/p>\n<p>3:0 in der 80\u2018. Leider pfiff dann der Schiri immer mehr pro Sch\u00f6nfeld und es gab auch keine Karten f\u00fcr Fouls von hinten<\/p>\n<p>in die Knochen unserer Spieler.<\/p>\n<p>Den Schlusspunkt zu 4:0 folgte dann in der 87\u2018.<\/p>\n<p>&nbsp;<\/p>\n<p>&nbsp;<\/p>\n<p><strong>Die SpG \u00a0SV Saupsdorf\/BSV 68 Sebnitz 2. spielte mit:\u00a0\u00a0\u00a0\u00a0 <\/strong><\/p>\n<p><strong>M. <\/strong><strong>H\u00e4ntzschel, F. Neumann (ab 82\u2018 L. Mehlhorn), L. Mehlhorn (ab 65\u2018 M. Hensel), F. Hampel, S. Kuzner, D. Thonig, E. Graf-Krause, P. D\u00fcffort, J.M. Schulze, A. Menyhei, P. Wende<\/strong><\/p>\n","protected":false},"excerpt":{"rendered":"<p>SG Sch\u00f6nfeld \u2013\u00a0 SpG SV Saupsdorf\/BSV 68 Sebnitz 2. \u00a0\u00a0\u00a0\u00a0\u00a0\u00a0\u00a0\u00a0\u00a0\u00a0\u00a0\u00a0\u00a04 : 0 \u00a0\u00a0(1 : 0)\u00a0 \u00a0\u00a0 Ersatzgeschw\u00e4cht mit nur 12 Spielern fuhr man zu diesem Ausw\u00e4rtsspiel. Stellt sich die Frage, wo waren die anderen Spieler aus unserem Kader? Jedes Spiel ist f\u00fcr uns wichtig, um die Klasse zu halten und dazu brauchen wir jeden Spieler, [&hellip;]<\/p>\n","protected":false},"author":1,"featured_media":0,"parent":3243,"menu_order":0,"comment_status":"closed","ping_status":"closed","template":"","meta":{"footnotes":""},"class_list":["post-3317","page","type-page","status-publish","hentry"],"_links":{"self":[{"href":"https:\/\/www.sv-saupsdorf.de\/index.php?rest_route=\/wp\/v2\/pages\/3317","targetHints":{"allow":["GET"]}}],"collection":[{"href":"https:\/\/www.sv-saupsdorf.de\/index.php?rest_route=\/wp\/v2\/pages"}],"about":[{"href":"https:\/\/www.sv-saupsdorf.de\/index.php?rest_route=\/wp\/v2\/types\/page"}],"author":[{"embeddable":true,"href":"https:\/\/www.sv-saupsdorf.de\/index.php?rest_route=\/wp\/v2\/users\/1"}],"replies":[{"embeddable":true,"href":"https:\/\/www.sv-saupsdorf.de\/index.php?rest_route=%2Fwp%2Fv2%2Fcomments&post=3317"}],"version-history":[{"count":0,"href":"https:\/\/www.sv-saupsdorf.de\/index.php?rest_route=\/wp\/v2\/pages\/3317\/revisions"}],"up":[{"embeddable":true,"href":"https:\/\/www.sv-saupsdorf.de\/index.php?rest_route=\/wp\/v2\/pages\/3243"}],"wp:attachment":[{"href":"https:\/\/www.sv-saupsdorf.de\/index.php?rest_route=%2Fwp%2Fv2%2Fmedia&parent=3317"}],"curies":[{"name":"wp","href":"https:\/\/api.w.org\/{rel}","templated":true}]}}