{"id":3319,"date":"2026-04-19T09:04:42","date_gmt":"2026-04-19T09:04:42","guid":{"rendered":"https:\/\/www.sv-saupsdorf.de\/?page_id=3319"},"modified":"2026-04-19T09:04:42","modified_gmt":"2026-04-19T09:04:42","slug":"20-punktspiel","status":"publish","type":"page","link":"https:\/\/www.sv-saupsdorf.de\/?page_id=3319","title":{"rendered":"20. Punktspiel"},"content":{"rendered":"<p><strong>SpG SV Saupsdorf\/BSV 68 Sebnitz 2. \u00a0\u2013\u00a0 SpG SV Sachsen M\u00fcglitztal\/SV Glash\u00fctte 2.\u00a0\u00a0\u00a0\u00a0\u00a0\u00a0\u00a0\u00a0\u00a0\u00a0\u00a0\u00a0 3 : 2 \u00a0\u00a0(0 : 1)\u00a0 \u00a0\u00a0<\/strong><\/p>\n<p>Bei herrlichen Sonnenscheinempfing man zum letzten Heimspiel in Sebnitz, den Tabellensechsten.<\/p>\n<p>Im ersten Spielabschnitt war es ein Spiel auf Augenh\u00f6he, beide Teams spielten gef\u00e4llig zwischen den Boxen,<\/p>\n<p>nutzen aber ihre M\u00f6glichkeiten nicht konsequent aus.<\/p>\n<p>Man rechnete schon mit einem 0:0 zur Pause, als die G\u00e4ste einen Eckball von rechts\u00a0 auf Richtung Elfer kam und durchgesteckt auf den zweiten Pfosten und aus Abseits zum 0:1in der 45\u2018 vollendet wurde.<\/p>\n<p>Nach Wiederanpfiff erspielte sich unsere Elf mehr und mehr Spielanteile und in der 55\u2018 konnte D. Thonig mit einen \u00fcberlegten Abschluss ins lange untere Toreck auf 1:1 stellen.<\/p>\n<p>5 Minuten sp\u00e4ter setzte D. Thonig mit einem Freisto\u00df E. Graf-Krause in Szene und er knallte das Ding unter die Latte zum 2:1.<\/p>\n<p>In der 67\u2018 setzte sich A. Stolle bis zur Grundlinie durch, seine Eingabe verl\u00e4ngerte E. Graf-Krause per Hacke auf J. H\u00e4ntzschel und es stand 3:1.<\/p>\n<p>Unsere Mannschaft lie\u00df kaum noch etwas zu, bis auf den Anschlusstreffer der G\u00e4ste in der70\u2018.<\/p>\n<p>Endlich, nach 176 Tagen ohne Sieg, fuhr man 3 Punkte ein. Die gesamte Mannschaft hat sich gegenseitig motiviert, gepusht und f\u00fcreinander gek\u00e4mpft, man kann eigentlich keinen einzeln herausheben, da alle gut waren und besonders muss man die junge Innenverteidigung loben.<\/p>\n<p>Mit diesem Sieg und dem gewonnenen Selbstvertrauen sollte doch auch was beim Tabellenletzten in Possendorf zu holen sein.<\/p>\n<p>&nbsp;<\/p>\n<p>&nbsp;<\/p>\n<p>&nbsp;<\/p>\n<p>&nbsp;<\/p>\n<p><strong>Die SpG \u00a0SV Saupsdorf\/BSV 68 Sebnitz 2. spielte mit:\u00a0\u00a0\u00a0\u00a0 <\/strong><\/p>\n<p><strong>M. <\/strong><strong>Waesch, L. Mehlhorn, F. Hampel, D. Thonig, E. Graf-Krause, M. Hensel, T. <\/strong><strong>Kuba (ab 46\u2018 A. Stolle), J. B\u00f6rner ( ab 67\u2018 C. Schulz) A. Menyhei, C. <\/strong><strong>Schulz <\/strong><strong>( 53\u2018 J. H\u00e4ntzschel)<\/strong><strong>, M. Willner (ab 87\u2018 M. H\u00e4ntzschel)<\/strong><\/p>\n","protected":false},"excerpt":{"rendered":"<p>SpG SV Saupsdorf\/BSV 68 Sebnitz 2. \u00a0\u2013\u00a0 SpG SV Sachsen M\u00fcglitztal\/SV Glash\u00fctte 2.\u00a0\u00a0\u00a0\u00a0\u00a0\u00a0\u00a0\u00a0\u00a0\u00a0\u00a0\u00a0 3 : 2 \u00a0\u00a0(0 : 1)\u00a0 \u00a0\u00a0 Bei herrlichen Sonnenscheinempfing man zum letzten Heimspiel in Sebnitz, den Tabellensechsten. Im ersten Spielabschnitt war es ein Spiel auf Augenh\u00f6he, beide Teams spielten gef\u00e4llig zwischen den Boxen, nutzen aber ihre M\u00f6glichkeiten nicht konsequent aus. Man [&hellip;]<\/p>\n","protected":false},"author":1,"featured_media":0,"parent":3243,"menu_order":0,"comment_status":"closed","ping_status":"closed","template":"","meta":{"footnotes":""},"class_list":["post-3319","page","type-page","status-publish","hentry"],"_links":{"self":[{"href":"https:\/\/www.sv-saupsdorf.de\/index.php?rest_route=\/wp\/v2\/pages\/3319","targetHints":{"allow":["GET"]}}],"collection":[{"href":"https:\/\/www.sv-saupsdorf.de\/index.php?rest_route=\/wp\/v2\/pages"}],"about":[{"href":"https:\/\/www.sv-saupsdorf.de\/index.php?rest_route=\/wp\/v2\/types\/page"}],"author":[{"embeddable":true,"href":"https:\/\/www.sv-saupsdorf.de\/index.php?rest_route=\/wp\/v2\/users\/1"}],"replies":[{"embeddable":true,"href":"https:\/\/www.sv-saupsdorf.de\/index.php?rest_route=%2Fwp%2Fv2%2Fcomments&post=3319"}],"version-history":[{"count":0,"href":"https:\/\/www.sv-saupsdorf.de\/index.php?rest_route=\/wp\/v2\/pages\/3319\/revisions"}],"up":[{"embeddable":true,"href":"https:\/\/www.sv-saupsdorf.de\/index.php?rest_route=\/wp\/v2\/pages\/3243"}],"wp:attachment":[{"href":"https:\/\/www.sv-saupsdorf.de\/index.php?rest_route=%2Fwp%2Fv2%2Fmedia&parent=3319"}],"curies":[{"name":"wp","href":"https:\/\/api.w.org\/{rel}","templated":true}]}}