{"id":4,"date":"2010-10-30T20:13:44","date_gmt":"2010-10-30T20:13:44","guid":{"rendered":"http:\/\/www.sv-saupsdorf.de\/?page_id=4"},"modified":"2024-08-09T12:07:38","modified_gmt":"2024-08-09T12:07:38","slug":"wandern","status":"publish","type":"page","link":"https:\/\/www.sv-saupsdorf.de\/?page_id=4","title":{"rendered":"WANDERN"},"content":{"rendered":"<h2><strong><span style=\"color: #ff0000;\">42. Sportwanderung &#8222;Rund um Saupsdorf&#8220;<\/span><\/strong><\/h2>\n<p style=\"text-align: center;\"><strong><span style=\"color: #000000;\">findet dieses Jahr leider nicht statt, Grund daf\u00fcr ist Termin\u00fcberschneidungen mit anderen Wanderungen bzw. Veranstaltungen im Gebiet der S\u00e4chsischen Schweiz und in Sebnitz<\/span><\/strong><\/p>\n<p><a href=\"https:\/\/www.sv-saupsdorf.de\/?attachment_id=1176\" rel=\"attachment wp-att-1176\"><img loading=\"lazy\" decoding=\"async\" class=\"alignnone size-full wp-image-1176\" title=\"wandern\" src=\"https:\/\/www.sv-saupsdorf.de\/wp-content\/uploads\/wandern.gif\" alt=\"\" width=\"610\" height=\"749\" srcset=\"https:\/\/www.sv-saupsdorf.de\/wp-content\/uploads\/wandern.gif 610w, https:\/\/www.sv-saupsdorf.de\/wp-content\/uploads\/wandern-244x300.gif 244w\" sizes=\"auto, (max-width: 610px) 100vw, 610px\" \/><\/a><br \/>\n<strong>Die Staatlich anerkannten Erholungsorte<br \/>\nAltendorf, Mittelndorf, Lichtenhain, Ottendorf und Saupsdorf<br \/>\nempfehlen folgende Wanderungen durch die<br \/>\nS\u00e4chsische Schweiz<\/strong><br \/>\nLeichte, Mittelschwere und Schwere Wanderrouten durch das Elbsandsteingebirge<br \/>\n<strong>Hier zum Download<\/strong><br \/>\n<a href=\"https:\/\/www.sv-saupsdorf.de\/wp-content\/uploads\/LeichteMittelschwere-und-Schwere-Wanderungen-durch-die-Saechsische-Schweiz.pdf\">Leichte,Mittelschwere und Schwere Wanderungen durch die Saechsische Schweiz<\/a><\/p>\n","protected":false},"excerpt":{"rendered":"<p>42. Sportwanderung &#8222;Rund um Saupsdorf&#8220; findet dieses Jahr leider nicht statt, Grund daf\u00fcr ist Termin\u00fcberschneidungen mit anderen Wanderungen bzw. Veranstaltungen im Gebiet der S\u00e4chsischen Schweiz und in Sebnitz Die Staatlich anerkannten Erholungsorte Altendorf, Mittelndorf, Lichtenhain, Ottendorf und Saupsdorf empfehlen folgende Wanderungen durch die S\u00e4chsische Schweiz Leichte, Mittelschwere und Schwere Wanderrouten durch das Elbsandsteingebirge Hier zum [&hellip;]<\/p>\n","protected":false},"author":1,"featured_media":0,"parent":0,"menu_order":3,"comment_status":"closed","ping_status":"open","template":"","meta":{"footnotes":""},"class_list":["post-4","page","type-page","status-publish","hentry"],"_links":{"self":[{"href":"https:\/\/www.sv-saupsdorf.de\/index.php?rest_route=\/wp\/v2\/pages\/4","targetHints":{"allow":["GET"]}}],"collection":[{"href":"https:\/\/www.sv-saupsdorf.de\/index.php?rest_route=\/wp\/v2\/pages"}],"about":[{"href":"https:\/\/www.sv-saupsdorf.de\/index.php?rest_route=\/wp\/v2\/types\/page"}],"author":[{"embeddable":true,"href":"https:\/\/www.sv-saupsdorf.de\/index.php?rest_route=\/wp\/v2\/users\/1"}],"replies":[{"embeddable":true,"href":"https:\/\/www.sv-saupsdorf.de\/index.php?rest_route=%2Fwp%2Fv2%2Fcomments&post=4"}],"version-history":[{"count":0,"href":"https:\/\/www.sv-saupsdorf.de\/index.php?rest_route=\/wp\/v2\/pages\/4\/revisions"}],"wp:attachment":[{"href":"https:\/\/www.sv-saupsdorf.de\/index.php?rest_route=%2Fwp%2Fv2%2Fmedia&parent=4"}],"curies":[{"name":"wp","href":"https:\/\/api.w.org\/{rel}","templated":true}]}}