{"id":449,"date":"2011-08-30T14:34:16","date_gmt":"2011-08-30T14:34:16","guid":{"rendered":"http:\/\/www.sv-saupsdorf.de\/?page_id=449"},"modified":"2021-03-27T08:58:53","modified_gmt":"2021-03-27T08:58:53","slug":"3-spieltag","status":"publish","type":"page","link":"https:\/\/www.sv-saupsdorf.de\/?page_id=449","title":{"rendered":"3. Spieltag"},"content":{"rendered":"<p><strong>SG Ullersdorf 1. \u2013 SV Saupsdorf 4:2 (1:0)<\/strong><\/p>\n<p>Im dritten Saisonspiel kassierte der SVS die erste Niederlage gegen den favorisierten Tabellenf\u00fchrer aus Ullersdorf. Die Anfangsviertelstunde begannen beide Mannschaften sehr verhalten und bem\u00fchten sich um geordneten Spielaufbau. Der Gastgeber hatte mehr Ballbesitz und kontrollierte das Spiel, aber richtig gef\u00e4hrlich wurde es noch nicht. Die Saupsdorfer erspielten sich dagegen in der ersten H\u00e4lfte vier, f\u00fcnf richtig gute Torm\u00f6glichkeiten. Nach Balleroberung wurde schnell umgeschalten und die Abwehr unter Druck gesetzt. Einziges Manko war die Chancenverwertung. Der Ball wurde entweder leichfertig verspielt oder es fehlte die n\u00f6tige Konzentration im Abschluss. Auf der anderen Seite machte es die Heimmannschaft besser. Der Ullersdorfer Spielmacher wurde nicht konsequent genug angegriffen und seine Ablage konnte ein Mitspieler zum F\u00fchrungstreffer nutzen (36.). In der zweiten Halbzeit wollte Saupsdorf den Druck erh\u00f6hen und den Ausgleich erzielen, dadurch ergaben sich nat\u00fcrlich mehr R\u00e4ume und Konterm\u00f6glichkeiten f\u00fcr die Gegner. Die schnellen St\u00fcrmer brachten die Verteidiger immer wieder in Verlegenheit. Nach einer abseitsverd\u00e4chtigen Spielsituation konnte Ullersdorf die F\u00fchrung ausbauen (56.). Saupsdorf haderte mit einigen zweifelhaften Entscheidungen des Unparteiischen und der Tabellenf\u00fchrer entschied nach einem Foulelfmeter (63.) und einem weiteren Treffer (70.) das Spiel. Trotz des deutlichen R\u00fcckstandes erspielte sich der SVS noch einige Chancen. Starke konnte zwei davon nutzen (84., 85.) und das Ergebnis etwas besser gestalten. Ullersdorf spielte nicht \u00fcberlegen, agierte aber cleverer und nutze die sich bietenden M\u00f6glichkeiten. Saupsdorf muss das Spiel abhaken, sich aber trotzdem mit den gemachten Fehlern besch\u00e4ftigen und abstellen. N\u00e4chste M\u00f6glichkeit dazu ist das Pokalspiel gegen Reinhardtsdorf. Eine junge, spielstarke Mannschaft ist zu Gast, die den Saupsdorfern alles abverlangen wird. Die Mannschaft hofft auf lautstarke Unterst\u00fctzung der Fans, um den Einzug in die n\u00e4chste Pokalrunde zu schaffen!<\/p>\n<p><strong>F\u00fcr den SV Saupsdorf spielten:<\/strong><br \/>\nMartin Sturm, M. Sch\u00e4fer, Prosche, K. Sch\u00e4fer (46. Kutzner), Hesse (46. M\u00fcller), Ru\u00dfig, Maetze, D\u00fcffert, Ehrlichmann, Starke, Frenzel<\/p>\n","protected":false},"excerpt":{"rendered":"<p>SG Ullersdorf 1. \u2013 SV Saupsdorf 4:2 (1:0) Im dritten Saisonspiel kassierte der SVS die erste Niederlage gegen den favorisierten Tabellenf\u00fchrer aus Ullersdorf. Die Anfangsviertelstunde begannen beide Mannschaften sehr verhalten und bem\u00fchten sich um geordneten Spielaufbau. Der Gastgeber hatte mehr Ballbesitz und kontrollierte das Spiel, aber richtig gef\u00e4hrlich wurde es noch nicht. Die Saupsdorfer erspielten [&hellip;]<\/p>\n","protected":false},"author":1,"featured_media":0,"parent":451,"menu_order":3,"comment_status":"closed","ping_status":"open","template":"","meta":{"footnotes":""},"class_list":["post-449","page","type-page","status-publish","hentry"],"_links":{"self":[{"href":"https:\/\/www.sv-saupsdorf.de\/index.php?rest_route=\/wp\/v2\/pages\/449","targetHints":{"allow":["GET"]}}],"collection":[{"href":"https:\/\/www.sv-saupsdorf.de\/index.php?rest_route=\/wp\/v2\/pages"}],"about":[{"href":"https:\/\/www.sv-saupsdorf.de\/index.php?rest_route=\/wp\/v2\/types\/page"}],"author":[{"embeddable":true,"href":"https:\/\/www.sv-saupsdorf.de\/index.php?rest_route=\/wp\/v2\/users\/1"}],"replies":[{"embeddable":true,"href":"https:\/\/www.sv-saupsdorf.de\/index.php?rest_route=%2Fwp%2Fv2%2Fcomments&post=449"}],"version-history":[{"count":0,"href":"https:\/\/www.sv-saupsdorf.de\/index.php?rest_route=\/wp\/v2\/pages\/449\/revisions"}],"up":[{"embeddable":true,"href":"https:\/\/www.sv-saupsdorf.de\/index.php?rest_route=\/wp\/v2\/pages\/451"}],"wp:attachment":[{"href":"https:\/\/www.sv-saupsdorf.de\/index.php?rest_route=%2Fwp%2Fv2%2Fmedia&parent=449"}],"curies":[{"name":"wp","href":"https:\/\/api.w.org\/{rel}","templated":true}]}}