{"id":452,"date":"2011-09-05T14:18:47","date_gmt":"2011-09-05T14:18:47","guid":{"rendered":"http:\/\/www.sv-saupsdorf.de\/?page_id=452"},"modified":"2021-03-27T08:57:58","modified_gmt":"2021-03-27T08:57:58","slug":"1-hauptrunde","status":"publish","type":"page","link":"https:\/\/www.sv-saupsdorf.de\/?page_id=452","title":{"rendered":"1. Hauptrunde"},"content":{"rendered":"<p><strong>SV Saupsdorf \u2013 SG Reinhardtsdorf 1.   1 : 2 (0:2)<\/strong><\/p>\n<p>In der ersten Hauptrunde des Kreispokals empfing der SVS den Ligakonkurrenten aus Reinhardtsdorf. Bei hochsommerlichen Temperaturen nahmen die Saupsdorfer sofort Fahrt auf und setzten die G\u00e4ste geh\u00f6rig unter Druck. Die Chance zur fr\u00fchen F\u00fchrung war bereits nach 2 Minuten gegeben. Nach guter Vorarbeit von Maetze verfehlte Starke das Geh\u00e4use nur knapp. Saupsdorf weiter spielbestimmend beherrschte Mittelfeld und Gegner fast nach Belieben. Einzig der Torerfolg wollte sich nicht einstellen und so verpufften die zahlreichen Chancen im Nichts. Wie Effektivit\u00e4t aussieht, zeigte Reinhardtsdorf. Nach einem Einwurf  wurde der St\u00fcrmer der G\u00e4ste nur halbherzig attackiert, sodass er ungest\u00f6rt zum Schuss kam und das Leder zur 1:0-F\u00fchrung (19.) in das Tor der Saupsdorfer bef\u00f6rderte &#8211; erster Schuss, erstes Tor. Allerdings zeigte sich der SVS dadurch nicht beeindruckt und machte weiterhin das Spiel. Leider verstanden sie es nicht die Fehler der teilweise ungeordneten Reinhardtsdorfer Abwehr auszunutzen. So bleibt die mangelnde Chancenauswertung weiterhin ein ernsthaftes Manko der Saupsdorfer. Mit viel Gl\u00fcck und unter Mithilfe der Saupdorfer konnten die G\u00e4ste ihre F\u00fchrung weiter ausbauen. Ein direkter Freisto\u00df aus 25 m wurde unhaltbar abgef\u00e4lscht (35.) und der Torh\u00fcter des SVS musste sich erneut geschlagen geben. Mit dieser etwas schmeichelhaften 2:0-F\u00fchrung f\u00fcr die Reinhardtsdorfer ging es in die Pause. Noch waren 45 Minuten zu spielen und mangelnden Einsatz konnte man dem SVS nun wahrlich nicht unterstellen. Sie versuchten ihre \u00dcberlegenheit zu nutzen, um m\u00f6glichst schnell den Anschlusstreffer zu erzielen. Die Gelegenheit bot sich in der 54. Minute. Allerdings konnte D\u00fcffort einen von rechts getretenen Freisto\u00df nicht verwerten. Der SVS machte sich aber auch immer wieder das Leben schwer. Zuviel lief \u00fcber die linke Seite und dadurch wurden ihre Angriffe f\u00fcr die Reinhardtsdorfer berechenbarer. Und statt sich voll und ganz auf das Spiel zu konzentrieren, kommentierte man lieber die Entscheidungen des guten Schiedsrichters oder die Aktionen der Mitspieler. Diese unn\u00f6tige Unruhe lies die Reinhardtdorfer immer besser ins Spiel kommen und die Saupsdorfer Abwehr wurde mehr denn je besch\u00e4ftigt, lie\u00df aber kein weiteres Gegentor zu. Der l\u00e4ngst \u00fcberf\u00e4llige Anschlusstreffer fiel in der 91. Minute. Torj\u00e4ger Starke konnte sich an der linken Strafraumgrenze durchsetzen und versenkte das Leder im kurzen Eck. Noch einmal keimte Hoffnung, die allerdings kurz danach mit dem Schusspfiff des Unparteiischen zunichte gemacht wurde. Ohne Zweifel \u2013 das Spiel h\u00e4tte man gewinnen k\u00f6nnen, wenn nicht sogar m\u00fcssen. Die Mannschaft muss nur mal eine der Chancen nutzen und in einem Spiel in F\u00fchrung gehen, dann spielt es sich auch ruhiger.<\/p>\n<p><strong>F\u00fcr den SV Saupsdorf spielten:<\/strong><br \/>\nMartin Sturm, M\u00fcller, M. Sch\u00e4fer, Prosche, Grandl, Kutzner, K. Sch\u00e4fer, Maetze (85. Meintzschel), D\u00fcffort (85. Riedel), Starke, Frenzel<\/p>\n","protected":false},"excerpt":{"rendered":"<p>SV Saupsdorf \u2013 SG Reinhardtsdorf 1. 1 : 2 (0:2) In der ersten Hauptrunde des Kreispokals empfing der SVS den Ligakonkurrenten aus Reinhardtsdorf. Bei hochsommerlichen Temperaturen nahmen die Saupsdorfer sofort Fahrt auf und setzten die G\u00e4ste geh\u00f6rig unter Druck. Die Chance zur fr\u00fchen F\u00fchrung war bereits nach 2 Minuten gegeben. Nach guter Vorarbeit von Maetze [&hellip;]<\/p>\n","protected":false},"author":1,"featured_media":0,"parent":450,"menu_order":0,"comment_status":"closed","ping_status":"open","template":"","meta":{"footnotes":""},"class_list":["post-452","page","type-page","status-publish","hentry"],"_links":{"self":[{"href":"https:\/\/www.sv-saupsdorf.de\/index.php?rest_route=\/wp\/v2\/pages\/452","targetHints":{"allow":["GET"]}}],"collection":[{"href":"https:\/\/www.sv-saupsdorf.de\/index.php?rest_route=\/wp\/v2\/pages"}],"about":[{"href":"https:\/\/www.sv-saupsdorf.de\/index.php?rest_route=\/wp\/v2\/types\/page"}],"author":[{"embeddable":true,"href":"https:\/\/www.sv-saupsdorf.de\/index.php?rest_route=\/wp\/v2\/users\/1"}],"replies":[{"embeddable":true,"href":"https:\/\/www.sv-saupsdorf.de\/index.php?rest_route=%2Fwp%2Fv2%2Fcomments&post=452"}],"version-history":[{"count":0,"href":"https:\/\/www.sv-saupsdorf.de\/index.php?rest_route=\/wp\/v2\/pages\/452\/revisions"}],"up":[{"embeddable":true,"href":"https:\/\/www.sv-saupsdorf.de\/index.php?rest_route=\/wp\/v2\/pages\/450"}],"wp:attachment":[{"href":"https:\/\/www.sv-saupsdorf.de\/index.php?rest_route=%2Fwp%2Fv2%2Fmedia&parent=452"}],"curies":[{"name":"wp","href":"https:\/\/api.w.org\/{rel}","templated":true}]}}