{"id":498,"date":"2011-10-16T09:28:54","date_gmt":"2011-10-16T09:28:54","guid":{"rendered":"http:\/\/www.sv-saupsdorf.de\/?page_id=498"},"modified":"2021-03-27T08:59:18","modified_gmt":"2021-03-27T08:59:18","slug":"7-spieltag","status":"publish","type":"page","link":"https:\/\/www.sv-saupsdorf.de\/?page_id=498","title":{"rendered":"7. Spieltag"},"content":{"rendered":"<p><strong>SV Saupsdorf \u2013 FSV Lohmen 1.  3:1 (2:1)<\/strong><\/p>\n<p>Nach der deutlichen Ausw\u00e4rtsniederlage in Graupa war die Zielstellung gegen Lohmen keinesfalls zu verlieren. Trotz der d\u00fcnnen Spielerdecke, aufgrund von Verletzungen, standen Trainerin Hempel diesmal wenigstens 2 Wechselspieler zur Verf\u00fcgung. Saupsdorf begann das Spiel sehr konzentriert und ging durch einen sehenswerten, direkt verwandelten Freisto\u00dftreffer, in den rechten Torwinkel, von Starke fr\u00fch in F\u00fchrung (8.). Danach begann die st\u00e4rkste Spielphase der G\u00e4ste. Gl\u00fcck hatte die Hintermannschaft bei einem Lattenkopfball von Igel (20.) und einigen gef\u00e4hrlichen Freist\u00f6\u00dfen, die Sturm entsch\u00e4rfen konnte. Vor allem der beste Lohmener Spieler Bergmann war ein st\u00e4ndiger Unruheherd, aber sein Gegenspieler Grandl bot eine klasse Leistung und hatte Ihn gut im Griff. Mitten in diese Druckphase setzten die Hausherren spielerische Akzente. Nach Zuckerpass von Routinier Adam, der eine beeindruckende Partie im Mittelfeld ablieferte, ging der Schuss von Frenzel nur knapp neben das Geh\u00e4use (28.). Kurz danach setzte sich Prosche nach einem schnell ausgef\u00fchrten Einwurf im Strafraum durch und versenkte den Ball zum 2:0 (30.). Die sichere F\u00fchrung hielt aber nur zwei Minuten, dann konnte Koch per Freisto\u00df den R\u00fcckstand verk\u00fcrzen. Die zweite H\u00e4lfte hatte der SVS besser im Griff. Meintzschel tanzte im Strafraum seinen Gegenspieler aus und lie\u00df beim Abschluss den Tormann auch keine Abwehrm\u00f6glichkeit (57.). Von Lohmen kam in der letzten halben Stunde nicht mehr viel und der SVS wollte den Vorsprung auf keinen Fall mehr aus der Hand geben. Ehrlichmann (69.) und Starke (87.) hatten noch zwei gute M\u00f6glichkeiten, aber etwas Pech beim Abschluss. Am Ende war es ein verdienter Sieg und ganz wichtige drei Punkte dank einer starken Mannschaftsleistung. Mit so einer Einstellung m\u00fcssen die Saupsdorfer auch bei den n\u00e4chsten Spielen auftreten, vor allem bei den Ausw\u00e4rtsbegegnungen muss wieder was Z\u00e4hlbares herausspringen!<\/p>\n<p><strong>F\u00fcr den SV Saupsdorf spielten:<\/strong><br \/>\nMartin Sturm, Prosche, Grandl, Glaser, Kutzner, Starke, Hesse (35. Meintzschel), Adam, D\u00fcffort, Frenzel, Ehrlichmann (75. Schw\u00e4be)<\/p>\n","protected":false},"excerpt":{"rendered":"<p>SV Saupsdorf \u2013 FSV Lohmen 1. 3:1 (2:1) Nach der deutlichen Ausw\u00e4rtsniederlage in Graupa war die Zielstellung gegen Lohmen keinesfalls zu verlieren. Trotz der d\u00fcnnen Spielerdecke, aufgrund von Verletzungen, standen Trainerin Hempel diesmal wenigstens 2 Wechselspieler zur Verf\u00fcgung. Saupsdorf begann das Spiel sehr konzentriert und ging durch einen sehenswerten, direkt verwandelten Freisto\u00dftreffer, in den rechten [&hellip;]<\/p>\n","protected":false},"author":1,"featured_media":0,"parent":451,"menu_order":7,"comment_status":"closed","ping_status":"open","template":"","meta":{"footnotes":""},"class_list":["post-498","page","type-page","status-publish","hentry"],"_links":{"self":[{"href":"https:\/\/www.sv-saupsdorf.de\/index.php?rest_route=\/wp\/v2\/pages\/498","targetHints":{"allow":["GET"]}}],"collection":[{"href":"https:\/\/www.sv-saupsdorf.de\/index.php?rest_route=\/wp\/v2\/pages"}],"about":[{"href":"https:\/\/www.sv-saupsdorf.de\/index.php?rest_route=\/wp\/v2\/types\/page"}],"author":[{"embeddable":true,"href":"https:\/\/www.sv-saupsdorf.de\/index.php?rest_route=\/wp\/v2\/users\/1"}],"replies":[{"embeddable":true,"href":"https:\/\/www.sv-saupsdorf.de\/index.php?rest_route=%2Fwp%2Fv2%2Fcomments&post=498"}],"version-history":[{"count":0,"href":"https:\/\/www.sv-saupsdorf.de\/index.php?rest_route=\/wp\/v2\/pages\/498\/revisions"}],"up":[{"embeddable":true,"href":"https:\/\/www.sv-saupsdorf.de\/index.php?rest_route=\/wp\/v2\/pages\/451"}],"wp:attachment":[{"href":"https:\/\/www.sv-saupsdorf.de\/index.php?rest_route=%2Fwp%2Fv2%2Fmedia&parent=498"}],"curies":[{"name":"wp","href":"https:\/\/api.w.org\/{rel}","templated":true}]}}