{"id":518,"date":"2011-11-21T13:47:37","date_gmt":"2011-11-21T13:47:37","guid":{"rendered":"http:\/\/www.sv-saupsdorf.de\/?page_id=518"},"modified":"2021-03-27T09:00:10","modified_gmt":"2021-03-27T09:00:10","slug":"12-spieltag","status":"publish","type":"page","link":"https:\/\/www.sv-saupsdorf.de\/?page_id=518","title":{"rendered":"12. Spieltag"},"content":{"rendered":"<p><strong>LSV Gorknitz 61  1. \u2013 SV Saupsdorf    2 : 0  (0 : 0)<\/strong><\/p>\n<p>Mit gest\u00e4rkten Selbstvertrauen, nach dem letzten gewonnenen Heimspiel, reiste der SVS zum Tabellenzweiten nach Gorknitz. Man begann konzentriert und setzte Gorknitz unter Druck. Nach nur 24 Sekunden hatte der SVS schon die M\u00f6glichkeit die schnelle F\u00fchrung zu erzielen, doch Meintzschels Schuss aus 17 m ging knapp am linken Pfosten vorbei.  Die Saupsdorfer waren gut im Spiel und so begann der Schiedsrichter ab der 14 Minute, mit seiner ersten gro\u00dfen  Fehlentscheidung, das Spiel aktiv zu beeinflussen. Nach einem langen Ball in die Spitze, versuchte der letzte Mann von Gorknitz an den Ball zu kommen, spielte diesen  jedoch mit der Hand, Starke holt sich das Leder und netzt ein. Doch der Schiri pfiff ab  und gibt Freisto\u00df f\u00fcr den SVS. Wenn er abpfeift und Freisto\u00df gibt, muss er dem Gorknitzer Spieler Rot zeigen, denn er war der letzte Mann und verhinderte somit eine klare Torchance, oder er l\u00e4sst Vorteil laufen und gibt das Tor. Auch wenn der Schiedsrichter sich nach dem Spiel f\u00fcr diese Fehlentscheidung entschuldigte, \u00e4ndert dies nichts an der Tatsache, dass der SVS wieder einmal klar benachteiligt wurde. Trotz der Fehlentscheidungen lie\u00df sich der SVS nicht verunsichern und bestimmte weiterhin klar das Spiel und hatte durch Starke (30.) und Maetze (38.) klare M\u00f6glichkeiten die F\u00fchrung zu erzielen. Bis auf eine Torchance (26.) war von Gorknitz in der ersten Halbzeit nicht viel zu sehen und so ging es mit dem Unentschieden zum Pausentee.<br \/>\nSaupsdorf begann nach dem Wechsel wieder druckvoll und erspielte sich gute Chancen. Doch Starke konnte die Klarsten davon nicht nutzen (46. , 50.). Wie es geht zeigte hingegen Gorknitz. Ein schnell ausgef\u00fchrter Einwurf wurde immer l\u00e4nger und konnte per Kopf zur 1:0-F\u00fchrung im Saupsdorfer Tor untergebracht werden (58.). Der SVS versuchte zu antworten, scheiterte aber eher an der eigenen Unkonzentriertheit bei den Zuspielen oder beim Torabschluss, als am Torh\u00fcter der Gorknitzer. Zu dem dezimierten sich die Saupsdorfer in der 82. Minute selber und somit war an einen Punktgewinn auf fremden Boden erneut nicht zu denken. Das zwischenzeitliche 2:0 f\u00fcr Gorknitz sei nur der Form halber erw\u00e4hnt. Nun ist Mannschaft im kommenden Heimspiel, gegen die Reserve des SSV Neustadt\/Sachsen wieder in der Pflicht, will sie die 3 Punkte f\u00fcr sich beanspruchen. Dabei sollte aber auch an der Disziplin gearbeitet werden.  Die gro\u00dfe Anzahl an Gelb und Gelb\/Roten Karten n\u00fctzt nur der Kasse etwas, ist aber bei Weitem nicht mannschaftsdienlich.<\/p>\n<p><strong>F\u00fcr den SV Saupsdorf spielten:<\/strong><br \/>\nMatthias Sturm, K. Sch\u00e4fer, Prosche, Grandl, Kutzner (85. M. Sch\u00e4fer), M\u00fcller, Ru\u00dfig, Meintzschel (66. Ehrlichmann), D\u00fcffort, Maetze, Starke<\/p>\n<p><strong>Kurz noch einmal ein Wort zur den Schiedsrichterleistungen in der laufenden Saison:<\/strong><\/p>\n<p>Dass es Schiedsrichter nicht immer einfach haben, das will hier Keiner anzweifeln. Allerdings sind manche Entscheidungen auch f\u00fcr den Laien nicht nachvollziehbar. Es scheint gar, als haben manche Schieds- aber auch Linienrichter etwas gegen Mannschaften die sich in der Liga, als Aufsteiger, etablieren m\u00fcssen. Desweiteren scheinen sie ihre unantastbare Stellung als Spielleiter zu genie\u00dfen und nutzen diese \u201eMachtposition\u201c auch aus.<\/p>\n<p>Vielleicht sollte sich der Verband mal Gedanken machen, was die Schulung Ihrer Schiedsrichter angeht.  Bei gesch\u00e4tzten 70 % Ihrer \u201eUnparteiischen\u201c k\u00f6nnte man genauso gut jemanden aus der 7. Klasse mit Leistungskurs Geographie pfeifen lassen. Es bleibt zu w\u00fcnschen, dass das System mal grundlegend reformiert wird, damit gravierende Fehlentscheidungen nicht zu einer Wettbewerbsverzerrung f\u00fchren. Es kann einfach nicht sein, dass gute sportliche Leistungen durch primitiv geschultes, v\u00f6llig \u00fcberfordertes und nur allzu oft parteiisch pfeifendes Personal zunichte gemacht werden.<\/p>\n","protected":false},"excerpt":{"rendered":"<p>LSV Gorknitz 61 1. \u2013 SV Saupsdorf 2 : 0 (0 : 0) Mit gest\u00e4rkten Selbstvertrauen, nach dem letzten gewonnenen Heimspiel, reiste der SVS zum Tabellenzweiten nach Gorknitz. Man begann konzentriert und setzte Gorknitz unter Druck. Nach nur 24 Sekunden hatte der SVS schon die M\u00f6glichkeit die schnelle F\u00fchrung zu erzielen, doch Meintzschels Schuss aus [&hellip;]<\/p>\n","protected":false},"author":1,"featured_media":0,"parent":451,"menu_order":12,"comment_status":"closed","ping_status":"open","template":"","meta":{"footnotes":""},"class_list":["post-518","page","type-page","status-publish","hentry"],"_links":{"self":[{"href":"https:\/\/www.sv-saupsdorf.de\/index.php?rest_route=\/wp\/v2\/pages\/518","targetHints":{"allow":["GET"]}}],"collection":[{"href":"https:\/\/www.sv-saupsdorf.de\/index.php?rest_route=\/wp\/v2\/pages"}],"about":[{"href":"https:\/\/www.sv-saupsdorf.de\/index.php?rest_route=\/wp\/v2\/types\/page"}],"author":[{"embeddable":true,"href":"https:\/\/www.sv-saupsdorf.de\/index.php?rest_route=\/wp\/v2\/users\/1"}],"replies":[{"embeddable":true,"href":"https:\/\/www.sv-saupsdorf.de\/index.php?rest_route=%2Fwp%2Fv2%2Fcomments&post=518"}],"version-history":[{"count":0,"href":"https:\/\/www.sv-saupsdorf.de\/index.php?rest_route=\/wp\/v2\/pages\/518\/revisions"}],"up":[{"embeddable":true,"href":"https:\/\/www.sv-saupsdorf.de\/index.php?rest_route=\/wp\/v2\/pages\/451"}],"wp:attachment":[{"href":"https:\/\/www.sv-saupsdorf.de\/index.php?rest_route=%2Fwp%2Fv2%2Fmedia&parent=518"}],"curies":[{"name":"wp","href":"https:\/\/api.w.org\/{rel}","templated":true}]}}