{"id":566,"date":"2012-05-01T12:19:05","date_gmt":"2012-05-01T12:19:05","guid":{"rendered":"http:\/\/www.sv-saupsdorf.de\/?page_id=566"},"modified":"2021-03-27T09:01:03","modified_gmt":"2021-03-27T09:01:03","slug":"17-spieltag","status":"publish","type":"page","link":"https:\/\/www.sv-saupsdorf.de\/?page_id=566","title":{"rendered":"17. Spieltag"},"content":{"rendered":"<p><strong>SV Wesenitztal 2.  \u2013  SV Saupsdorf  6 : 0  (3 : 0)<\/strong><\/p>\n<p>Im Nachholspiel gegen Wesenitztal 2. Mannschaft lie\u00df sich Saupsdorf 6 Eier ins Nest legen und kn\u00fcpfte dabei nahtlos an die letzten Spiele an. K\u00f6rperlich und Gedanklich zu weit weg vom Gegenspieler und keine Hilfe in den Mannschaftsteilen untereinander. Ohne spielerische Linie kann man in dieser Liga nicht bestehen. So war es nur eine Frage der Zeit, wann die Tore f\u00fcr den Gegner fallen w\u00fcrden. In der 29., 35. und 42. Spielminute nutzte Wesenitztal die M\u00f6glichkeiten um auf 3:0 zu stellen und h\u00e4tte bei konsequenter Chancenausnutzung auch bedeutend h\u00f6her f\u00fchren k\u00f6nnen, wenn nicht sogar m\u00fcssen.<br \/>\nNach der Pause machte Wesenitztal da weiter wo sie in der 1.Halbzeit aufgeh\u00f6rt haben und nutzte in der 67., 83. und in der 88. Minute die M\u00f6glichkeiten um auf das Endergebnis von 6:0 zu stellen. Der SVS hatte nur 3 vielversprechende M\u00f6glichkeiten, die aber kl\u00e4glich vergeben wurden.<br \/>\nSo langsam muss sich die Mannschaft fragen lassen, ob sie \u00fcberhaupt gewillt ist in dieser Liga zu spielen.  Man muss sich bei einigen Spielern fragen ob \u00fcberhaupt die Einstellung stimmt und ob man vor dem Spieltag  immer feste Feiern muss. Gegenseitiges Vorwerfen von Fehlern und Schuldzuweisungen bringen uns \u00fcberhaupt nicht weiter, jeder muss bei sich anfangen die Fehler abzustellen.<br \/>\nDie Spieler erwarten vom Verein ein intaktes Umfeld und intakte Trainingsbedingungen, vielleicht sollten sich einige mal fragen was im Gegenzug der Verein von den Spielern als Gegenleistung erwartet!!So macht es leider keinen Spa\u00df mehr  und man wird mehr und mehr zur Schie\u00dfbude der Liga und zur Lachnummer.<\/p>\n<p><strong>F\u00fcr den SV Saupsdorf spielten:<\/strong><br \/>\nMartin Sturm, Hesse (62. Ehrichmann), Kutzner, K. Sch\u00e4fer, M\u00fcller, Prosche, Starke, D\u00fcffort, Meintzschel (53. Ru\u00dfig) , Grandl (85.Zirnstein), Maetze<\/p>\n","protected":false},"excerpt":{"rendered":"<p>SV Wesenitztal 2. \u2013 SV Saupsdorf 6 : 0 (3 : 0) Im Nachholspiel gegen Wesenitztal 2. Mannschaft lie\u00df sich Saupsdorf 6 Eier ins Nest legen und kn\u00fcpfte dabei nahtlos an die letzten Spiele an. K\u00f6rperlich und Gedanklich zu weit weg vom Gegenspieler und keine Hilfe in den Mannschaftsteilen untereinander. Ohne spielerische Linie kann man [&hellip;]<\/p>\n","protected":false},"author":1,"featured_media":0,"parent":451,"menu_order":17,"comment_status":"closed","ping_status":"open","template":"","meta":{"footnotes":""},"class_list":["post-566","page","type-page","status-publish","hentry"],"_links":{"self":[{"href":"https:\/\/www.sv-saupsdorf.de\/index.php?rest_route=\/wp\/v2\/pages\/566","targetHints":{"allow":["GET"]}}],"collection":[{"href":"https:\/\/www.sv-saupsdorf.de\/index.php?rest_route=\/wp\/v2\/pages"}],"about":[{"href":"https:\/\/www.sv-saupsdorf.de\/index.php?rest_route=\/wp\/v2\/types\/page"}],"author":[{"embeddable":true,"href":"https:\/\/www.sv-saupsdorf.de\/index.php?rest_route=\/wp\/v2\/users\/1"}],"replies":[{"embeddable":true,"href":"https:\/\/www.sv-saupsdorf.de\/index.php?rest_route=%2Fwp%2Fv2%2Fcomments&post=566"}],"version-history":[{"count":0,"href":"https:\/\/www.sv-saupsdorf.de\/index.php?rest_route=\/wp\/v2\/pages\/566\/revisions"}],"up":[{"embeddable":true,"href":"https:\/\/www.sv-saupsdorf.de\/index.php?rest_route=\/wp\/v2\/pages\/451"}],"wp:attachment":[{"href":"https:\/\/www.sv-saupsdorf.de\/index.php?rest_route=%2Fwp%2Fv2%2Fmedia&parent=566"}],"curies":[{"name":"wp","href":"https:\/\/api.w.org\/{rel}","templated":true}]}}