{"id":57,"date":"2010-11-03T20:46:39","date_gmt":"2010-11-03T20:46:39","guid":{"rendered":"http:\/\/www.sv-saupsdorf.de\/?page_id=57"},"modified":"2024-08-09T12:11:03","modified_gmt":"2024-08-09T12:11:03","slug":"news","status":"publish","type":"page","link":"https:\/\/www.sv-saupsdorf.de\/?page_id=57","title":{"rendered":"News"},"content":{"rendered":"<h2><strong><span style=\"color: #ff0000;\">Sportwanderung &#8222;Rund um Saupsdorf&#8220;<\/span><\/strong><\/h2>\n<p style=\"text-align: center;\"><strong>f\u00e4llt dieses Jahr leider auf Grund Termin\u00fcberschneidungen im Gebiet der S\u00e4chsischen Schweiz und Sebnitz aus.<\/strong><\/p>\n","protected":false},"excerpt":{"rendered":"<p>Sportwanderung &#8222;Rund um Saupsdorf&#8220; f\u00e4llt dieses Jahr leider auf Grund Termin\u00fcberschneidungen im Gebiet der S\u00e4chsischen Schweiz und Sebnitz aus.<\/p>\n","protected":false},"author":1,"featured_media":0,"parent":4,"menu_order":5,"comment_status":"closed","ping_status":"open","template":"","meta":{"footnotes":""},"class_list":["post-57","page","type-page","status-publish","hentry"],"_links":{"self":[{"href":"https:\/\/www.sv-saupsdorf.de\/index.php?rest_route=\/wp\/v2\/pages\/57","targetHints":{"allow":["GET"]}}],"collection":[{"href":"https:\/\/www.sv-saupsdorf.de\/index.php?rest_route=\/wp\/v2\/pages"}],"about":[{"href":"https:\/\/www.sv-saupsdorf.de\/index.php?rest_route=\/wp\/v2\/types\/page"}],"author":[{"embeddable":true,"href":"https:\/\/www.sv-saupsdorf.de\/index.php?rest_route=\/wp\/v2\/users\/1"}],"replies":[{"embeddable":true,"href":"https:\/\/www.sv-saupsdorf.de\/index.php?rest_route=%2Fwp%2Fv2%2Fcomments&post=57"}],"version-history":[{"count":0,"href":"https:\/\/www.sv-saupsdorf.de\/index.php?rest_route=\/wp\/v2\/pages\/57\/revisions"}],"up":[{"embeddable":true,"href":"https:\/\/www.sv-saupsdorf.de\/index.php?rest_route=\/wp\/v2\/pages\/4"}],"wp:attachment":[{"href":"https:\/\/www.sv-saupsdorf.de\/index.php?rest_route=%2Fwp%2Fv2%2Fmedia&parent=57"}],"curies":[{"name":"wp","href":"https:\/\/api.w.org\/{rel}","templated":true}]}}