{"id":649,"date":"2012-09-18T19:57:08","date_gmt":"2012-09-18T19:57:08","guid":{"rendered":"http:\/\/www.sv-saupsdorf.de\/?page_id=649"},"modified":"2021-03-27T09:09:36","modified_gmt":"2021-03-27T09:09:36","slug":"2-spieltag","status":"publish","type":"page","link":"https:\/\/www.sv-saupsdorf.de\/?page_id=649","title":{"rendered":"2. Spieltag"},"content":{"rendered":"<p><strong>SV Saupsdorf &#8211;  SpG Lok Pirna\/VfL Copitz 3.    5 : 1 (2 : 1)<\/strong><\/p>\n<p>Im ersten Heimspiel der 1. Kreisklasse, Saison 2012\/2013, empfing der SVS die neu gegr\u00fcndete Spielgemeinschaft von Lok Pirna und dem VfL Copitz 3. Mannschaft. Saupsdorf wollte nach dem entt\u00e4uschenden Remis in M\u00fcglitztal unbedingt  3 Punkte vor heimischem Publikum einfahren. Dementsprechend begann der SVS konzentriert und couragiert das Spiel, erarbeitete sich ein \u00dcbergewicht an Spielanteilen und Chancen, die jedoch wie so oft, nicht genutzt wurden. So dauerte es bis zur 21. Minute ehe durch Maetzes satten Schuss, nach Eckball von links, das ersehnte 1:0 fiel. 5 Minuten sp\u00e4ter war es der gleiche Spieler der Starke mit klugem Pass frei spielte und dieser aus 9 Metern aus halblinker Position ins lange Eck zum 2:0 vollendet. Der Gegner hatte bis dahin kaum nennenswerte Spielanteile und es schien ein Spaziergang f\u00fcr den SVS zu werden. Unerkl\u00e4rlich ist, warum der SVS nicht weiter so druckvoll wie in den ersten 27 Minuten aufspielte und scheinbar einen Gang zur\u00fcck schaltete. Die Quittung daf\u00fcr gab es in der 36. Minute, als der Ball in der Abwehr nicht konsequent gekl\u00e4rt wurde und die Pirnaer durch einen flachen Schuss aus 14 Metern auf 2:1 verk\u00fcrzen konnten. Der SVS war in dieser Phase des Spiels zu inaktiv und rette den knappen Vorsprung in die Pause.<br \/>\nNach dem Seitenwechsel begannen die G\u00e4ste druckvoller und hatten ihrerseits die M\u00f6glichkeit in der 50. und 53. Minute zum Ausgleich zu kommen, aber sie scheiterten mit ihren Sch\u00fcssen am guten Saupsdorfer Keeper. In der 59. Minute fiel das erl\u00f6sende 3:1. Einen Freisto\u00df aus 18 Metern platzierte Starke in die rechte untere Torecke. Pirnas Gegenwehr war von da an gebrochen und der SVS spielte weiter mutig nach vorn und hatte durch den Neuzugang Reichelt (der ein gutes Spiel machte) noch die gr\u00f6\u00dfte Chance zum Torerfolg, sein Schuss streichelte jedoch nur das Torangel. So musste man bis zur 71. Minute warten ehe es erneut Maetze war, der sich \u00fcber rechts herrlich durchsetzte und mit flachem scharfen Schuss aus etwa 15 Metern auf 4:1 stellen konnte. Sein drittes Tor an diesem Tage erzielte er in der 87. Minute, als er sich einen abgewehrten Ball vom Pirnaer Keeper holt und \u00fcberlegt zum Endstand, zum 5:1, einschiebt.<\/p>\n<p>Der SVS bedankt sich beim scheidenden Spieler Felix M\u00fcller, der aus beruflichen Gr\u00fcnden uns verl\u00e4sst und w\u00fcnscht ihm Erfolg, Gl\u00fcck und alles Gute auf seinem neuen Weg. Ebenso herzlich begr\u00fc\u00dfen wir die 2 Neuzug\u00e4nge, Robert Reichelt und Rudi M\u00fcller in unserer Mitte, die unsere Mannschaft verst\u00e4rken und w\u00fcnschen ihnen Erfolg in ihrem neuen Umfeld.<\/p>\n<p><strong>F\u00fcr den SV Saupsdorf spielten:<\/strong><br \/>\nZirnstein, K. Sch\u00e4fer, Kutzner, F. M\u00fcller, Starke, Ehrlichmann (79. Hesse), Ru\u00dfig (84.R. M\u00fcller), Grandl, Reichelt, D\u00fcffort, Maetze<\/p>\n","protected":false},"excerpt":{"rendered":"<p>SV Saupsdorf &#8211; SpG Lok Pirna\/VfL Copitz 3. 5 : 1 (2 : 1) Im ersten Heimspiel der 1. Kreisklasse, Saison 2012\/2013, empfing der SVS die neu gegr\u00fcndete Spielgemeinschaft von Lok Pirna und dem VfL Copitz 3. Mannschaft. Saupsdorf wollte nach dem entt\u00e4uschenden Remis in M\u00fcglitztal unbedingt 3 Punkte vor heimischem Publikum einfahren. Dementsprechend begann [&hellip;]<\/p>\n","protected":false},"author":1,"featured_media":0,"parent":652,"menu_order":2,"comment_status":"closed","ping_status":"open","template":"","meta":{"footnotes":""},"class_list":["post-649","page","type-page","status-publish","hentry"],"_links":{"self":[{"href":"https:\/\/www.sv-saupsdorf.de\/index.php?rest_route=\/wp\/v2\/pages\/649","targetHints":{"allow":["GET"]}}],"collection":[{"href":"https:\/\/www.sv-saupsdorf.de\/index.php?rest_route=\/wp\/v2\/pages"}],"about":[{"href":"https:\/\/www.sv-saupsdorf.de\/index.php?rest_route=\/wp\/v2\/types\/page"}],"author":[{"embeddable":true,"href":"https:\/\/www.sv-saupsdorf.de\/index.php?rest_route=\/wp\/v2\/users\/1"}],"replies":[{"embeddable":true,"href":"https:\/\/www.sv-saupsdorf.de\/index.php?rest_route=%2Fwp%2Fv2%2Fcomments&post=649"}],"version-history":[{"count":0,"href":"https:\/\/www.sv-saupsdorf.de\/index.php?rest_route=\/wp\/v2\/pages\/649\/revisions"}],"up":[{"embeddable":true,"href":"https:\/\/www.sv-saupsdorf.de\/index.php?rest_route=\/wp\/v2\/pages\/652"}],"wp:attachment":[{"href":"https:\/\/www.sv-saupsdorf.de\/index.php?rest_route=%2Fwp%2Fv2%2Fmedia&parent=649"}],"curies":[{"name":"wp","href":"https:\/\/api.w.org\/{rel}","templated":true}]}}