{"id":7,"date":"2010-10-30T20:39:37","date_gmt":"2010-10-30T20:39:37","guid":{"rendered":"http:\/\/www.sv-saupsdorf.de\/?page_id=7"},"modified":"2021-03-27T09:57:13","modified_gmt":"2021-03-27T09:57:13","slug":"impressum","status":"publish","type":"page","link":"https:\/\/www.sv-saupsdorf.de\/?page_id=7","title":{"rendered":"Impressum"},"content":{"rendered":"<p>SV Saupsdorf e. V.<br \/>\n1. Vorsitzender Steffen Heine<br \/>\nWachbergstra\u00dfe 2<br \/>\n01855 Sebnitz<br \/>\nOT Saupsdorf<\/p>\n<p>Tel. 03 59 74\/5 06 46<br \/>\nHandy: 01758852158<\/p>\n<p>E-Mail: info@sv-saupsdorf.de<br \/>\nInternet: www.sv-saupsdorf.de<\/p>\n<p><strong>Datenschutzhinweise-Mitglieder kannst du <\/strong><a href=\"https:\/\/www.sv-saupsdorf.de\/wp-content\/uploads\/Datenschutzhinweise-Mitglieder.pdf\" pdf''target=\"_blank\" rel=\"noopener noreferrer\">HIER PDF<\/a> <strong>downloaden!<!-- \n\nGesch\u00e4ftsf\u00fchrer:\n1. Vorsitzende Steffen Heine\n\nDer SV Saupsdorf bem\u00fcht sich im Rahmen des  Zumutbaren, auf dieser Website richtige und vollst\u00e4ndige Informationen  zur Verf\u00fcgung zu stellen.\n\nDer SV Saupsdorf \u00fcbernimmt jedoch keine  Haftung oder Garantie f\u00fcr die Aktualit\u00e4t, Richtigkeit und  Vollst\u00e4ndigkeit der auf dieser Website bereitgestellten Informationen. Dies gilt auch f\u00fcr alle Verbindungen (\u201cLinks\u201d), auf die  diese Website direkt oder indirekt verweist.\n\nDer SV Saupsdorf ist f\u00fcr den Inhalt einer  Seite, die mit einem solchen Link erreicht wird, nicht verantwortlich.  Der SV Saupsdorf beh\u00e4lt sich das Recht vor, ohne vorherige Ank\u00fcndigung \u00c4nderungen oder  Erg\u00e4nzungen der bereitgestellten Informationen vorzunehmen.\n\nDer Inhalt dieser Website ist urheberrechtlich gesch\u00fctzt. Der SV Saupsdorf gew\u00e4hrt Ihnen jedoch das Recht, den auf  dieser Website bereitgestellten Text ganz oder ausschnittweise zu speichern und zu vervielf\u00e4ltigen. Aus  Gr\u00fcnden des Urheberrechts ist allerdings die Speicherung und  Vervielf\u00e4ltigung von Bildmaterial oder Grafiken aus dieser Website nicht gestattet. Der SV Saupsdorf haftet nicht f\u00fcr direkte oder indirekte  Sch\u00e4den, einschlie\u00dflich entgangenen\nGewinns, die aufgrund von M\u00e4ngeln oder sonst wie in Verbindung mit  Informationen entstehen, die auf dieser Website bereitgehalten werden.\n\n<strong-->Datenschutzhinweise-Mitglieder kannst du <\/strong><a href=\"https:\/\/www.sv-saupsdorf.de\/wp-content\/uploads\/EU-DSGVO-Hinweise-f\u00fcr-Mitglieder.pdf\" pdf\"target=\"_blank\" rel=\"noopener noreferrer\">HIER PDF<\/a> <strong>downloaden!<!--\n<\/p--><\/strong><\/p>\n","protected":false},"excerpt":{"rendered":"<p>SV Saupsdorf e. V. 1. Vorsitzender Steffen Heine Wachbergstra\u00dfe 2 01855 Sebnitz OT Saupsdorf Tel. 03 59 74\/5 06 46 Handy: 01758852158 E-Mail: info@sv-saupsdorf.de Internet: www.sv-saupsdorf.de Datenschutzhinweise-Mitglieder kannst du HIER PDF downloaden!Datenschutzhinweise-Mitglieder kannst du<\/p>\n","protected":false},"author":1,"featured_media":0,"parent":6,"menu_order":1,"comment_status":"closed","ping_status":"open","template":"","meta":{"footnotes":""},"class_list":["post-7","page","type-page","status-publish","hentry"],"_links":{"self":[{"href":"https:\/\/www.sv-saupsdorf.de\/index.php?rest_route=\/wp\/v2\/pages\/7","targetHints":{"allow":["GET"]}}],"collection":[{"href":"https:\/\/www.sv-saupsdorf.de\/index.php?rest_route=\/wp\/v2\/pages"}],"about":[{"href":"https:\/\/www.sv-saupsdorf.de\/index.php?rest_route=\/wp\/v2\/types\/page"}],"author":[{"embeddable":true,"href":"https:\/\/www.sv-saupsdorf.de\/index.php?rest_route=\/wp\/v2\/users\/1"}],"replies":[{"embeddable":true,"href":"https:\/\/www.sv-saupsdorf.de\/index.php?rest_route=%2Fwp%2Fv2%2Fcomments&post=7"}],"version-history":[{"count":0,"href":"https:\/\/www.sv-saupsdorf.de\/index.php?rest_route=\/wp\/v2\/pages\/7\/revisions"}],"up":[{"embeddable":true,"href":"https:\/\/www.sv-saupsdorf.de\/index.php?rest_route=\/wp\/v2\/pages\/6"}],"wp:attachment":[{"href":"https:\/\/www.sv-saupsdorf.de\/index.php?rest_route=%2Fwp%2Fv2%2Fmedia&parent=7"}],"curies":[{"name":"wp","href":"https:\/\/api.w.org\/{rel}","templated":true}]}}