{"id":706,"date":"2012-10-14T20:23:11","date_gmt":"2012-10-14T20:23:11","guid":{"rendered":"http:\/\/www.sv-saupsdorf.de\/?page_id=706"},"modified":"2021-03-27T09:10:05","modified_gmt":"2021-03-27T09:10:05","slug":"5-spieltag","status":"publish","type":"page","link":"https:\/\/www.sv-saupsdorf.de\/?page_id=706","title":{"rendered":"5. Spieltag"},"content":{"rendered":"<p><strong>SV Saupsdorf \u2013 SC Einheit Bahratal-Berggie\u00dfh\u00fcbel 2. 1 : 0   (1 : 0)<\/strong><\/p>\n<p>Das Nachholspiel gegen die G\u00e4ste aus Bahratal-Berggie\u00dfh\u00fcbel 2., besuchten 95 Zuschauer und sie sollten Zeuge von einem Spiel werden, in dem die Emotionen hochkochten welche nicht unerheblich vom Schiedsrichter noch gesch\u00fcrt wurden. Der SVS begann recht munter und hatte einige gute, torgef\u00e4hrliche Szenen, doch auf unerkl\u00e4rliche Weise passte man sich dem Niveau des Gegners an und schlug die B\u00e4lle nur noch hoch nach vorn. Das Spiel fand so nur zwischen den Strafr\u00e4umen statt, wobei Saupsdorf die besseren Torm\u00f6glichkeiten hatte. In der 43. Spielminute nahm der gegnerische Torwart  den Ball nach Zuspiel vom eigenen Mann mit der Hand auf und den f\u00e4lligen Freisto\u00df aus 11 Metern konnte Starke, nach Ablage von Maetze, unter der Mauer hindurch zum goldenen Tor des Tages nutzen. So ging es in die Pause und nach dem Wechsel bot sich dem Zuschauer dasselbe Bild. \u201eKick and Rush\u201c \u2013 die B\u00e4lle wurden hoch nach vorn schlagen, fanden meist keinen Abnehmer und so kam auch kein richtiges Spiel zustande. Bahratal fiel auch nur durch ungest\u00fcmen Kampf und unsch\u00f6ne Nicklichkeiten, teilweise am Rande der Legalit\u00e4t, auf. Saupsdorf passt sich auch hier an und hielt nur noch dagegen. 10 Minuten vor Schluss begann die hektischste Zeit des Spiels. Bahratal erzielte einen Treffer doch der z\u00e4hlte nicht, da der Linienrichter Abseits anzeigte. Daraufhin bedr\u00e4ngten die G\u00e4ste den Linienrichter massiv, dies blieb allerdings ohne jegliche Folgen f\u00fcr die \u00dcbelt\u00e4ter. Der Schiedsrichter \u2013 mittlerweile ma\u00dflos \u00fcberfordert &#8211; verlor in der 85. Minute v\u00f6llig die \u00dcbersicht und schw\u00e4chte die Heimmannschaft durch Gelb\/Rot und Rot. Nach einem Foul an der Au\u00dfenlinie eskalierte es im Spiel und der Schiedsrichter \u00fcbersah eine eindeutige T\u00e4tlichkeit der G\u00e4ste aus Bahratal, welche ebenfalls Rot zufolge gehabt h\u00e4tte. Insgesamt eine schlechte Leistung vom Unparteiischen Gotthard Mutscher. Man sollte mal \u00fcberlegen ihn von einem Schiedsrichterbeobachter \u00fcberpr\u00fcfen zu lassen.<\/p>\n<p>Unsere D-Junioren haben Ihr Ausw\u00e4rtsspiel in Seeligstadt  mit 3 : 0 gewonnen und wieder 3 wichtige Punkte erk\u00e4mpft. Gl\u00fcckwunsch von uns zu dieser tollen Leistung und macht weiter so!!<\/p>\n<p><strong>F\u00fcr den SV Saupsdorf spielten:<\/strong><br \/>\nM. H\u00e4ntzschel , K. Sch\u00e4fer (55. M. Sch\u00e4fer), Mechling (55. Ehrlichmann), Kutzner, R. M\u00fcller, Starke,  Ru\u00dfig, Grandl, Reichelt, D\u00fcffort, Maetze<\/p>\n","protected":false},"excerpt":{"rendered":"<p>SV Saupsdorf \u2013 SC Einheit Bahratal-Berggie\u00dfh\u00fcbel 2. 1 : 0 (1 : 0) Das Nachholspiel gegen die G\u00e4ste aus Bahratal-Berggie\u00dfh\u00fcbel 2., besuchten 95 Zuschauer und sie sollten Zeuge von einem Spiel werden, in dem die Emotionen hochkochten welche nicht unerheblich vom Schiedsrichter noch gesch\u00fcrt wurden. Der SVS begann recht munter und hatte einige gute, torgef\u00e4hrliche [&hellip;]<\/p>\n","protected":false},"author":1,"featured_media":0,"parent":652,"menu_order":5,"comment_status":"closed","ping_status":"open","template":"","meta":{"footnotes":""},"class_list":["post-706","page","type-page","status-publish","hentry"],"_links":{"self":[{"href":"https:\/\/www.sv-saupsdorf.de\/index.php?rest_route=\/wp\/v2\/pages\/706","targetHints":{"allow":["GET"]}}],"collection":[{"href":"https:\/\/www.sv-saupsdorf.de\/index.php?rest_route=\/wp\/v2\/pages"}],"about":[{"href":"https:\/\/www.sv-saupsdorf.de\/index.php?rest_route=\/wp\/v2\/types\/page"}],"author":[{"embeddable":true,"href":"https:\/\/www.sv-saupsdorf.de\/index.php?rest_route=\/wp\/v2\/users\/1"}],"replies":[{"embeddable":true,"href":"https:\/\/www.sv-saupsdorf.de\/index.php?rest_route=%2Fwp%2Fv2%2Fcomments&post=706"}],"version-history":[{"count":0,"href":"https:\/\/www.sv-saupsdorf.de\/index.php?rest_route=\/wp\/v2\/pages\/706\/revisions"}],"up":[{"embeddable":true,"href":"https:\/\/www.sv-saupsdorf.de\/index.php?rest_route=\/wp\/v2\/pages\/652"}],"wp:attachment":[{"href":"https:\/\/www.sv-saupsdorf.de\/index.php?rest_route=%2Fwp%2Fv2%2Fmedia&parent=706"}],"curies":[{"name":"wp","href":"https:\/\/api.w.org\/{rel}","templated":true}]}}