{"id":728,"date":"2012-11-12T20:22:36","date_gmt":"2012-11-12T20:22:36","guid":{"rendered":"http:\/\/www.sv-saupsdorf.de\/?page_id=728"},"modified":"2021-03-27T09:10:54","modified_gmt":"2021-03-27T09:10:54","slug":"10-spieltag","status":"publish","type":"page","link":"https:\/\/www.sv-saupsdorf.de\/?page_id=728","title":{"rendered":"10. Spieltag"},"content":{"rendered":"<p><strong>Heidenauer SV 3. \u2013 SV Saupsdorf   3 : 2  (3 : 0)<\/strong><\/p>\n<p>Beim Spiel gegen die 3. Mannschaft von Heidenau wollte der SVS endlich wieder 3 Punkte einfahren, doch wieder kam alles ganz anders. Zu Beginn des Spiels hatte der SV Saupsdorf schon in der 7. Minute die Gro\u00dfchance durch Maetze in F\u00fchrung zu gehen, doch er scheiterte am gut aufgelegten Schlussmann der Heidenauer. Nur 2 Minuten sp\u00e4ter entschied  der  Schiedsrichter Schlemmer auf eine Abseitsposition eines Saupsdorfer Spielers. Dies war wieder einmal nicht die einzige Fehlentscheidung an diesem Tag. So langsam bekommt man das Gef\u00fchl, dass der SVS absichtlich die schlechtesten Schiedsrichter im Kreisgebiet zugewiesen bekommt. Trotzallem ist die Niederlage nicht nur am \u201eUnparteiischen\u201c fest zu manchen. Statt sich auf das Wesentliche \u2013 das Spiel \u2013 zu konzentrieren, haderte der SVS vielmehr mit den Entscheidungen des Schiedsrichters. Zwar konnte Maetze per Kopf (14.) eine weitere Chance verbuchen, doch das Tor machten die Heidenauer. Auf der linken Seite konnte der Angreifer ungehindert bis zur Grundlinie durchziehen, die anschlie\u00dfende Flanke fand einen dankbaren Abnehmer und schon stand es 1:0 (18.) f\u00fcr den Gastgeber. Wem das dann doch zu schnell ging, der bekam nur 9 Minuten sp\u00e4ter fast eine Kopie des Spielzuges geliefert. Ergebnis \u2013 2:0 f\u00fcr Heidenau. Der SVS war v\u00f6llig geschockt und in dieser Phase nicht in der Lage selbst Torchancen zu kreieren. Und so passte es auch ins Bild, dass Heidenau in der 40. Minute, aus klarer Abseitsposition, das 3:0 erzielte.<br \/>\nNach dem Seitenwechsel wollte Heidenau das Ergebnis verwalten und somit kam der SVS etwas besser ins Spiel, ohne jedoch den unbedingten Willen zu zeigen, das Spiel doch noch gewinnen zu wollen. Vielmehr fiel man mit unn\u00f6tigen Fouls und Meckereien, die gelbe Karten nach sich zogen, auf. Hoffnung keimte, als der Schiedsrichter auf Strafsto\u00df f\u00fcr den SVS entschied. Diesen verwandelte D\u00fcffort sicher zum 3:1 (75.). Heidenau setzte nur noch sporadische Konter, ohne jedoch zum Torerfolg zu kommen. In der 88. Minute konnte Ru\u00dfig sich \u00fcber rechts durchsetzen und nach innen zu D\u00fcffort passen. Dieser nutzte die Chance und erzielte das 3:2. Der SVS wachte jetzt erst auf und wollte wenigstens einen Punkt holen, doch es war viel zu sp\u00e4t daf\u00fcr. Was bleibt ist die Hoffnung dass endlich konzentriert trainiert wird und das endlich wieder in einem Spiel umgesetzt wird. Das man miteinander spielt und gemeinsam k\u00e4mpft und jeder sich auf sein K\u00f6nnen besinnt. Dies zu beweisen hat man die M\u00f6glichkeit am kommenden Samstag, im Heimspiel gegen Sch\u00f6nfeld 2. Mannschaft<\/p>\n<p><strong>F\u00fcr den SV Saupsdorf spielten:<\/strong><br \/>\nM. H\u00e4ntzschel, Hesse (56. Grandl), K. Sch\u00e4fer, Kutzner, F. M\u00fcller (70. Mechling), Starke, Ru\u00dfig, D\u00fcffort, Reichelt , Maetze, R. M\u00fcller (70. Schr\u00f6n)<\/p>\n","protected":false},"excerpt":{"rendered":"<p>Heidenauer SV 3. \u2013 SV Saupsdorf 3 : 2 (3 : 0) Beim Spiel gegen die 3. Mannschaft von Heidenau wollte der SVS endlich wieder 3 Punkte einfahren, doch wieder kam alles ganz anders. Zu Beginn des Spiels hatte der SV Saupsdorf schon in der 7. Minute die Gro\u00dfchance durch Maetze in F\u00fchrung zu gehen, [&hellip;]<\/p>\n","protected":false},"author":1,"featured_media":0,"parent":652,"menu_order":10,"comment_status":"closed","ping_status":"open","template":"","meta":{"footnotes":""},"class_list":["post-728","page","type-page","status-publish","hentry"],"_links":{"self":[{"href":"https:\/\/www.sv-saupsdorf.de\/index.php?rest_route=\/wp\/v2\/pages\/728","targetHints":{"allow":["GET"]}}],"collection":[{"href":"https:\/\/www.sv-saupsdorf.de\/index.php?rest_route=\/wp\/v2\/pages"}],"about":[{"href":"https:\/\/www.sv-saupsdorf.de\/index.php?rest_route=\/wp\/v2\/types\/page"}],"author":[{"embeddable":true,"href":"https:\/\/www.sv-saupsdorf.de\/index.php?rest_route=\/wp\/v2\/users\/1"}],"replies":[{"embeddable":true,"href":"https:\/\/www.sv-saupsdorf.de\/index.php?rest_route=%2Fwp%2Fv2%2Fcomments&post=728"}],"version-history":[{"count":0,"href":"https:\/\/www.sv-saupsdorf.de\/index.php?rest_route=\/wp\/v2\/pages\/728\/revisions"}],"up":[{"embeddable":true,"href":"https:\/\/www.sv-saupsdorf.de\/index.php?rest_route=\/wp\/v2\/pages\/652"}],"wp:attachment":[{"href":"https:\/\/www.sv-saupsdorf.de\/index.php?rest_route=%2Fwp%2Fv2%2Fmedia&parent=728"}],"curies":[{"name":"wp","href":"https:\/\/api.w.org\/{rel}","templated":true}]}}