{"id":853,"date":"2013-06-16T20:01:02","date_gmt":"2013-06-16T20:01:02","guid":{"rendered":"http:\/\/www.sv-saupsdorf.de\/?page_id=853"},"modified":"2021-03-27T09:13:17","modified_gmt":"2021-03-27T09:13:17","slug":"25-spieltag","status":"publish","type":"page","link":"https:\/\/www.sv-saupsdorf.de\/?page_id=853","title":{"rendered":"25. Spieltag"},"content":{"rendered":"<p><strong>SV Saupsdorf    \u2013   SSV Neustadt\/Sachsen 2.   5 : 0  (4 : 0) <\/strong><\/p>\n<p>Bei sommerlichen Temperaturen und sch\u00f6nen Wetter, empfing der SVS  den SSV Neustadt 2. zum Derby in Hinterhermsdorf. An dieser Stelle ein herzliches Dankesch\u00f6n dem SV 97 Hinterhermsdorf f\u00fcr die herzliche Gastfreundschaft und die super Bewirtung aller G\u00e4ste und Spieler. Wir kommen gern zu Euch, Danke!! Das Spiel begann mit einer ersten gro\u00dfen Chance in der 4. Minute f\u00fcr Neustadt, die jedoch vom Keeper im Saupsdorfer Kasten entsch\u00e4rft wurde. Der SVS spielte gef\u00e4llig im Spiel nach vorn, konnte aber noch nichts Zwingendes erreichen. In der 15. Minute wurde Maetze im Strafraum gefoult und den f\u00e4lligen Strafsto\u00df wuchtete Frenzel unter die Latte zum 1:0. Zwei Minuten sp\u00e4ter ging D\u00fcffort \u00fcber rechts durch, im 16 Meterraum bis zur Grundlinie und passte scharf nach innen, sodass der Abwehrversuch vom Torwart im eigenen Netz landete zum 2:0. Mit dieser F\u00fchrung im R\u00fccken spielte es sich leichter f\u00fcr den SVS, doch Neustadt blieb immer gef\u00e4hrlich in Konterspiel. In der 22. Minute wurde Schiekel im Strafraum erneut regelwidrig von den Beinen geholt und den Strafsto\u00df verwandelte Frenzel souver\u00e4n vom Punkt zum 3:0. Neustadt gab aber nicht auf sondern spielte weiterhin gut mit, hatte aber das Pech, das der Schiri in der 40. Minute nach einem Handspiel im Strafraum erneut auf den Elfmeterpunkt zeigte und den auch Ru\u00dfig zum 4:0 Pausenstand verwandelte.<br \/>\nNach dem Seitenwechsel spielte Neustadt besser  und der SVS lie\u00df sie gew\u00e4hren. Meist spielte sich das Geschehen zwischen den Strafr\u00e4umen ab. In der 83. Minute bediente Prosche Schiekel mit einem hervorragenden Pass in die Tiefe  und dieser nutzte die Chance und zog flach in die lange linke Ecke ab und erzielte das 5:0. Neustadt hatte die gro\u00dfe Chance zum verdienten Ehrentreffer zu kommen, in der 89. Minute als Neustadt v\u00f6llig frei im F\u00fcnfmeterraum stand, den Ball aber nicht am gl\u00e4nzend haltenden Torwart H\u00e4ntzschel vorbei brachte. So gewann man mit f\u00fcnf Toren Unterschied verdient, aber Neustadt war keineswegs ein schwacher Gegner. Am Sonntag, den 30.06. trifft der SVS um 13:00 Uhr in seinem letzten Spiel in dieser Saison auf den Aufsteiger in die Kreisliga Langburkersdorf vor heimischem Publikum. Hier hei\u00dft es, die letzten Kr\u00e4fte zu mobilisieren und sich mit einem guten Spiel und 3 Punkten in die Sommerpause zu verabschieden.<\/p>\n<p><strong>F\u00fcr den SV Saupsdorf spielten: <\/strong><br \/>\nM. H\u00e4ntzschel, Kutzner, Prosche, K. Sch\u00e4fer, R. M\u00fcller (68. Reichelt), Frenzel (73. Starke), Ru\u00dfig, Grandl, D\u00fcffort (61. Meintzschel), Schiekel, Maetze<\/p>\n","protected":false},"excerpt":{"rendered":"<p>SV Saupsdorf \u2013 SSV Neustadt\/Sachsen 2. 5 : 0 (4 : 0) Bei sommerlichen Temperaturen und sch\u00f6nen Wetter, empfing der SVS den SSV Neustadt 2. zum Derby in Hinterhermsdorf. An dieser Stelle ein herzliches Dankesch\u00f6n dem SV 97 Hinterhermsdorf f\u00fcr die herzliche Gastfreundschaft und die super Bewirtung aller G\u00e4ste und Spieler. Wir kommen gern zu [&hellip;]<\/p>\n","protected":false},"author":1,"featured_media":0,"parent":652,"menu_order":25,"comment_status":"closed","ping_status":"open","template":"","meta":{"footnotes":""},"class_list":["post-853","page","type-page","status-publish","hentry"],"_links":{"self":[{"href":"https:\/\/www.sv-saupsdorf.de\/index.php?rest_route=\/wp\/v2\/pages\/853","targetHints":{"allow":["GET"]}}],"collection":[{"href":"https:\/\/www.sv-saupsdorf.de\/index.php?rest_route=\/wp\/v2\/pages"}],"about":[{"href":"https:\/\/www.sv-saupsdorf.de\/index.php?rest_route=\/wp\/v2\/types\/page"}],"author":[{"embeddable":true,"href":"https:\/\/www.sv-saupsdorf.de\/index.php?rest_route=\/wp\/v2\/users\/1"}],"replies":[{"embeddable":true,"href":"https:\/\/www.sv-saupsdorf.de\/index.php?rest_route=%2Fwp%2Fv2%2Fcomments&post=853"}],"version-history":[{"count":0,"href":"https:\/\/www.sv-saupsdorf.de\/index.php?rest_route=\/wp\/v2\/pages\/853\/revisions"}],"up":[{"embeddable":true,"href":"https:\/\/www.sv-saupsdorf.de\/index.php?rest_route=\/wp\/v2\/pages\/652"}],"wp:attachment":[{"href":"https:\/\/www.sv-saupsdorf.de\/index.php?rest_route=%2Fwp%2Fv2%2Fmedia&parent=853"}],"curies":[{"name":"wp","href":"https:\/\/api.w.org\/{rel}","templated":true}]}}