{"id":887,"date":"2013-09-23T21:29:33","date_gmt":"2013-09-23T21:29:33","guid":{"rendered":"http:\/\/www.sv-saupsdorf.de\/?page_id=887"},"modified":"2021-03-27T09:15:14","modified_gmt":"2021-03-27T09:15:14","slug":"2-spieltag","status":"publish","type":"page","link":"https:\/\/www.sv-saupsdorf.de\/?page_id=887","title":{"rendered":"2. Spieltag"},"content":{"rendered":"<p><strong>SSV Neustadt\/Sachsen 2.  \u2013   SV Saupsdorf    1 : 3  (0 : 1) <\/strong><\/p>\n<p>Im ersten Ausw\u00e4rtspiel in der neuen Saison, musste der SVS beim SSV Neustadt 2. Mannschaft antreten. Bei sonnigem Wetter und auf dem Rasen, begann der SVS engagierter und spielte sich gute Chancen in Halbzeit eins heraus. Neustadt kam nur sporadisch vor den Saupsdorfer Kasten und konnte aber keine echte Chance herausspielen, geschweige denn in Tore umm\u00fcnzen. Saupsdorf erspielte sich gute und klare Torm\u00f6glichkeiten und konnte nur eine einzige in der 43. Minute durch Frenzel zum 0:1 verwerten. Allein vier Gro\u00dfchancen wurden in der ersten Halbzeit nicht genutzt und so musste man sich mit der mageren F\u00fchrung in die Pause begeben.<br \/>\nDie zweite Halbzeit verlief fast wie die erste und der SVS ging weiter fahrl\u00e4ssig mit der Chancenverwertung um. So dauerte es bis zur 79. Minute, ehe Ru\u00dfig mit einem sch\u00f6nen Schlenzer aus 16 m hoch ins linke Toreck das erl\u00f6sende 0:2 erzielte. Das gab noch mehr Sicherheit und der eingewechselte Maetze konnte in der 89. Minute, nach gl\u00e4nzendem Steilpass von Reichelt, flach zum 0:3 erh\u00f6hen. In der Nachspielzeit kamen die Neust\u00e4dter zu ihrem Ehrentreffer durch Beck, nach einem Abwehrfehler  und einem zu z\u00f6gerlich agierenden  Torwart. Am kommenden Samstag hei\u00dft es jetzt genau so couragiert und engagiert zur Sache zu gehen, um vor heimischem Publikum wieder 3 Punkte einzufahren.<\/p>\n<p><strong>F\u00fcr den SV Saupsdorf spielten: <\/strong><br \/>\nMartin Sturm, Hesse (35. R. M\u00fcller), Kutzner, Prosche, K. Sch\u00e4fer, Reichelt, D\u00fcffort, Ru\u00dfig (83. Ehrlichmann), Schiekel, Meintzschel, Frenzel(63. Maetze)<\/p>\n","protected":false},"excerpt":{"rendered":"<p>SSV Neustadt\/Sachsen 2. \u2013 SV Saupsdorf 1 : 3 (0 : 1) Im ersten Ausw\u00e4rtspiel in der neuen Saison, musste der SVS beim SSV Neustadt 2. Mannschaft antreten. Bei sonnigem Wetter und auf dem Rasen, begann der SVS engagierter und spielte sich gute Chancen in Halbzeit eins heraus. Neustadt kam nur sporadisch vor den Saupsdorfer [&hellip;]<\/p>\n","protected":false},"author":1,"featured_media":0,"parent":883,"menu_order":2,"comment_status":"closed","ping_status":"open","template":"","meta":{"footnotes":""},"class_list":["post-887","page","type-page","status-publish","hentry"],"_links":{"self":[{"href":"https:\/\/www.sv-saupsdorf.de\/index.php?rest_route=\/wp\/v2\/pages\/887","targetHints":{"allow":["GET"]}}],"collection":[{"href":"https:\/\/www.sv-saupsdorf.de\/index.php?rest_route=\/wp\/v2\/pages"}],"about":[{"href":"https:\/\/www.sv-saupsdorf.de\/index.php?rest_route=\/wp\/v2\/types\/page"}],"author":[{"embeddable":true,"href":"https:\/\/www.sv-saupsdorf.de\/index.php?rest_route=\/wp\/v2\/users\/1"}],"replies":[{"embeddable":true,"href":"https:\/\/www.sv-saupsdorf.de\/index.php?rest_route=%2Fwp%2Fv2%2Fcomments&post=887"}],"version-history":[{"count":0,"href":"https:\/\/www.sv-saupsdorf.de\/index.php?rest_route=\/wp\/v2\/pages\/887\/revisions"}],"up":[{"embeddable":true,"href":"https:\/\/www.sv-saupsdorf.de\/index.php?rest_route=\/wp\/v2\/pages\/883"}],"wp:attachment":[{"href":"https:\/\/www.sv-saupsdorf.de\/index.php?rest_route=%2Fwp%2Fv2%2Fmedia&parent=887"}],"curies":[{"name":"wp","href":"https:\/\/api.w.org\/{rel}","templated":true}]}}